{"id":964,"date":"2023-06-30T03:25:45","date_gmt":"2023-06-30T03:25:45","guid":{"rendered":"https:\/\/www.mapma.com.br\/abrigo\/?page_id=964"},"modified":"2023-11-28T14:04:21","modified_gmt":"2023-11-28T14:04:21","slug":"seguro-de-frota","status":"publish","type":"page","link":"https:\/\/www.mapma.com.br\/abrigo\/seguro-de-frota\/","title":{"rendered":"Seguro de Frota"},"content":{"rendered":"\t\t<div data-elementor-type=\"wp-page\" data-elementor-id=\"964\" class=\"elementor elementor-964\" data-elementor-post-type=\"page\">\n\t\t\t\t<div class=\"elementor-element elementor-element-5ced754 e-flex e-con-boxed e-con e-parent\" data-id=\"5ced754\" data-element_type=\"container\" data-e-type=\"container\" data-settings=\"{&quot;background_background&quot;:&quot;classic&quot;}\">\n\t\t\t\t\t<div class=\"e-con-inner\">\n\t\t<div class=\"elementor-element elementor-element-8915d03 e-con-full e-flex e-con e-child\" data-id=\"8915d03\" data-element_type=\"container\" data-e-type=\"container\">\n\t\t\t\t<div class=\"elementor-element elementor-element-0a02680 elementor-widget elementor-widget-heading\" data-id=\"0a02680\" data-element_type=\"widget\" data-e-type=\"widget\" data-widget_type=\"heading.default\">\n\t\t\t\t<div class=\"elementor-widget-container\">\n\t\t\t\t\t<h2 class=\"elementor-heading-title elementor-size-default\">Frota de Viaturas\nda MB<\/h2>\t\t\t\t<\/div>\n\t\t\t\t<\/div>\n\t\t\t\t<\/div>\n\t\t\t\t\t<\/div>\n\t\t\t\t<\/div>\n\t\t<div class=\"elementor-element elementor-element-1070220 e-flex e-con-boxed e-con e-parent\" data-id=\"1070220\" data-element_type=\"container\" data-e-type=\"container\" data-settings=\"{&quot;background_background&quot;:&quot;classic&quot;}\">\n\t\t\t\t\t<div class=\"e-con-inner\">\n\t\t\t\t<div class=\"elementor-element elementor-element-60b2d86 elementor-widget__width-initial elementor-widget elementor-widget-text-editor\" data-id=\"60b2d86\" data-element_type=\"widget\" data-e-type=\"widget\" data-widget_type=\"text-editor.default\">\n\t\t\t\t<div class=\"elementor-widget-container\">\n\t\t\t\t\t\t\t\t\t<p><strong>CONDI\u00c7\u00d5ES DE COMERCIALIZA\u00c7\u00c3O DO SEGURO DE FROTA PARA VIATURAS DA MB<\/strong><\/p><p><strong>1. DADOS DA SEGURADORA<\/strong><\/p><p><strong>1.1. Raz\u00e3o Social:\u00a0<\/strong>Allianz Seguros S\/A<br \/><strong>1.2. CNPJ:\u00a0<\/strong>61.573.796\/0001-66<br \/><strong>1.3.<\/strong>\u00a0<strong>SUSEP:\u00a0<\/strong>5177<br \/><strong>1.4. Telefone:\u00a0<\/strong>(21) 3212-9964<br \/><strong>1.5. Endere\u00e7o:\u00a0<\/strong>Av. Rio Branco n\u00ba 1, sala 1607 \u2013 Centro \u2013 RJ<br \/><strong>1.6. Dados Banc\u00e1rios:\u00a0<\/strong>Banco 237 \/ Ag\u00eancia 2374-4 \/ N\u00ba da Conta: 139.646-3 \/C\u00f3digo de identifica\u00e7\u00e3o: CNPJ da OM depositante<\/p><p><strong>2. DADOS DO INTERVENIENTE<\/strong><\/p><p><strong>2.1. Nome da Empresa:\u00a0<\/strong>ABRIGO DO MARINHEIRO \u201cAMN\u201d (Associa\u00e7\u00e3o privada, sem fins lucrativos, considerada de utilidade p\u00fablica).<br \/><strong>2.2. CNPJ:<\/strong>\u00a072.063.654\/0001-75<br \/><strong>2.3. Telefone:<\/strong>\u00a0(21)2233-7003 \/ 0679<\/p><p><strong>3. DADOS DA CORRETORA<\/strong><\/p><p><strong>3.1. Corretora:\u00a0\u00a0<\/strong>MAPMA CORRETORA DE SEGUROS E CONSULTORIA LTDA<br \/><strong>3.2. CNPJ:<\/strong>\u00a0 06.865.397\/0001-60<br \/><strong>3.3. C\u00f3d. SUSEP:<\/strong>\u00a0100616176<br \/><strong>3.4. Telefone:<\/strong>\u00a0(21) 2216-4800<\/p><p><strong>4. FROTA DE VIATURAS ADMINISTRATIVAS DA MARINHA DO BRASIL<\/strong><\/p><p><strong>4.1<\/strong>\u00a0\u2013 As presentes Condi\u00e7\u00f5es s\u00e3o aplic\u00e1veis aos ve\u00edculos de passeio, utilit\u00e1rios urbanos, com no m\u00e1ximo, 20 (vinte) anos de fabrica\u00e7\u00e3o.<\/p><ul><li><strong>4.1.1<\/strong>\u00a0\u2013 Os caminh\u00f5es com carrocerias convencionais ser\u00e3o aceitos, desde que tenham o ano de fabrica\u00e7\u00e3o igual ou superior a 2015.<\/li><li><strong>4.1.2<\/strong>\u00a0\u2013 Esse conjunto de ve\u00edculos destinados ao transporte de carga ou pessoas \u00e9 designado genericamente de viaturas (VTR).<\/li><\/ul><p><strong>4.2<\/strong>\u00a0\u2013 As VTR tipo vans, cuja lota\u00e7\u00e3o seja de at\u00e9 16 (dezesseis) pessoas, ser\u00e3o consideradas como utilit\u00e1rios para fins de enquadramento na tabela do subitem 5.2.. Acima dessa lota\u00e7\u00e3o ser\u00e3o classificadas como micro-\u00f4nibus.<\/p><p><strong>4.3<\/strong>\u00a0\u2013 S\u00e3o eleg\u00edveis para a contrata\u00e7\u00e3o do seguro de FROTA DE VIATURAS ADMINISTRATIVAS DA MARINHA, as VTR de transporte administrativo pertencentes \u00e0s pessoas jur\u00eddicas da Marinha, incluindo-se a Empresa Gerencial de Projetos Navais \u2013 EMGEPRON, a Amaz\u00f4nia Azul Tecnologia de Defesa S\/A \u2013 (AMAZUL) e o Abrigo do Marinheiro \u2013 AMN. N\u00e3o ser\u00e3o aceitas as viaturas especiais, do tipo cambur\u00e3o, caminh\u00e3o munck e carros de bombeiros.<\/p><p><strong>5. CONDI\u00c7\u00d5ES COMERCIAIS<\/strong><strong>\u00a0<\/strong><\/p><p><strong>5.1. Tipos de coberturas, pr\u00eamios e limites financeiros das coberturas praticadas<br \/><\/strong>S\u00e3o admitidas as seguintes coberturas:<\/p><p><strong>5.1.1.)\u00a0<\/strong><strong>Compreensiva<\/strong>\u00a0\u2013 cobertura para colis\u00e3o, inc\u00eandio e roubo\/furto, que incidir\u00e1 sobre danos no ve\u00edculo causados por alagamentos, inunda\u00e7\u00f5es, desmoronamentos, deslizamentos ou outras intemp\u00e9ries desse g\u00eanero.<\/p><ul><li><strong>5.1.1.1.\u00a0<\/strong>O valor de refer\u00eancia adotado para a defini\u00e7\u00e3o da Import\u00e2ncia Segurada (IS) do \u201ccasco\u201d, para o correspondente modelo, ser\u00e1 de 100% (cem por cento) do estabelecido pela TABELA FIPE vigente na data da contrata\u00e7\u00e3o do seguro.<\/li><li><strong>5.1.1.2<\/strong>. N\u00e3o havendo cota\u00e7\u00e3o para o modelo da VTR na TABELA FIPE, ser\u00e1 aplicado o valor determinado, obtido pela m\u00e9dia de pre\u00e7o de modelos similares, para o estabelecimento da I.S.<\/li><\/ul><p><strong>5.1.2. RCF-V (Responsabilidade Civil Facultativa \u2013 Ve\u00edculos) \u2013\u00a0<\/strong>import\u00e2ncia segurada destinada para cobrir danos materiais (DM) e danos corporais (DC), causados a terceiros em decorr\u00eancia do sinistro envolvendo a VTR segurada.<\/p><ul><li><strong>5.1.2.1<\/strong>. Tanto para as VTR de passeio como para os utilit\u00e1rios, as import\u00e2ncias estabelecidas para o DM e o DC s\u00e3o de R$ 100.000,00 (cem mil reais) cada.<\/li><li><strong>5.1.2.2.<\/strong>\u00a0Para caminh\u00f5es as import\u00e2ncias estabelecidas para o DM e o DC s\u00e3o de R$ 200.000,00 (duzentos mil reais) cada.<\/li><\/ul><p><strong>5.1.3. APP-V (Acidentes Pessoais de Passageiro \u2013 Ve\u00edculo)<\/strong>\u00a0\u2013 import\u00e2ncia segurada destinada para cobrir danos aos passageiros da VTR, at\u00e9 o limite da sua lota\u00e7\u00e3o oficial. Ela prev\u00ea indeniza\u00e7\u00e3o em acidentes onde haja morte e\/ou invalidez (total ou parcial), causadas \u00fanica e exclusivamente de forma acidental.<\/p><ul><li><strong>5.1.3.1.<\/strong>\u00a0O valor por passageiro \u00e9 de R$ 10.000,00 (dez mil reais), para os passageiros dos caminh\u00f5es.<\/li><\/ul>\t\t\t\t\t\t\t\t<\/div>\n\t\t\t\t<\/div>\n\t\t\t\t<div class=\"elementor-element elementor-element-1cbd499 elementor-widget__width-initial elementor-widget elementor-widget-text-editor\" data-id=\"1cbd499\" data-element_type=\"widget\" data-e-type=\"widget\" data-widget_type=\"text-editor.default\">\n\t\t\t\t<div class=\"elementor-widget-container\">\n\t\t\t\t\t\t\t\t\t<div class=\"wpb_text_column wpb_content_element \"><div class=\"wpb_wrapper\"><p><strong>5.2. Pr\u00eamios<\/strong><\/p><p>Os valores dos pr\u00eamios das garantias do \u201ccasco\u201d e dos seguros de RCF-V e APP-V, para os tipos de VTR eleg\u00edveis para o seguro est\u00e3o especificados na tabela abaixo:<\/p><\/div><\/div>\t\t\t\t\t\t\t\t<\/div>\n\t\t\t\t<\/div>\n\t\t\t\t<div class=\"elementor-element elementor-element-bca2eea elementor-widget__width-initial elementor-widget elementor-widget-image\" data-id=\"bca2eea\" data-element_type=\"widget\" data-e-type=\"widget\" data-widget_type=\"image.default\">\n\t\t\t\t<div class=\"elementor-widget-container\">\n\t\t\t\t\t\t\t\t\t\t\t\t\t\t\t<img fetchpriority=\"high\" decoding=\"async\" width=\"1412\" height=\"591\" src=\"https:\/\/www.mapma.com.br\/abrigo\/wp-content\/uploads\/2023\/07\/planilha-seguro-frota.png\" class=\"attachment-full size-full wp-image-1543\" alt=\"\" srcset=\"https:\/\/www.mapma.com.br\/abrigo\/wp-content\/uploads\/2023\/07\/planilha-seguro-frota.png 1412w, https:\/\/www.mapma.com.br\/abrigo\/wp-content\/uploads\/2023\/07\/planilha-seguro-frota-300x126.png 300w, https:\/\/www.mapma.com.br\/abrigo\/wp-content\/uploads\/2023\/07\/planilha-seguro-frota-1024x429.png 1024w, https:\/\/www.mapma.com.br\/abrigo\/wp-content\/uploads\/2023\/07\/planilha-seguro-frota-768x321.png 768w\" sizes=\"(max-width: 1412px) 100vw, 1412px\" \/>\t\t\t\t\t\t\t\t\t\t\t\t\t\t\t<\/div>\n\t\t\t\t<\/div>\n\t\t\t\t<div class=\"elementor-element elementor-element-648b22e elementor-widget__width-initial elementor-widget elementor-widget-text-editor\" data-id=\"648b22e\" data-element_type=\"widget\" data-e-type=\"widget\" data-widget_type=\"text-editor.default\">\n\t\t\t\t<div class=\"elementor-widget-container\">\n\t\t\t\t\t\t\t\t\t<div><strong>OBS:\u00a0\u00a0<\/strong><br \/>a)\u00a0Desde junho\/2023, n\u00e3o est\u00e3o sendo mais realizados seguros das VTR tipo ambul\u00e2ncia, \u00f4nibus e micro-\u00f4nibus.<\/div><div>b) Desde 10\/06\/2023, a seguradora restringiu a aceita\u00e7\u00e3o de seguros para os utilit\u00e1rios Mitsubishi L200.\u00a0\u00a0<\/div>\t\t\t\t\t\t\t\t<\/div>\n\t\t\t\t<\/div>\n\t\t\t\t<div class=\"elementor-element elementor-element-561ce3e elementor-widget__width-initial elementor-widget elementor-widget-text-editor\" data-id=\"561ce3e\" data-element_type=\"widget\" data-e-type=\"widget\" data-widget_type=\"text-editor.default\">\n\t\t\t\t<div class=\"elementor-widget-container\">\n\t\t\t\t\t\t\t\t\t<p><strong>5.2.1. Viaturas com blindagem \u2013<\/strong>\u00a0o valor do pr\u00eamio da blindagem ser\u00e1 calculado separadamente do valor do \u201ccasco\u201d, em fun\u00e7\u00e3o do n\u00edvel da blindagem.<\/p><p><strong>5.3. Franquias<\/strong><\/p><p>A franquia praticada para a carteira de FROTA DE VIATURAS ADMINISTRATIVAS DA MARINHA ser\u00e1 a franquia REDUZIDA.<\/p><p><strong>5.3.1.<\/strong>\u00a0O valor da franquia ser\u00e1 o correspondente \u00e0 50% (cinquenta por cento) do valor da franquia normal, para o modelo do ve\u00edculo segurado, vigente e aplicado pela SEGURADORA por ocasi\u00e3o da contrata\u00e7\u00e3o do seguro.<\/p><p><strong>5.3.2<\/strong>\u00a0\u2013 A utiliza\u00e7\u00e3o das oficinas referenciadas, al\u00e9m de outros benef\u00edcios, ainda permite mais desconto na franquia. O valor do desconto pode ser consultado pelo site\u00a0<a href=\"https:\/\/web.archive.org\/web\/20210121211322\/https:\/\/www.allianz.com.br\/oficinas-credenciadas\" target=\"_blank\" rel=\"noopener\">https:\/\/www.allianz.com.br\/oficinas-credenciadas<\/a>\u00a0ou obtido diretamente na\u00a0<strong>CORRETORA<\/strong>.<\/p><p><strong>5.4. Assist\u00eancia 24 horas<\/strong><\/p><p><strong>5.4.1<\/strong>. Prestada exclusivamente ao reboque da VTR segurada em caso de imobiliza\u00e7\u00e3o por pane ou acidente.<\/p><p><strong>5.4.2.<\/strong>\u00a0O limite da assist\u00eancia \u00e9 de 3 (tr\u00eas) reboques por pane ou acidente, por VTR, durante o per\u00edodo de vig\u00eancia da ap\u00f3lice.<\/p><p><strong>5.4.3.<\/strong>\u00a0O reboque ser\u00e1 gratuito quando o servi\u00e7o for prestado dentro do raio de 500 (quinhentos) quil\u00f4metros, considerando-se o local da apanha e o local de destino da VTR imobilizada.<\/p><p><strong>5.4.4.<\/strong>\u00a0O acionamento da Assist\u00eancia 24 horas deve ser feito diretamente \u00e0\u00a0<strong>SEGURADORA<\/strong>\u00a0pelos telefones disponibilizados para esse fim.<\/p><p><strong>5.5. Ocorr\u00eancia de Sinistro<\/strong><\/p><p><strong>5.5.1.<\/strong>\u00a0O aviso de sinistro deve ser feito diretamente \u00e0\u00a0<strong>SEGURADORA<\/strong>\u00a0pelos telefones disponibilizados para esse fim e comunicado \u00e0\u00a0<strong>CORRETORA<\/strong>\u00a0para que esta apoie a pessoa jur\u00eddica contratante no que for necess\u00e1rio.<\/p><p><strong>5.5.2.<\/strong>\u00a0A VTR sinistrada dever\u00e1 ser direcionada a uma das oficinas referenciadas, caso n\u00e3o possua mais a garantia da montadora, caso contr\u00e1rio, deve ser direcionada a uma oficina da rede autorizada da montadora da VTR.<\/p><p><strong>5.5.3.<\/strong>\u00a0A rela\u00e7\u00e3o das oficinas referenciadas pode ser encontrada no endere\u00e7o eletr\u00f4nico\u00a0\u00a0<a href=\"https:\/\/web.archive.org\/web\/20210121211322\/https:\/\/www.allianz.com.br\/oficinas-credenciadas\" target=\"_blank\" rel=\"noopener\">https:\/\/www.allianz.com.br\/oficinas-credenciadas<\/a>\u00a0ou pode ser fornecida pela\u00a0<strong>CORRETORA<\/strong>.<\/p><p><span style=\"text-decoration: underline;\"><strong>Importante:<\/strong><\/span> <br \/>Recomenda-se que a OM, antes de recolher o ve\u00edculo \u00e0 oficina para or\u00e7amento, verifique se a oficina escolhida aceita o pagamento da franquia mediante &#8220;empenho&#8221;, caso seja essa a op\u00e7\u00e3o de pagamento da OM.\u00a0 Isto porque o pagamento da franquia dever\u00e1 ser feito diretamente \u00e0 oficina, n\u00e3o havendo possibilidade de a seguradora ou a corretora intervirem na forma de pagamento a ser aceita pelas oficinas.<\/p><p><strong>5.6. Contrata\u00e7\u00e3o do Seguro<\/strong><\/p><p><strong>5.6.1<\/strong>. A pessoa jur\u00eddica interessada em contratar o seguro da VTR dever\u00e1 observar os seguintes procedimentos:<\/p><p><strong>a)<\/strong>\u00a0A vistoria pr\u00e9via ser\u00e1 dispensada, mediante declara\u00e7\u00e3o da pessoa jur\u00eddica sobre a integridade da VTR.<\/p><p><strong>b)<\/strong>\u00a0Para as VTR 0km deve apresentada previamente a nota fiscal com a data e hora de sa\u00edda do ve\u00edculo da concession\u00e1ria;<\/p><p><strong>c)<\/strong>\u00a0Fornecer uma c\u00f3pia simples dos seguintes documentos:<\/p><ol><li>Certificado de Registro e Licenciamento do Ve\u00edculo (CRLV), dentro da validade; e<\/li><li>Termo de Responsabilidade, devidamente preenchido.<\/li><\/ol><p><strong>5.6.2<\/strong>. Ap\u00f3s o atendimento das exig\u00eancias constantes do subitem 5.6.1, a\u00a0<strong>CORRETORA<\/strong>\u00a0lan\u00e7ar\u00e1 a VTR na planilha de inclus\u00e3o\u00a0e emitir\u00e1 a Declara\u00e7\u00e3o de In\u00edcio de Cobertura, atestando a contrata\u00e7\u00e3o do seguro.<\/p><p><strong>5.6.3<\/strong>. A efetiva\u00e7\u00e3o da contrata\u00e7\u00e3o do seguro estar\u00e1 condicionada aos crit\u00e9rios normalmente praticados pela\u00a0<strong>SEGURADORA\u00a0<\/strong>para a aceita\u00e7\u00e3o do risco.<\/p><p><strong>5.6.4.<\/strong>\u00a0Para as renova\u00e7\u00f5es do seguro, desde que n\u00e3o haja interrup\u00e7\u00e3o de vig\u00eancia, a pessoa jur\u00eddica dever\u00e1, apenas, apresentar o Termo especificado no subitem 5.6.1, al\u00ednea c, inciso II.<\/p><p><strong>5.7. Ap\u00f3lice e vig\u00eancia do seguro<\/strong><\/p><p><strong>5.7.1.<\/strong>\u00a0As VTR com vig\u00eancia do seguro no mesmo m\u00eas, ser\u00e3o agrupadas pelos respectivos CNPJ, numa \u00fanica ap\u00f3lice.<\/p><p><strong>5.7.2.<\/strong>\u00a0A data de vig\u00eancia da ap\u00f3lice citada no subitem anterior ter\u00e1 a vig\u00eancia de 12 (doze) meses, com a data de in\u00edcio correspondente \u00e0 data mais tarde dentre as VTR agrupadas.<\/p><p><strong>5.7.3.<\/strong>\u00a0A ap\u00f3lice \u00e9 o documento que evidencia o contrato de seguro e comprova o seu pagamento, al\u00e9m de servir como documento comprobat\u00f3rio da despesa realizada pela pessoa jur\u00eddica, cujo o IOF \u00e9 dispensado do pagamento.<\/p><p><strong>5.7.4.<\/strong>\u00a0A\u00a0<strong>SEGURADORA<\/strong>\u00a0n\u00e3o emite nota fiscal. Normalmente as notas fiscais s\u00e3o emitidas quando h\u00e1 circula\u00e7\u00e3o de mercadorias e presta\u00e7\u00e3o de servi\u00e7os, inclusive energia el\u00e9trica e telefonia. Ocorre que a contrata\u00e7\u00e3o de seguro n\u00e3o \u00e9 presta\u00e7\u00e3o de servi\u00e7os, e sim contrato equiparado a\u00a0<strong><u>opera\u00e7\u00e3o financeira<\/u><\/strong>. Para os contratos de seguros o tributo \u00e9 o IOF, imposto de compet\u00eancia da Uni\u00e3o Federal (<a href=\"https:\/\/web.archive.org\/web\/20210121211322\/http:\/\/www.planalto.gov.br\/ccivil_03\/constituicao\/constituicaocompilado.htm\" target=\"_blank\" rel=\"noopener\">Constitui\u00e7\u00e3o Federal, art. 153, inc. V<\/a>).<\/p><p>As obriga\u00e7\u00f5es acess\u00f3rias referentes a esse tributo est\u00e3o previstas no Regulamento do IOF \u2013 RIOF (<a href=\"https:\/\/web.archive.org\/web\/20210121211322\/http:\/\/www.planalto.gov.br\/ccivil_03\/_ato2007-2010\/2007\/decreto\/D6306.htm\" target=\"_blank\" rel=\"noopener\">Decreto n\u00ba 6.306\/2007<\/a>), e n\u00e3o est\u00e3o sujeitas a emiss\u00e3o de nota fiscal. O documento obrigat\u00f3rio \u00e9 a ap\u00f3lice de seguros ou bilhete, nos termos do\u00a0<a href=\"https:\/\/web.archive.org\/web\/20210121211322\/http:\/\/www.planalto.gov.br\/ccivil_03\/leis\/2002\/L10406compilada.htm\" target=\"_blank\" rel=\"noopener\">art. 758 do C\u00f3digo Civil<\/a>. Por isso, seguradoras n\u00e3o emitem nota fiscal. Portanto, compete-lhes emitir apenas a ap\u00f3lice.<\/p><p><strong>5.8. In\u00edcio da Cobertura<\/strong><\/p><p>A cobertura ter\u00e1 in\u00edcio nas seguintes datas, conforme o caso:<\/p><ol><li>da data constante da Declara\u00e7\u00e3o de In\u00edcio de Cobertura; ou<\/li><li>da retirada do ve\u00edculo da concession\u00e1ria, se 0km.<\/li><\/ol><p><strong>5.9. Pagamento do Pr\u00eamio<\/strong><\/p><p><strong>5.9.1.<\/strong>\u00a0Ap\u00f3s a aceita\u00e7\u00e3o do risco, a\u00a0<strong>SEGURADORA<\/strong>\u00a0emitir\u00e1 a ap\u00f3lice e o boleto, este, com vencimento a 30 (trinta) dias da data de emiss\u00e3o da ap\u00f3lice.<\/p><p><strong>5.9.2.<\/strong>\u00a0 O pagamento dever\u00e1 ser feito \u00e0 vista, com cr\u00e9dito ou transfer\u00eancia para a conta corrente da\u00a0<strong>SEGURADORA<\/strong>,\u00a0<u>at\u00e9 a data de vencimento do boleto<\/u><strong>,\u00a0<\/strong>a fim de evitar o cancelamento da ap\u00f3lice, a qual pode conter mais de uma VTR segurada.<\/p><p><strong>5.10. Endossos para cancelamento e substitui\u00e7\u00e3o<\/strong><\/p><p><strong>5.10.1.<\/strong>\u00a0O cancelamento do seguro ou a substitui\u00e7\u00e3o da VTR poder\u00e1 ser solicitado a qualquer \u00e9poca, durante a vig\u00eancia da ap\u00f3lice, mediante requisi\u00e7\u00e3o de endosso junto \u00e0\u00a0<strong>CORRETORA<\/strong>.<br \/><strong>5.10.2.<\/strong>\u00a0No caso de cancelamento a pedido da pessoa jur\u00eddica, o c\u00e1lculo do pr\u00eamio para o per\u00edodo de cobertura ser\u00e1 feito utilizando-se a Tabela de Prazo Curto. A diferen\u00e7a entre esse valor calculado e o pr\u00eamio j\u00e1 recolhido dever\u00e1 ser restitu\u00edda \u00e0 pessoa jur\u00eddica.<\/p><p><strong>5.11. Reajuste da tabela de pr\u00eamios \u2013\u00a0<\/strong>A cada 12 (doze) meses de vig\u00eancia destas Condi\u00e7\u00f5es B\u00e1sicas poder\u00e3o ser revistos o tipo das franquias, o limite de quilometragem do reboque, os valores dos\u00a0pr\u00eamios e limites de RCF-V e APP \u2013 V, constantes na tabela do subitem 5.2, cujo reajuste dever\u00e1 ser negociado entre a\u00a0<strong>SEGURADORA<\/strong>, a\u00a0<strong>CORRETORA<\/strong>\u00a0e o\u00a0<strong>AMN<\/strong>.<\/p><p><strong>5.12. B\u00f4nus \u2013\u00a0<\/strong>N\u00e3o haver\u00e1 incid\u00eancia de b\u00f4nus na renova\u00e7\u00e3o.<\/p><p><strong>5.13. Condutores das viaturas \u2013\u00a0<\/strong>N\u00e3o ser\u00e1 exigida das pessoas jur\u00eddicas propriet\u00e1rias, a pr\u00e9via identifica\u00e7\u00e3o dos condutores das suas VTR, por\u00e9m, estes devem estar habilitados h\u00e1 pelo menos 2 (dois) anos para a condu\u00e7\u00e3o daquele tipo de ve\u00edculo.<\/p>\t\t\t\t\t\t\t\t<\/div>\n\t\t\t\t<\/div>\n\t\t\t\t\t<\/div>\n\t\t\t\t<\/div>\n\t\t<div class=\"elementor-element elementor-element-36b4870 e-flex e-con-boxed e-con e-parent\" data-id=\"36b4870\" data-element_type=\"container\" data-e-type=\"container\" data-settings=\"{&quot;background_background&quot;:&quot;classic&quot;}\">\n\t\t\t\t\t<div class=\"e-con-inner\">\n\t\t\t\t<div class=\"elementor-element elementor-element-60c3043 elementor-widget elementor-widget-text-editor\" data-id=\"60c3043\" data-element_type=\"widget\" data-e-type=\"widget\" data-widget_type=\"text-editor.default\">\n\t\t\t\t<div class=\"elementor-widget-container\">\n\t\t\t\t\t\t\t\t\t<p>O Abrigo do Marinheiro, em parceria com a Corretora Mapma, opera com a seguradora abaixo.<br \/>Para conhecer as Condi\u00e7\u00f5es Gerais, basta clicar sobre o logo.<\/p>\t\t\t\t\t\t\t\t<\/div>\n\t\t\t\t<\/div>\n\t\t\t\t<div class=\"elementor-element elementor-element-6e9478a elementor-widget__width-initial elementor-widget-mobile__width-inherit elementor-widget elementor-widget-image\" data-id=\"6e9478a\" data-element_type=\"widget\" data-e-type=\"widget\" data-widget_type=\"image.default\">\n\t\t\t\t<div class=\"elementor-widget-container\">\n\t\t\t\t\t\t\t\t\t\t\t\t\t\t\t\t<a href=\"https:\/\/www.allianz.com.br\/content\/dam\/onemarketing\/iberolatam\/allianz-br\/documents\/seu-patrimonio\/auto\/CondGeraisSegAllianzAuto0622.pdf\" target=\"_blank\">\n\t\t\t\t\t\t\t<img decoding=\"async\" width=\"159\" height=\"159\" src=\"https:\/\/www.mapma.com.br\/abrigo\/wp-content\/uploads\/2023\/06\/allianz_2.jpg\" class=\"attachment-full size-full wp-image-315\" alt=\"\" srcset=\"https:\/\/www.mapma.com.br\/abrigo\/wp-content\/uploads\/2023\/06\/allianz_2.jpg 159w, https:\/\/www.mapma.com.br\/abrigo\/wp-content\/uploads\/2023\/06\/allianz_2-150x150.jpg 150w\" sizes=\"(max-width: 159px) 100vw, 159px\" \/>\t\t\t\t\t\t\t\t<\/a>\n\t\t\t\t\t\t\t\t\t\t\t\t\t\t\t<\/div>\n\t\t\t\t<\/div>\n\t\t\t\t\t<\/div>\n\t\t\t\t<\/div>\n\t\t\t\t<\/div>\n\t\t","protected":false},"excerpt":{"rendered":"<p>Frota de Viaturas da MB CONDI\u00c7\u00d5ES DE COMERCIALIZA\u00c7\u00c3O DO SEGURO DE FROTA PARA VIATURAS DA MB 1. DADOS DA SEGURADORA 1.1. Raz\u00e3o Social:\u00a0Allianz Seguros S\/A1.2. CNPJ:\u00a061.573.796\/0001-661.3.\u00a0SUSEP:\u00a051771.4. Telefone:\u00a0(21) 3212-99641.5. Endere\u00e7o:\u00a0Av. Rio Branco n\u00ba 1, sala 1607 \u2013 Centro \u2013 RJ1.6. Dados Banc\u00e1rios:\u00a0Banco 237 \/ Ag\u00eancia 2374-4 \/ N\u00ba da Conta: 139.646-3 \/C\u00f3digo de identifica\u00e7\u00e3o: CNPJ da [&hellip;]<\/p>\n","protected":false},"author":1,"featured_media":0,"parent":0,"menu_order":0,"comment_status":"closed","ping_status":"closed","template":"elementor_header_footer","meta":{"_joinchat":[],"footnotes":""},"class_list":["post-964","page","type-page","status-publish","hentry"],"_links":{"self":[{"href":"https:\/\/www.mapma.com.br\/abrigo\/wp-json\/wp\/v2\/pages\/964","targetHints":{"allow":["GET"]}}],"collection":[{"href":"https:\/\/www.mapma.com.br\/abrigo\/wp-json\/wp\/v2\/pages"}],"about":[{"href":"https:\/\/www.mapma.com.br\/abrigo\/wp-json\/wp\/v2\/types\/page"}],"author":[{"embeddable":true,"href":"https:\/\/www.mapma.com.br\/abrigo\/wp-json\/wp\/v2\/users\/1"}],"replies":[{"embeddable":true,"href":"https:\/\/www.mapma.com.br\/abrigo\/wp-json\/wp\/v2\/comments?post=964"}],"version-history":[{"count":52,"href":"https:\/\/www.mapma.com.br\/abrigo\/wp-json\/wp\/v2\/pages\/964\/revisions"}],"predecessor-version":[{"id":1640,"href":"https:\/\/www.mapma.com.br\/abrigo\/wp-json\/wp\/v2\/pages\/964\/revisions\/1640"}],"wp:attachment":[{"href":"https:\/\/www.mapma.com.br\/abrigo\/wp-json\/wp\/v2\/media?parent=964"}],"curies":[{"name":"wp","href":"https:\/\/api.w.org\/{rel}","templated":true}]}}