{"id":871,"date":"2023-06-30T02:48:02","date_gmt":"2023-06-30T02:48:02","guid":{"rendered":"https:\/\/www.mapma.com.br\/abrigo\/?page_id=871"},"modified":"2026-03-31T11:56:14","modified_gmt":"2026-03-31T11:56:14","slug":"assistencia-postuma","status":"publish","type":"page","link":"https:\/\/www.mapma.com.br\/abrigo\/assistencia-postuma\/","title":{"rendered":"Assist\u00eancia P\u00f3stuma"},"content":{"rendered":"\t\t<div data-elementor-type=\"wp-page\" data-elementor-id=\"871\" class=\"elementor elementor-871\" data-elementor-post-type=\"page\">\n\t\t\t\t<div class=\"elementor-element elementor-element-ac464ee e-flex e-con-boxed e-con e-parent\" data-id=\"ac464ee\" data-element_type=\"container\" data-e-type=\"container\" data-settings=\"{&quot;background_background&quot;:&quot;classic&quot;}\">\n\t\t\t\t\t<div class=\"e-con-inner\">\n\t\t<div class=\"elementor-element elementor-element-8249be5 e-con-full e-flex e-con e-child\" data-id=\"8249be5\" data-element_type=\"container\" data-e-type=\"container\">\n\t\t\t\t<div class=\"elementor-element elementor-element-57093ef elementor-widget elementor-widget-heading\" data-id=\"57093ef\" data-element_type=\"widget\" data-e-type=\"widget\" data-widget_type=\"heading.default\">\n\t\t\t\t<div class=\"elementor-widget-container\">\n\t\t\t\t\t<h2 class=\"elementor-heading-title elementor-size-default\">Assist\u00eancia P\u00f3stuma<\/h2>\t\t\t\t<\/div>\n\t\t\t\t<\/div>\n\t\t\t\t<\/div>\n\t\t\t\t\t<\/div>\n\t\t\t\t<\/div>\n\t\t<div class=\"elementor-element elementor-element-454be42 e-flex e-con-boxed e-con e-parent\" data-id=\"454be42\" data-element_type=\"container\" data-e-type=\"container\" data-settings=\"{&quot;background_background&quot;:&quot;classic&quot;}\">\n\t\t\t\t\t<div class=\"e-con-inner\">\n\t\t\t\t<div class=\"elementor-element elementor-element-8c636db elementor-widget__width-initial elementor-widget elementor-widget-heading\" data-id=\"8c636db\" data-element_type=\"widget\" data-e-type=\"widget\" data-widget_type=\"heading.default\">\n\t\t\t\t<div class=\"elementor-widget-container\">\n\t\t\t\t\t<h2 class=\"elementor-heading-title elementor-size-default\">Este espa\u00e7o \u00e9 primordialmente destinado a orientar os interessados em contratar os SERVI\u00c7OS de ASSIST\u00caNCIA P\u00d3STUMA (Assist\u00eancia Funeral).\n\n<\/h2>\t\t\t\t<\/div>\n\t\t\t\t<\/div>\n\t\t\t\t<div class=\"elementor-element elementor-element-3b052e6 elementor-align-center elementor-widget elementor-widget-button\" data-id=\"3b052e6\" data-element_type=\"widget\" data-e-type=\"widget\" data-widget_type=\"button.default\">\n\t\t\t\t<div class=\"elementor-widget-container\">\n\t\t\t\t\t\t\t\t\t<div class=\"elementor-button-wrapper\">\n\t\t\t\t\t<a class=\"elementor-button elementor-button-link elementor-size-sm\" href=\"https:\/\/www.mapma.com.br\/abrigo\/wp-content\/uploads\/2025\/04\/PROPOSTA-DE-ADESAO-POSTUMA-1.pdf\" target=\"_blank\">\n\t\t\t\t\t\t<span class=\"elementor-button-content-wrapper\">\n\t\t\t\t\t\t\t\t\t<span class=\"elementor-button-text\">Baixar Proposta de Ades\u00e3o<\/span>\n\t\t\t\t\t<\/span>\n\t\t\t\t\t<\/a>\n\t\t\t\t<\/div>\n\t\t\t\t\t\t\t\t<\/div>\n\t\t\t\t<\/div>\n\t\t\t\t<div class=\"elementor-element elementor-element-26fe081 elementor-widget__width-initial elementor-widget elementor-widget-heading\" data-id=\"26fe081\" data-element_type=\"widget\" data-e-type=\"widget\" data-widget_type=\"heading.default\">\n\t\t\t\t<div class=\"elementor-widget-container\">\n\t\t\t\t\t<h2 class=\"elementor-heading-title elementor-size-default\">AQUISI\u00c7\u00c3O DE PLANOS DE ASSIST\u00caNCIA FUNERAL\n<\/h2>\t\t\t\t<\/div>\n\t\t\t\t<\/div>\n\t\t\t\t<div class=\"elementor-element elementor-element-4e11c6c elementor-widget__width-initial elementor-widget elementor-widget-heading\" data-id=\"4e11c6c\" data-element_type=\"widget\" data-e-type=\"widget\" data-widget_type=\"heading.default\">\n\t\t\t\t<div class=\"elementor-widget-container\">\n\t\t\t\t\t<h2 class=\"elementor-heading-title elementor-size-default\">Valores dos planos<\/h2>\t\t\t\t<\/div>\n\t\t\t\t<\/div>\n\t\t\t\t<div class=\"elementor-element elementor-element-b62735a elementor-widget elementor-widget-image\" data-id=\"b62735a\" data-element_type=\"widget\" data-e-type=\"widget\" data-widget_type=\"image.default\">\n\t\t\t\t<div class=\"elementor-widget-container\">\n\t\t\t\t\t\t\t\t\t\t\t\t\t\t\t<img fetchpriority=\"high\" decoding=\"async\" width=\"1070\" height=\"610\" src=\"https:\/\/www.mapma.com.br\/abrigo\/wp-content\/uploads\/2026\/03\/KARINA-LACERDA-CONTEUDOS-1080-x-1350-px-2-e1774958133933.jpg\" class=\"attachment-full size-full wp-image-3573\" alt=\"\" srcset=\"https:\/\/www.mapma.com.br\/abrigo\/wp-content\/uploads\/2026\/03\/KARINA-LACERDA-CONTEUDOS-1080-x-1350-px-2-e1774958133933.jpg 1070w, https:\/\/www.mapma.com.br\/abrigo\/wp-content\/uploads\/2026\/03\/KARINA-LACERDA-CONTEUDOS-1080-x-1350-px-2-e1774958133933-300x171.jpg 300w, https:\/\/www.mapma.com.br\/abrigo\/wp-content\/uploads\/2026\/03\/KARINA-LACERDA-CONTEUDOS-1080-x-1350-px-2-e1774958133933-1024x584.jpg 1024w, https:\/\/www.mapma.com.br\/abrigo\/wp-content\/uploads\/2026\/03\/KARINA-LACERDA-CONTEUDOS-1080-x-1350-px-2-e1774958133933-768x438.jpg 768w\" sizes=\"(max-width: 1070px) 100vw, 1070px\" \/>\t\t\t\t\t\t\t\t\t\t\t\t\t\t\t<\/div>\n\t\t\t\t<\/div>\n\t\t\t\t<div class=\"elementor-element elementor-element-6b4ea7b elementor-widget__width-initial elementor-widget elementor-widget-text-editor\" data-id=\"6b4ea7b\" data-element_type=\"widget\" data-e-type=\"widget\" data-widget_type=\"text-editor.default\">\n\t\t\t\t<div class=\"elementor-widget-container\">\n\t\t\t\t\t\t\t\t\t<p><strong>QUEM PODE ADERIR<\/strong><\/p><p>Todos aqueles que tenham v\u00ednculo de remunera\u00e7\u00e3o com a MB (militares e servidores civis, ativos e inativos; ex-combatentes e pensionistas) e respectivos familiares, desde que eleg\u00edveis como dependentes e agregados.<\/p><p>Associados do ABRIGO das categorias Efetivos, Participantes e Vinculados, e respectivos familiares, desde que eleg\u00edveis como dependentes e agregados.<\/p><p>Empregados do ABRIGO e de seus Departamentos, enquanto mantiverem o v\u00ednculo empregat\u00edcio, e respectivos familiares, desde que eleg\u00edveis como dependentes e agregados.<\/p><p>S\u00e3o eleg\u00edveis como dependentes ou agregados, os familiares com os seguintes graus de parentesco com o Assistido Titular: c\u00f4njuge ou companheira(o); ex-c\u00f4njuge ou ex-companheira(o), desde que oriundos de plano familiar; filhos e enteados; pais (inclusive adotivos); irm\u00e3os (inclusive por ado\u00e7\u00e3o); sogros; av\u00f3s; tios; primos; sobrinhos; genros e noras; netos; e cunhados.<\/p>\t\t\t\t\t\t\t\t<\/div>\n\t\t\t\t<\/div>\n\t\t\t\t<div class=\"elementor-element elementor-element-6cc4485 elementor-widget__width-initial elementor-widget elementor-widget-text-editor\" data-id=\"6cc4485\" data-element_type=\"widget\" data-e-type=\"widget\" data-widget_type=\"text-editor.default\">\n\t\t\t\t<div class=\"elementor-widget-container\">\n\t\t\t\t\t\t\t\t\t<p><strong>COMO ADQUIRIR O PLANO<\/strong><\/p><p>Os interessados na contrata\u00e7\u00e3o dos SERVI\u00c7OS de ASSIST\u00caNCIA FUNERAL poder\u00e3o faz\u00ea-lo por telefone ou acessar presencialmente um dos\u00a0<strong>Postos Distritais<\/strong>, durante o hor\u00e1rio de expediente estabelecido na rotina da OM em que cada Posto est\u00e1 localizado.<\/p><p><strong>Rela\u00e7\u00e3o dos Postos Distritais:<\/strong><\/p>\t\t\t\t\t\t\t\t<\/div>\n\t\t\t\t<\/div>\n\t\t\t\t\t<\/div>\n\t\t\t\t<\/div>\n\t\t<div class=\"elementor-element elementor-element-37d0cd0 e-flex e-con-boxed e-con e-parent\" data-id=\"37d0cd0\" data-element_type=\"container\" data-e-type=\"container\" data-settings=\"{&quot;background_background&quot;:&quot;classic&quot;}\">\n\t\t\t\t\t<div class=\"e-con-inner\">\n\t\t<div class=\"elementor-element elementor-element-72ec875 e-con-full e-flex e-con e-child\" data-id=\"72ec875\" data-element_type=\"container\" data-e-type=\"container\">\n\t\t<div class=\"elementor-element elementor-element-fb3f6f7 e-con-full e-flex e-con e-child\" data-id=\"fb3f6f7\" data-element_type=\"container\" data-e-type=\"container\">\n\t\t<div class=\"elementor-element elementor-element-20effd5 e-con-full e-flex e-con e-child\" data-id=\"20effd5\" data-element_type=\"container\" data-e-type=\"container\">\n\t\t\t\t<div class=\"elementor-element elementor-element-2fade5e elementor-widget__width-inherit elementor-widget elementor-widget-heading\" data-id=\"2fade5e\" data-element_type=\"widget\" data-e-type=\"widget\" data-widget_type=\"heading.default\">\n\t\t\t\t<div class=\"elementor-widget-container\">\n\t\t\t\t\t<h2 class=\"elementor-heading-title elementor-size-default\">Rio de Janeiro\n\n<\/h2>\t\t\t\t<\/div>\n\t\t\t\t<\/div>\n\t\t\t\t<div class=\"elementor-element elementor-element-2da1e37 elementor-mobile-align-center elementor-icon-list--layout-traditional elementor-list-item-link-full_width elementor-widget elementor-widget-icon-list\" data-id=\"2da1e37\" data-element_type=\"widget\" data-e-type=\"widget\" data-widget_type=\"icon-list.default\">\n\t\t\t\t<div class=\"elementor-widget-container\">\n\t\t\t\t\t\t\t<ul class=\"elementor-icon-list-items\">\n\t\t\t\t\t\t\t<li class=\"elementor-icon-list-item\">\n\t\t\t\t\t\t\t\t\t\t\t<span class=\"elementor-icon-list-icon\">\n\t\t\t\t\t\t\t<i aria-hidden=\"true\" class=\"fas fa-map-marker-alt\"><\/i>\t\t\t\t\t\t<\/span>\n\t\t\t\t\t\t\t\t\t\t<span class=\"elementor-icon-list-text\">Comando do 1\u00b0 DN \u2013 Pr\u00e9dio do SASM<\/span>\n\t\t\t\t\t\t\t\t\t<\/li>\n\t\t\t\t\t\t<\/ul>\n\t\t\t\t\t\t<\/div>\n\t\t\t\t<\/div>\n\t\t\t\t<\/div>\n\t\t<div class=\"elementor-element elementor-element-af9adc2 e-con-full e-flex e-con e-child\" data-id=\"af9adc2\" data-element_type=\"container\" data-e-type=\"container\">\n\t\t\t\t<div class=\"elementor-element elementor-element-5a88c4c elementor-widget__width-inherit elementor-widget elementor-widget-heading\" data-id=\"5a88c4c\" data-element_type=\"widget\" data-e-type=\"widget\" data-widget_type=\"heading.default\">\n\t\t\t\t<div class=\"elementor-widget-container\">\n\t\t\t\t\t<h2 class=\"elementor-heading-title elementor-size-default\">Telefone: (21) 2102-1312 | 0800 025 1312\n<\/h2>\t\t\t\t<\/div>\n\t\t\t\t<\/div>\n\t\t\t\t<div class=\"elementor-element elementor-element-9e6bf37 elementor-widget__width-inherit elementor-widget elementor-widget-heading\" data-id=\"9e6bf37\" data-element_type=\"widget\" data-e-type=\"widget\" data-widget_type=\"heading.default\">\n\t\t\t\t<div class=\"elementor-widget-container\">\n\t\t\t\t\t<h2 class=\"elementor-heading-title elementor-size-default\">WhatsApp: (21) 2216-4800\n<\/h2>\t\t\t\t<\/div>\n\t\t\t\t<\/div>\n\t\t\t\t<\/div>\n\t\t\t\t<\/div>\n\t\t<div class=\"elementor-element elementor-element-73afae6 e-con-full e-flex e-con e-child\" data-id=\"73afae6\" data-element_type=\"container\" data-e-type=\"container\">\n\t\t<div class=\"elementor-element elementor-element-50d96a3 e-con-full e-flex e-con e-child\" data-id=\"50d96a3\" data-element_type=\"container\" data-e-type=\"container\">\n\t\t\t\t<div class=\"elementor-element elementor-element-77a00ea elementor-widget__width-inherit elementor-widget elementor-widget-heading\" data-id=\"77a00ea\" data-element_type=\"widget\" data-e-type=\"widget\" data-widget_type=\"heading.default\">\n\t\t\t\t<div class=\"elementor-widget-container\">\n\t\t\t\t\t<h2 class=\"elementor-heading-title elementor-size-default\">Salvador\n\n<\/h2>\t\t\t\t<\/div>\n\t\t\t\t<\/div>\n\t\t\t\t<div class=\"elementor-element elementor-element-3050842 elementor-mobile-align-center elementor-icon-list--layout-traditional elementor-list-item-link-full_width elementor-widget elementor-widget-icon-list\" data-id=\"3050842\" data-element_type=\"widget\" data-e-type=\"widget\" data-widget_type=\"icon-list.default\">\n\t\t\t\t<div class=\"elementor-widget-container\">\n\t\t\t\t\t\t\t<ul class=\"elementor-icon-list-items\">\n\t\t\t\t\t\t\t<li class=\"elementor-icon-list-item\">\n\t\t\t\t\t\t\t\t\t\t\t<span class=\"elementor-icon-list-icon\">\n\t\t\t\t\t\t\t<i aria-hidden=\"true\" class=\"fas fa-map-marker-alt\"><\/i>\t\t\t\t\t\t<\/span>\n\t\t\t\t\t\t\t\t\t\t<span class=\"elementor-icon-list-text\"> Comando do 2\u2218 DN<\/span>\n\t\t\t\t\t\t\t\t\t<\/li>\n\t\t\t\t\t\t<\/ul>\n\t\t\t\t\t\t<\/div>\n\t\t\t\t<\/div>\n\t\t\t\t<\/div>\n\t\t<div class=\"elementor-element elementor-element-eb8acd5 e-con-full e-flex e-con e-child\" data-id=\"eb8acd5\" data-element_type=\"container\" data-e-type=\"container\">\n\t\t\t\t<div class=\"elementor-element elementor-element-e834426 elementor-widget__width-inherit elementor-widget elementor-widget-heading\" data-id=\"e834426\" data-element_type=\"widget\" data-e-type=\"widget\" data-widget_type=\"heading.default\">\n\t\t\t\t<div class=\"elementor-widget-container\">\n\t\t\t\t\t<h2 class=\"elementor-heading-title elementor-size-default\">Telefone: (71) 3507-3840 | (21) 2102-1332<\/h2>\t\t\t\t<\/div>\n\t\t\t\t<\/div>\n\t\t\t\t<div class=\"elementor-element elementor-element-725df2e elementor-widget__width-inherit elementor-widget elementor-widget-heading\" data-id=\"725df2e\" data-element_type=\"widget\" data-e-type=\"widget\" data-widget_type=\"heading.default\">\n\t\t\t\t<div class=\"elementor-widget-container\">\n\t\t\t\t\t<h2 class=\"elementor-heading-title elementor-size-default\">WhatsApp: (21) 97216-1756<\/h2>\t\t\t\t<\/div>\n\t\t\t\t<\/div>\n\t\t\t\t<div class=\"elementor-element elementor-element-9388721 elementor-widget__width-inherit elementor-widget elementor-widget-heading\" data-id=\"9388721\" data-element_type=\"widget\" data-e-type=\"widget\" data-widget_type=\"heading.default\">\n\t\t\t\t<div class=\"elementor-widget-container\">\n\t\t\t\t\t<h2 class=\"elementor-heading-title elementor-size-default\">Retelma: 8210-3840<\/h2>\t\t\t\t<\/div>\n\t\t\t\t<\/div>\n\t\t\t\t<\/div>\n\t\t\t\t<\/div>\n\t\t<div class=\"elementor-element elementor-element-532bb53 e-con-full e-flex e-con e-child\" data-id=\"532bb53\" data-element_type=\"container\" data-e-type=\"container\">\n\t\t<div class=\"elementor-element elementor-element-95f6c35 e-con-full e-flex e-con e-child\" data-id=\"95f6c35\" data-element_type=\"container\" data-e-type=\"container\">\n\t\t\t\t<div class=\"elementor-element elementor-element-5048b72 elementor-widget__width-inherit elementor-widget elementor-widget-heading\" data-id=\"5048b72\" data-element_type=\"widget\" data-e-type=\"widget\" data-widget_type=\"heading.default\">\n\t\t\t\t<div class=\"elementor-widget-container\">\n\t\t\t\t\t<h2 class=\"elementor-heading-title elementor-size-default\">Natal\n<\/h2>\t\t\t\t<\/div>\n\t\t\t\t<\/div>\n\t\t\t\t<div class=\"elementor-element elementor-element-b74146e elementor-mobile-align-center elementor-icon-list--layout-traditional elementor-list-item-link-full_width elementor-widget elementor-widget-icon-list\" data-id=\"b74146e\" data-element_type=\"widget\" data-e-type=\"widget\" data-widget_type=\"icon-list.default\">\n\t\t\t\t<div class=\"elementor-widget-container\">\n\t\t\t\t\t\t\t<ul class=\"elementor-icon-list-items\">\n\t\t\t\t\t\t\t<li class=\"elementor-icon-list-item\">\n\t\t\t\t\t\t\t\t\t\t\t<span class=\"elementor-icon-list-icon\">\n\t\t\t\t\t\t\t<i aria-hidden=\"true\" class=\"fas fa-map-marker-alt\"><\/i>\t\t\t\t\t\t<\/span>\n\t\t\t\t\t\t\t\t\t\t<span class=\"elementor-icon-list-text\">Base Naval de Natal \u2013 SAIPM<\/span>\n\t\t\t\t\t\t\t\t\t<\/li>\n\t\t\t\t\t\t<\/ul>\n\t\t\t\t\t\t<\/div>\n\t\t\t\t<\/div>\n\t\t\t\t<\/div>\n\t\t<div class=\"elementor-element elementor-element-a835c09 e-con-full e-flex e-con e-child\" data-id=\"a835c09\" data-element_type=\"container\" data-e-type=\"container\">\n\t\t\t\t<div class=\"elementor-element elementor-element-ccc319a elementor-widget__width-inherit elementor-widget elementor-widget-heading\" data-id=\"ccc319a\" data-element_type=\"widget\" data-e-type=\"widget\" data-widget_type=\"heading.default\">\n\t\t\t\t<div class=\"elementor-widget-container\">\n\t\t\t\t\t<h2 class=\"elementor-heading-title elementor-size-default\">Telefone: (21) 2102-1334\n<\/h2>\t\t\t\t<\/div>\n\t\t\t\t<\/div>\n\t\t\t\t<div class=\"elementor-element elementor-element-35fc46a elementor-widget__width-inherit elementor-widget elementor-widget-heading\" data-id=\"35fc46a\" data-element_type=\"widget\" data-e-type=\"widget\" data-widget_type=\"heading.default\">\n\t\t\t\t<div class=\"elementor-widget-container\">\n\t\t\t\t\t<h2 class=\"elementor-heading-title elementor-size-default\">WhatsApp: (21) 97216-1754\n<\/h2>\t\t\t\t<\/div>\n\t\t\t\t<\/div>\n\t\t\t\t<\/div>\n\t\t\t\t<\/div>\n\t\t<div class=\"elementor-element elementor-element-c261c88 e-con-full e-flex e-con e-child\" data-id=\"c261c88\" data-element_type=\"container\" data-e-type=\"container\">\n\t\t<div class=\"elementor-element elementor-element-4260fb8 e-con-full e-flex e-con e-child\" data-id=\"4260fb8\" data-element_type=\"container\" data-e-type=\"container\">\n\t\t\t\t<div class=\"elementor-element elementor-element-0de3c91 elementor-widget__width-inherit elementor-widget elementor-widget-heading\" data-id=\"0de3c91\" data-element_type=\"widget\" data-e-type=\"widget\" data-widget_type=\"heading.default\">\n\t\t\t\t<div class=\"elementor-widget-container\">\n\t\t\t\t\t<h2 class=\"elementor-heading-title elementor-size-default\">Bras\u00edlia<\/h2>\t\t\t\t<\/div>\n\t\t\t\t<\/div>\n\t\t\t\t<div class=\"elementor-element elementor-element-0f70048 elementor-mobile-align-center elementor-icon-list--layout-traditional elementor-list-item-link-full_width elementor-widget elementor-widget-icon-list\" data-id=\"0f70048\" data-element_type=\"widget\" data-e-type=\"widget\" data-widget_type=\"icon-list.default\">\n\t\t\t\t<div class=\"elementor-widget-container\">\n\t\t\t\t\t\t\t<ul class=\"elementor-icon-list-items\">\n\t\t\t\t\t\t\t<li class=\"elementor-icon-list-item\">\n\t\t\t\t\t\t\t\t\t\t\t<span class=\"elementor-icon-list-icon\">\n\t\t\t\t\t\t\t<i aria-hidden=\"true\" class=\"fas fa-map-marker-alt\"><\/i>\t\t\t\t\t\t<\/span>\n\t\t\t\t\t\t\t\t\t\t<span class=\"elementor-icon-list-text\">T\u00e9rreo do anexo \u201cA\u201d ao pr\u00e9dio do Comando da Marinha<\/span>\n\t\t\t\t\t\t\t\t\t<\/li>\n\t\t\t\t\t\t<\/ul>\n\t\t\t\t\t\t<\/div>\n\t\t\t\t<\/div>\n\t\t\t\t<\/div>\n\t\t<div class=\"elementor-element elementor-element-cecc139 e-con-full e-flex e-con e-child\" data-id=\"cecc139\" data-element_type=\"container\" data-e-type=\"container\">\n\t\t\t\t<div class=\"elementor-element elementor-element-1a3bdb0 elementor-widget__width-inherit elementor-widget elementor-widget-heading\" data-id=\"1a3bdb0\" data-element_type=\"widget\" data-e-type=\"widget\" data-widget_type=\"heading.default\">\n\t\t\t\t<div class=\"elementor-widget-container\">\n\t\t\t\t\t<h2 class=\"elementor-heading-title elementor-size-default\">Telefone: (61) 3429-1191 | (21) 2102-1333<\/h2>\t\t\t\t<\/div>\n\t\t\t\t<\/div>\n\t\t\t\t<div class=\"elementor-element elementor-element-8c82072 elementor-widget__width-inherit elementor-widget elementor-widget-heading\" data-id=\"8c82072\" data-element_type=\"widget\" data-e-type=\"widget\" data-widget_type=\"heading.default\">\n\t\t\t\t<div class=\"elementor-widget-container\">\n\t\t\t\t\t<h2 class=\"elementor-heading-title elementor-size-default\">WhatsApp: (21) 97216-1766\n<\/h2>\t\t\t\t<\/div>\n\t\t\t\t<\/div>\n\t\t\t\t<\/div>\n\t\t\t\t<\/div>\n\t\t\t\t<\/div>\n\t\t\t\t\t<\/div>\n\t\t\t\t<\/div>\n\t\t<div class=\"elementor-element elementor-element-9718be5 e-flex e-con-boxed e-con e-parent\" data-id=\"9718be5\" data-element_type=\"container\" data-e-type=\"container\" data-settings=\"{&quot;background_background&quot;:&quot;classic&quot;}\">\n\t\t\t\t\t<div class=\"e-con-inner\">\n\t\t\t\t<div class=\"elementor-element elementor-element-bad4066 elementor-widget__width-initial elementor-widget elementor-widget-text-editor\" data-id=\"bad4066\" data-element_type=\"widget\" data-e-type=\"widget\" data-widget_type=\"text-editor.default\">\n\t\t\t\t<div class=\"elementor-widget-container\">\n\t\t\t\t\t\t\t\t\t<p><strong>COMUNICA\u00c7\u00c3O DE FALECIMENTO<\/strong><\/p><p>Para comunica\u00e7\u00e3o de falecimento, entre em contato com a MONGERAL AEGON SEGUROS E PREVID\u00caNCIA S\/A. O acionamento da Assist\u00eancia Funeral dever\u00e1 ser feito antes que seja tomada qualquer medida em rela\u00e7\u00e3o ao funeral.<\/p><p><strong><span style=\"color: #ff0000;\">Telefones para o acionamento<\/span>:<\/strong><br \/>a) No Brasil: 0800-770-4369<br \/>b) No Exterior: 55 11 4126-1929.<\/p>\t\t\t\t\t\t\t\t<\/div>\n\t\t\t\t<\/div>\n\t\t\t\t<div class=\"elementor-element elementor-element-cfd4888 elementor-widget__width-initial elementor-widget elementor-widget-text-editor\" data-id=\"cfd4888\" data-element_type=\"widget\" data-e-type=\"widget\" data-widget_type=\"text-editor.default\">\n\t\t\t\t<div class=\"elementor-widget-container\">\n\t\t\t\t\t\t\t\t\t<p><strong>DEMAIS ESCLARECIMENTOS<\/strong><\/p><p>Para informa\u00e7\u00f5es sobre reembolso e outros esclarecimentos, podem ser utilizados os canais abaixo:<\/p><p>\u2013 e-mail: \u00a0<u><a href=\"mailto:abrigo@mongeralaegon.com.br\" target=\"_blank\" rel=\"noopener\">abrigo@mongeralaegon.com.br<\/a><\/u>; e<\/p><p>\u2013 telefones da Mongeral: \u00a04003-3355 (Regi\u00f5es Metropolitanas) e 0800 881 3355 (demais localidades).<\/p><p>Para mais informa\u00e7\u00f5es, clique no logo abaixo:<\/p>\t\t\t\t\t\t\t\t<\/div>\n\t\t\t\t<\/div>\n\t\t\t\t<div class=\"elementor-element elementor-element-5533326 elementor-widget__width-initial elementor-widget elementor-widget-image\" data-id=\"5533326\" data-element_type=\"widget\" data-e-type=\"widget\" data-widget_type=\"image.default\">\n\t\t\t\t<div class=\"elementor-widget-container\">\n\t\t\t\t\t\t\t\t\t\t\t\t\t\t\t\t<a href=\"http:\/\/abrigo.org.br\/funeral\" target=\"_blank\">\n\t\t\t\t\t\t\t<img decoding=\"async\" width=\"319\" height=\"100\" src=\"https:\/\/www.mapma.com.br\/abrigo\/wp-content\/uploads\/2023\/06\/mongeral.jpg\" class=\"attachment-full size-full wp-image-927\" alt=\"\" srcset=\"https:\/\/www.mapma.com.br\/abrigo\/wp-content\/uploads\/2023\/06\/mongeral.jpg 319w, https:\/\/www.mapma.com.br\/abrigo\/wp-content\/uploads\/2023\/06\/mongeral-300x94.jpg 300w\" sizes=\"(max-width: 319px) 100vw, 319px\" \/>\t\t\t\t\t\t\t\t<\/a>\n\t\t\t\t\t\t\t\t\t\t\t\t\t\t\t<\/div>\n\t\t\t\t<\/div>\n\t\t\t\t<div class=\"elementor-element elementor-element-4d5baa9 elementor-widget__width-initial elementor-widget elementor-widget-text-editor\" data-id=\"4d5baa9\" data-element_type=\"widget\" data-e-type=\"widget\" data-widget_type=\"text-editor.default\">\n\t\t\t\t<div class=\"elementor-widget-container\">\n\t\t\t\t\t\t\t\t\t<div class=\"vc_col-sm-10 wpb_column column_container vc_column_container col no-extra-padding instance-43\" data-border-radius=\"none\" data-shadow=\"none\" data-border-animation=\"\" data-border-animation-delay=\"\" data-border-width=\"none\" data-border-style=\"solid\" data-border-color=\"\" data-bg-cover=\"\" data-padding-pos=\"all\" data-has-bg-color=\"false\" data-bg-color=\"\" data-bg-opacity=\"1\" data-hover-bg=\"\" data-hover-bg-opacity=\"1\" data-animation=\"\" data-delay=\"0\"><div class=\"vc_column-inner\"><div class=\"wpb_wrapper\"><div class=\"wpb_text_column wpb_content_element \"><div class=\"wpb_wrapper\"><p>Os segurados e membros da Fam\u00edlia Naval que desejarem acessar um dos\u00a0<strong>Postos Distritais<\/strong>\u00a0poder\u00e3o faz\u00ea-lo presencialmente ou por telefone, durante o hor\u00e1rio de expediente estabelecido na rotina da OM em que cada Posto est\u00e1 localizado, conforme a seguir:<\/p><\/div><\/div><\/div><\/div><\/div>\t\t\t\t\t\t\t\t<\/div>\n\t\t\t\t<\/div>\n\t\t\t\t\t<\/div>\n\t\t\t\t<\/div>\n\t\t\t\t<\/div>\n\t\t","protected":false},"excerpt":{"rendered":"<p>Assist\u00eancia P\u00f3stuma Este espa\u00e7o \u00e9 primordialmente destinado a orientar os interessados em contratar os SERVI\u00c7OS de ASSIST\u00caNCIA P\u00d3STUMA (Assist\u00eancia Funeral). Baixar Proposta de Ades\u00e3o AQUISI\u00c7\u00c3O DE PLANOS DE ASSIST\u00caNCIA FUNERAL Valores dos planos QUEM PODE ADERIR Todos aqueles que tenham v\u00ednculo de remunera\u00e7\u00e3o com a MB (militares e servidores civis, ativos e inativos; ex-combatentes e [&hellip;]<\/p>\n","protected":false},"author":1,"featured_media":0,"parent":0,"menu_order":0,"comment_status":"closed","ping_status":"closed","template":"elementor_header_footer","meta":{"_joinchat":[],"footnotes":""},"class_list":["post-871","page","type-page","status-publish","hentry"],"_links":{"self":[{"href":"https:\/\/www.mapma.com.br\/abrigo\/wp-json\/wp\/v2\/pages\/871","targetHints":{"allow":["GET"]}}],"collection":[{"href":"https:\/\/www.mapma.com.br\/abrigo\/wp-json\/wp\/v2\/pages"}],"about":[{"href":"https:\/\/www.mapma.com.br\/abrigo\/wp-json\/wp\/v2\/types\/page"}],"author":[{"embeddable":true,"href":"https:\/\/www.mapma.com.br\/abrigo\/wp-json\/wp\/v2\/users\/1"}],"replies":[{"embeddable":true,"href":"https:\/\/www.mapma.com.br\/abrigo\/wp-json\/wp\/v2\/comments?post=871"}],"version-history":[{"count":136,"href":"https:\/\/www.mapma.com.br\/abrigo\/wp-json\/wp\/v2\/pages\/871\/revisions"}],"predecessor-version":[{"id":3576,"href":"https:\/\/www.mapma.com.br\/abrigo\/wp-json\/wp\/v2\/pages\/871\/revisions\/3576"}],"wp:attachment":[{"href":"https:\/\/www.mapma.com.br\/abrigo\/wp-json\/wp\/v2\/media?parent=871"}],"curies":[{"name":"wp","href":"https:\/\/api.w.org\/{rel}","templated":true}]}}