{"id":787,"date":"2023-06-30T02:07:50","date_gmt":"2023-06-30T02:07:50","guid":{"rendered":"https:\/\/www.mapma.com.br\/abrigo\/?page_id=787"},"modified":"2024-02-07T13:14:06","modified_gmt":"2024-02-07T13:14:06","slug":"emergencias-medicas","status":"publish","type":"page","link":"https:\/\/www.mapma.com.br\/abrigo\/emergencias-medicas\/","title":{"rendered":"Emerg\u00eancias M\u00e9dicas"},"content":{"rendered":"\t\t<div data-elementor-type=\"wp-page\" data-elementor-id=\"787\" class=\"elementor elementor-787\" data-elementor-post-type=\"page\">\n\t\t\t\t<div class=\"elementor-element elementor-element-5ced754 e-flex e-con-boxed e-con e-parent\" data-id=\"5ced754\" data-element_type=\"container\" data-e-type=\"container\" data-settings=\"{&quot;background_background&quot;:&quot;classic&quot;}\">\n\t\t\t\t\t<div class=\"e-con-inner\">\n\t\t<div class=\"elementor-element elementor-element-8915d03 e-con-full e-flex e-con e-child\" data-id=\"8915d03\" data-element_type=\"container\" data-e-type=\"container\">\n\t\t\t\t<div class=\"elementor-element elementor-element-0a02680 elementor-widget elementor-widget-heading\" data-id=\"0a02680\" data-element_type=\"widget\" data-e-type=\"widget\" data-widget_type=\"heading.default\">\n\t\t\t\t<div class=\"elementor-widget-container\">\n\t\t\t\t\t<h2 class=\"elementor-heading-title elementor-size-default\">Emerg\u00eancias M\u00e9dicas<\/h2>\t\t\t\t<\/div>\n\t\t\t\t<\/div>\n\t\t\t\t<\/div>\n\t\t\t\t\t<\/div>\n\t\t\t\t<\/div>\n\t\t<div class=\"elementor-element elementor-element-665bda5 e-con-full e-flex e-con e-parent\" data-id=\"665bda5\" data-element_type=\"container\" data-e-type=\"container\">\n\t\t<div class=\"elementor-element elementor-element-fbdd658 e-con-full e-flex e-con e-child\" data-id=\"fbdd658\" data-element_type=\"container\" data-e-type=\"container\" data-settings=\"{&quot;background_background&quot;:&quot;classic&quot;}\">\n\t\t\t\t<div class=\"elementor-element elementor-element-24115a6 elementor-widget elementor-widget-image\" data-id=\"24115a6\" data-element_type=\"widget\" data-e-type=\"widget\" data-widget_type=\"image.default\">\n\t\t\t\t<div class=\"elementor-widget-container\">\n\t\t\t\t\t\t\t\t\t\t\t\t\t\t\t<img decoding=\"async\" width=\"200\" height=\"75\" src=\"https:\/\/www.mapma.com.br\/abrigo\/wp-content\/uploads\/2023\/06\/logo-cti.png\" class=\"attachment-full size-full wp-image-796\" alt=\"\" \/>\t\t\t\t\t\t\t\t\t\t\t\t\t\t\t<\/div>\n\t\t\t\t<\/div>\n\t\t\t\t<div class=\"elementor-element elementor-element-c2cadc5 elementor-widget elementor-widget-heading\" data-id=\"c2cadc5\" data-element_type=\"widget\" data-e-type=\"widget\" data-widget_type=\"heading.default\">\n\t\t\t\t<div class=\"elementor-widget-container\">\n\t\t\t\t\t<h2 class=\"elementor-heading-title elementor-size-default\">Informamos a conta banc\u00e1ria para dep\u00f3sito dos valores referentes ao pr\u00eamio mensal. <b>Conta<\/b>:\n\n<\/h2>\t\t\t\t<\/div>\n\t\t\t\t<\/div>\n\t\t\t\t<div class=\"elementor-element elementor-element-218e0c5 elementor-widget elementor-widget-text-editor\" data-id=\"218e0c5\" data-element_type=\"widget\" data-e-type=\"widget\" data-widget_type=\"text-editor.default\">\n\t\t\t\t<div class=\"elementor-widget-container\">\n\t\t\t\t\t\t\t\t\t<p><strong>Banco:<\/strong>\u00a0Santander<br \/><strong>Ag\u00eancia:<\/strong>\u00a03453<br \/><strong>Conta:<\/strong>\u00a013003371-5<br \/><strong>CNPJ:<\/strong>\u00a028.181.261.0001-74<\/p>\t\t\t\t\t\t\t\t<\/div>\n\t\t\t\t<\/div>\n\t\t\t\t<div class=\"elementor-element elementor-element-398f363 elementor-widget elementor-widget-text-editor\" data-id=\"398f363\" data-element_type=\"widget\" data-e-type=\"widget\" data-widget_type=\"text-editor.default\">\n\t\t\t\t<div class=\"elementor-widget-container\">\n\t\t\t\t\t\t\t\t\t<div class=\"vc_col-sm-6 wpb_column column_container vc_column_container col padding-6-percent instance-2\" data-using-bg=\"true\" data-border-radius=\"none\" data-shadow=\"none\" data-border-animation=\"\" data-border-animation-delay=\"\" data-border-width=\"none\" data-border-style=\"solid\" data-border-color=\"\" data-bg-cover=\"\" data-padding-pos=\"all\" data-has-bg-color=\"true\" data-bg-color=\"#eaeaea\" data-bg-opacity=\"1\" data-hover-bg=\"\" data-hover-bg-opacity=\"1\" data-animation=\"\" data-delay=\"0\"><div class=\"vc_column-inner\"><div class=\"wpb_wrapper\"><div class=\"wpb_text_column wpb_content_element \"><div class=\"wpb_wrapper\"><p>\u200bFaz-se importante lembrar que, uma vez depositado o valor, deve-se encaminhar comprovante de transa\u00e7\u00e3o para o e-mail <a href=\"mailto:cticor@mapma.com.br\" target=\"_blank\" rel=\"noopener\">cticor@mapma.com.br<\/a>, do contr\u00e1rio n\u00e3o haver\u00e1 validade por falta de identifica\u00e7\u00e3o.<\/p><\/div><\/div><\/div><\/div><\/div><div class=\"vc_col-sm-6 wpb_column column_container vc_column_container col padding-6-percent instance-3\" data-using-bg=\"true\" data-border-radius=\"none\" data-shadow=\"none\" data-border-animation=\"\" data-border-animation-delay=\"\" data-border-width=\"none\" data-border-style=\"solid\" data-border-color=\"\" data-bg-cover=\"\" data-padding-pos=\"all\" data-has-bg-color=\"true\" data-bg-color=\"#f4f4f4\" data-bg-opacity=\"1\" data-hover-bg=\"\" data-hover-bg-opacity=\"1\" data-animation=\"\" data-delay=\"0\"><div class=\"vc_column-inner\"><div class=\"wpb_wrapper\"><div class=\"wpb_text_column wpb_content_element \"><div class=\"wpb_wrapper\">\u00a0<\/div><\/div><\/div><\/div><\/div>\t\t\t\t\t\t\t\t<\/div>\n\t\t\t\t<\/div>\n\t\t\t\t<\/div>\n\t\t<div class=\"elementor-element elementor-element-b4d5385 e-con-full e-flex e-con e-child\" data-id=\"b4d5385\" data-element_type=\"container\" data-e-type=\"container\" data-settings=\"{&quot;background_background&quot;:&quot;classic&quot;}\">\n\t\t\t\t<div class=\"elementor-element elementor-element-761f834 elementor-widget elementor-widget-heading\" data-id=\"761f834\" data-element_type=\"widget\" data-e-type=\"widget\" data-widget_type=\"heading.default\">\n\t\t\t\t<div class=\"elementor-widget-container\">\n\t\t\t\t\t<h2 class=\"elementor-heading-title elementor-size-default\">TABELA DE PRE\u00c7OS<\/h2>\t\t\t\t<\/div>\n\t\t\t\t<\/div>\n\t\t\t\t<div class=\"elementor-element elementor-element-aa83003 elementor-widget elementor-widget-image\" data-id=\"aa83003\" data-element_type=\"widget\" data-e-type=\"widget\" data-widget_type=\"image.default\">\n\t\t\t\t<div class=\"elementor-widget-container\">\n\t\t\t\t\t\t\t\t\t\t\t\t\t\t\t<img fetchpriority=\"high\" decoding=\"async\" width=\"447\" height=\"344\" src=\"https:\/\/www.mapma.com.br\/abrigo\/wp-content\/uploads\/2023\/10\/emergencias-tabela-2023-1.png\" class=\"attachment-full size-full wp-image-1627\" alt=\"\" srcset=\"https:\/\/www.mapma.com.br\/abrigo\/wp-content\/uploads\/2023\/10\/emergencias-tabela-2023-1.png 447w, https:\/\/www.mapma.com.br\/abrigo\/wp-content\/uploads\/2023\/10\/emergencias-tabela-2023-1-300x231.png 300w\" sizes=\"(max-width: 447px) 100vw, 447px\" \/>\t\t\t\t\t\t\t\t\t\t\t\t\t\t\t<\/div>\n\t\t\t\t<\/div>\n\t\t<div class=\"elementor-element elementor-element-787aaa9 e-flex e-con-boxed e-con e-child\" data-id=\"787aaa9\" data-element_type=\"container\" data-e-type=\"container\">\n\t\t\t\t\t<div class=\"e-con-inner\">\n\t\t\t\t<div class=\"elementor-element elementor-element-15132da elementor-widget elementor-widget-text-editor\" data-id=\"15132da\" data-element_type=\"widget\" data-e-type=\"widget\" data-widget_type=\"text-editor.default\">\n\t\t\t\t<div class=\"elementor-widget-container\">\n\t\t\t\t\t\t\t\t\t<div class=\"vc_col-sm-6 wpb_column column_container vc_column_container col padding-6-percent instance-2\" data-using-bg=\"true\" data-border-radius=\"none\" data-shadow=\"none\" data-border-animation=\"\" data-border-animation-delay=\"\" data-border-width=\"none\" data-border-style=\"solid\" data-border-color=\"\" data-bg-cover=\"\" data-padding-pos=\"all\" data-has-bg-color=\"true\" data-bg-color=\"#eaeaea\" data-bg-opacity=\"1\" data-hover-bg=\"\" data-hover-bg-opacity=\"1\" data-animation=\"\" data-delay=\"0\"><div class=\"vc_column-inner\"><div class=\"wpb_wrapper\"><div class=\"wpb_text_column wpb_content_element \"><div class=\"wpb_wrapper\"><div class=\"wpb_text_column wpb_content_element \"><div class=\"wpb_wrapper\"><p>Se precisar acionar uma ambul\u00e2ncia da CTICor ligue:<\/p><\/div><\/div><\/div><\/div><\/div><\/div><\/div>\t\t\t\t\t\t\t\t<\/div>\n\t\t\t\t<\/div>\n\t\t\t\t<div class=\"elementor-element elementor-element-d92b729 elementor-widget elementor-widget-heading\" data-id=\"d92b729\" data-element_type=\"widget\" data-e-type=\"widget\" data-widget_type=\"heading.default\">\n\t\t\t\t<div class=\"elementor-widget-container\">\n\t\t\t\t\t<h2 class=\"elementor-heading-title elementor-size-default\">0800 026 7227<\/h2>\t\t\t\t<\/div>\n\t\t\t\t<\/div>\n\t\t\t\t\t<\/div>\n\t\t\t\t<\/div>\n\t\t\t\t<\/div>\n\t\t\t\t<\/div>\n\t\t<div class=\"elementor-element elementor-element-1070220 e-flex e-con-boxed e-con e-parent\" data-id=\"1070220\" data-element_type=\"container\" data-e-type=\"container\" data-settings=\"{&quot;background_background&quot;:&quot;classic&quot;}\">\n\t\t\t\t\t<div class=\"e-con-inner\">\n\t\t\t\t<div class=\"elementor-element elementor-element-60b2d86 elementor-widget__width-initial elementor-widget elementor-widget-text-editor\" data-id=\"60b2d86\" data-element_type=\"widget\" data-e-type=\"widget\" data-widget_type=\"text-editor.default\">\n\t\t\t\t<div class=\"elementor-widget-container\">\n\t\t\t\t\t\t\t\t\t<p><strong>O QUE \u00c9<\/strong><br \/>Os Servi\u00e7os de Emerg\u00eancias M\u00e9dicas Domiciliares englobam o atendimento m\u00e9dico de urg\u00eancia e emerg\u00eancia, 24 horas por dia, ininterruptos, dos associados, em qualquer local que se encontrem dentro da \u00e1rea de cobertura, excluindo as vias p\u00fablicas e, se necess\u00e1rio for, promove a remo\u00e7\u00e3o por via terrestre do local de atendimento at\u00e9 um estabelecimento hospitalar, obedecidos os protocolos de regula\u00e7\u00e3o e urg\u00eancia no atendimento.<\/p><p>Al\u00e9m do atendimento m\u00e9dico de urg\u00eancia, o servi\u00e7o tamb\u00e9m inclui a remo\u00e7\u00e3o entre hospitais, pronto-socorros e hospitais\/pronto-socorros para realiza\u00e7\u00e3o de exames dos associados, por meio de ambul\u00e2ncias UTI ou simples,\u00a0conforme seja considerado mais adequado pela coordena\u00e7\u00e3o m\u00e9dica,<\/p><p><strong>GRUPO ASSOCI\u00c1VEL<\/strong><br \/>\u00c9 o conjunto das pessoas que t\u00eam v\u00ednculo de remunera\u00e7\u00e3o com a Marinha do Brasil (MB), ou seja, o grupo constitu\u00eddo por militares e servidores civis da MB (inclusive os inativos), bem como ex-combatentes e pensionistas da MB, e seus respectivos dependentes, a saber: c\u00f4njuge ou companheiro(a); pais, inclusive adotivos, padrasto e madrasta; sogros; tios; irm\u00e3os, inclusive adotivos; cunhados; filhos, inclusive adotados; enteados; tutelados; genros e noras; netos;\u00a0 av\u00f3s e curatelados, devendo o parentesco, em qualquer grau, ser comprovado mediante documento h\u00e1bil.<\/p><p><strong>MUNIC\u00cdPIOS DE ATUA\u00c7\u00c3O<\/strong><br \/>A presta\u00e7\u00e3o destes servi\u00e7os est\u00e1 limitada \u00e0s seguintes regi\u00f5es do\u00a0<strong><u>RIO DE JANEIRO<\/u><\/strong>: Rio de Janeiro, Niter\u00f3i, S\u00e3o Gon\u00e7alo, Alc\u00e2ntara, S\u00e3o Jo\u00e3o de Meriti, Duque de Caxias, Belford Roxo, Nova Igua\u00e7u, Mesquita e Nil\u00f3polis.<\/p><p><strong>OCORR\u00caNCIAS COBERTAS<\/strong><br \/>O atendimento de emerg\u00eancias m\u00e9dicas ser\u00e1 realizado em caso de ocorr\u00eancia das seguintes patologias:<\/p><p>I.\u00a0<u>Alergologia<\/u>:<br \/>a) rea\u00e7\u00f5es al\u00e9rgicas agudas com manifesta\u00e7\u00f5es respirat\u00f3rias; e<br \/>b) choque anafil\u00e1tico e s\u00edndromes similares.<\/p><p>II.\u00a0<u>Cardiologia:<\/u><br \/>a) infarto agudo do mioc\u00e1rdio e outras s\u00edndromes card\u00edacas isqu\u00eamicas;<br \/>b) aneurisma dissecante da aorta;<br \/>c) obstru\u00e7\u00f5es agudas das art\u00e9rias com risco de complica\u00e7\u00e3o;<br \/>d) crise hipertensiva arterial refrat\u00e1ria aos tratamentos usuais;<br \/>e) arritmias card\u00edacas agudas; e<br \/>f) choque circulat\u00f3rio de qualquer natureza (s\u00e9ptico, neurog\u00eanico, hipovol\u00eamico).<\/p><p>III.\u00a0<u>Gastroenterologia:<\/u><br \/>a) hemorragias digestivas agudas (alta e baixa); e<br \/>b) quadros abdominais agudos: inflamat\u00f3rios, hemorr\u00e1gicos, vasculares e obstrutivos.<\/p><p>IV.\u00a0<u>Neurologia:<\/u><br \/>a) acidente vascular cerebral isqu\u00eamico ou hemorr\u00e1gico (fase aguda);<br \/>b) traumatismo cr\u00e2nio-encef\u00e1lico (fase aguda);<br \/>c) traumatismo requimedular (fase aguda);<br \/>d) aneurismas intracranianos rotos;<br \/>e) crises convulsivas de qualquer etiologia; e<br \/>f)\u00a0 hipertens\u00e3o intracraniana.<\/p><p>V.\u00a0<u>Pneumologia<\/u>:<br \/>a) pneumot\u00f3rax espont\u00e2neo;<br \/>b) derrames pleurais com comprometimento ventilat\u00f3rio; e<br \/>c) estado de mal asm\u00e1tico.<\/p><p>VI.\u00a0<u>Nefrologia:<\/u><br \/>a) insufici\u00eancia renal aguda.<\/p><p>VII.\u00a0<u>Ginecologia e Obstetr\u00edcia:<\/u><br \/>a) prenhez tub\u00e1ria rota; e<br \/>b) grandes hemorragias puerperais.<\/p><p>VIII.\u00a0<u>Traumatologia:<\/u><br \/>a) politraumatizado;<br \/>b) traumas de face com dist\u00farbio de ventila\u00e7\u00e3o;<br \/>c) traumas de face com les\u00e3o no globo ocular;<br \/>d) traumatismos tor\u00e1cicos contusos e\/ou penetrantes;<br \/>e) trauma de grandes vasos sangu\u00edneos com necessidade de reparo cir\u00fargico imediato;<br \/>f) trauma abdominal contuso e\/ou penetrante;<br \/>g) trauma extenso de partes moles;<br \/>h) amputa\u00e7\u00f5es traum\u00e1ticas (ap\u00f3s avalia\u00e7\u00e3o da central);<br \/>i) queimaduras com \u00e1rea corporal comprometida superior a 20%;<br \/>j) queimaduras de vias a\u00e9reas;<br \/>k) acometimento sist\u00eamico por corrente el\u00e9trica;<br \/>l) afogamento;<br \/>m) intoxica\u00e7\u00f5es ex\u00f3genas involunt\u00e1rias com altera\u00e7\u00e3o do sens\u00f3rio da ventila\u00e7\u00e3o, ou<br \/>hemodin\u00e2mica; e<br \/>n) picadas de animais pe\u00e7onhentos com risco de vida.<\/p><p><strong>CONDI\u00c7\u00d5ES PARA A REALIZA\u00c7\u00c3O DOS SERVI\u00c7OS<\/strong><br \/>O transporte ser\u00e1 realizado em caso de ocorr\u00eancia das patologias acima elencadas e sempre que se verificar uma das seguintes situa\u00e7\u00f5es:<br \/>a) o associado que n\u00e3o tenha capacidade de locomo\u00e7\u00e3o por falta de condi\u00e7\u00f5es f\u00edsicas ou por recomenda\u00e7\u00e3o m\u00e9dica, depois de submetido a um primeiro atendimento m\u00e9dico;<br \/>b) expressa requisi\u00e7\u00e3o m\u00e9dica no sentido da necessidade de remo\u00e7\u00e3o do associado; e<br \/>c) contatada a Central de Atendimento Telef\u00f4nico 24 horas, houver a anu\u00eancia quanto \u00e0 necessidade do transporte terrestre manifestada pelo profissional m\u00e9dico encarregado de acompanhar as chamadas telef\u00f4nicas.<\/p><p><strong>IMPORTANTE<\/strong><br \/>Em caso de verifica\u00e7\u00e3o da ocorr\u00eancia de abusos no acionamento do Servi\u00e7os de Emerg\u00eancias M\u00e9dicas Domiciliares, a empresa se reserva o direito de n\u00e3o realizar o atendimento, informando, imediatamente, ao Abrigo do Marinheiro, por escrito, os motivos que justificaram o n\u00e3o atendimento.<\/p><p>Nas hip\u00f3teses em que, pelas caracter\u00edsticas do caso de urg\u00eancia, ou pela dificuldade de se chegar ao local por raz\u00f5es como tr\u00e2nsito intenso, inunda\u00e7\u00f5es, calamidades, manifesta\u00e7\u00f5es populares, locais de dif\u00edcil acesso ou que ofere\u00e7a risco aos profissionais da CTICOR, entre outras, for manifestada a impossibilidade de atendimento do paciente em prazo adequado, dever\u00e1 o m\u00e9dico, quando acionada a CTICOR, orientar o Associado, familiares e acompanhantes a procurar o local mais pr\u00f3ximo de pronto atendimento m\u00e9dico, at\u00e9 que os profissionais da CTICOR tenham tempo de se dirigir ao local para onde foi encaminhado o paciente.<\/p><p>O contratante poder\u00e1 alterar a qualquer tempo (retirar e incluir) outros interessados eleg\u00edveis e tamb\u00e9m atualizar os seus dados cadastrais, especialmente os que permitam \u00e0 CTICOR e sua estrutura e ao AMN se comunicarem com o mesmo. Para isto, dever\u00e1 preencher o\u00a0<a href=\"http:\/\/www.mapma.com.br\/abrigo\/wp-content\/uploads\/2019\/06\/Formul%C3%A1rio-de-Ades%C3%A3o-e-Altera%C3%A7%C3%A3o-Cadastral-vers%C3%A3o-10-06-2019.pdf\" target=\"_blank\" rel=\"noopener\">Termo de Atualiza\u00e7\u00e3o de Dados<\/a>\u00a0e entreg\u00e1-lo pessoalmente no Posto de Atendimento do Abrigo do Marinheiro no SASM onde receber\u00e1 o\u00a0<a href=\"http:\/\/www.mapma.com.br\/abrigo_old\/PDF\/AbrigoMarinheiro_01.pdf\" target=\"_blank\" rel=\"noopener\">Manual do Usu\u00e1rio<\/a>\u00a0contendo informa\u00e7\u00f5es sobre procedimentos em caso de urg\u00eancia ou emerg\u00eancia, ou envi\u00e1-lo para o Posto de Atendimento do Abrigo do Marinheiro \u2013 Divis\u00e3o de Seguro de Vida \u2013 Pra\u00e7a Bar\u00e3o de Lad\u00e1rio s\/n\u00ba \u2013 Centro, Rio de Janeiro, CEP 20091-000, RJ.<\/p><p><strong>Outras informa\u00e7\u00f5es<br \/><\/strong>Postos e cont\u00eaineres do AMN;<br \/>Telefones: (21) 2102-1312 &gt; Op\u00e7\u00e3o 1 &gt; Op\u00e7\u00e3o 3;<br \/>E-mail: cticor@mapma.com.br.<\/p>\t\t\t\t\t\t\t\t<\/div>\n\t\t\t\t<\/div>\n\t\t\t\t\t<\/div>\n\t\t\t\t<\/div>\n\t\t\t\t<\/div>\n\t\t","protected":false},"excerpt":{"rendered":"<p>Emerg\u00eancias M\u00e9dicas Informamos a conta banc\u00e1ria para dep\u00f3sito dos valores referentes ao pr\u00eamio mensal. Conta: Banco:\u00a0SantanderAg\u00eancia:\u00a03453Conta:\u00a013003371-5CNPJ:\u00a028.181.261.0001-74 \u200bFaz-se importante lembrar que, uma vez depositado o valor, deve-se encaminhar comprovante de transa\u00e7\u00e3o para o e-mail cticor@mapma.com.br, do contr\u00e1rio n\u00e3o haver\u00e1 validade por falta de identifica\u00e7\u00e3o. \u00a0 TABELA DE PRE\u00c7OS Se precisar acionar uma ambul\u00e2ncia da CTICor ligue: [&hellip;]<\/p>\n","protected":false},"author":1,"featured_media":0,"parent":0,"menu_order":0,"comment_status":"closed","ping_status":"closed","template":"elementor_header_footer","meta":{"_joinchat":[],"footnotes":""},"class_list":["post-787","page","type-page","status-publish","hentry"],"_links":{"self":[{"href":"https:\/\/www.mapma.com.br\/abrigo\/wp-json\/wp\/v2\/pages\/787","targetHints":{"allow":["GET"]}}],"collection":[{"href":"https:\/\/www.mapma.com.br\/abrigo\/wp-json\/wp\/v2\/pages"}],"about":[{"href":"https:\/\/www.mapma.com.br\/abrigo\/wp-json\/wp\/v2\/types\/page"}],"author":[{"embeddable":true,"href":"https:\/\/www.mapma.com.br\/abrigo\/wp-json\/wp\/v2\/users\/1"}],"replies":[{"embeddable":true,"href":"https:\/\/www.mapma.com.br\/abrigo\/wp-json\/wp\/v2\/comments?post=787"}],"version-history":[{"count":97,"href":"https:\/\/www.mapma.com.br\/abrigo\/wp-json\/wp\/v2\/pages\/787\/revisions"}],"predecessor-version":[{"id":1658,"href":"https:\/\/www.mapma.com.br\/abrigo\/wp-json\/wp\/v2\/pages\/787\/revisions\/1658"}],"wp:attachment":[{"href":"https:\/\/www.mapma.com.br\/abrigo\/wp-json\/wp\/v2\/media?parent=787"}],"curies":[{"name":"wp","href":"https:\/\/api.w.org\/{rel}","templated":true}]}}