{"id":581,"date":"2023-06-30T00:19:31","date_gmt":"2023-06-30T00:19:31","guid":{"rendered":"https:\/\/www.mapma.com.br\/abrigo\/?page_id=581"},"modified":"2025-07-28T13:29:58","modified_gmt":"2025-07-28T13:29:58","slug":"seguro-residencial","status":"publish","type":"page","link":"https:\/\/www.mapma.com.br\/abrigo\/seguro-residencial\/","title":{"rendered":"Seguro Residencial"},"content":{"rendered":"\t\t<div data-elementor-type=\"wp-page\" data-elementor-id=\"581\" class=\"elementor elementor-581\" data-elementor-post-type=\"page\">\n\t\t\t\t<div class=\"elementor-element elementor-element-5ced754 e-flex e-con-boxed e-con e-parent\" data-id=\"5ced754\" data-element_type=\"container\" data-e-type=\"container\" data-settings=\"{&quot;background_background&quot;:&quot;classic&quot;}\">\n\t\t\t\t\t<div class=\"e-con-inner\">\n\t\t\t\t<div class=\"elementor-element elementor-element-0a02680 elementor-widget elementor-widget-heading\" data-id=\"0a02680\" data-element_type=\"widget\" data-e-type=\"widget\" data-widget_type=\"heading.default\">\n\t\t\t\t<div class=\"elementor-widget-container\">\n\t\t\t\t\t<h2 class=\"elementor-heading-title elementor-size-default\">Seguro Residencial<\/h2>\t\t\t\t<\/div>\n\t\t\t\t<\/div>\n\t\t\t\t\t<\/div>\n\t\t\t\t<\/div>\n\t\t<div class=\"elementor-element elementor-element-454be42 e-flex e-con-boxed e-con e-parent\" data-id=\"454be42\" data-element_type=\"container\" data-e-type=\"container\" data-settings=\"{&quot;background_background&quot;:&quot;classic&quot;}\">\n\t\t\t\t\t<div class=\"e-con-inner\">\n\t\t\t\t<div class=\"elementor-element elementor-element-8c636db elementor-widget__width-initial elementor-widget elementor-widget-heading\" data-id=\"8c636db\" data-element_type=\"widget\" data-e-type=\"widget\" data-widget_type=\"heading.default\">\n\t\t\t\t<div class=\"elementor-widget-container\">\n\t\t\t\t\t<h2 class=\"elementor-heading-title elementor-size-default\">SEGURO PARA FAM\u00cdLIA NAVAL\n\n<\/h2>\t\t\t\t<\/div>\n\t\t\t\t<\/div>\n\t\t\t\t<div class=\"elementor-element elementor-element-3655657 elementor-widget__width-initial elementor-widget elementor-widget-heading\" data-id=\"3655657\" data-element_type=\"widget\" data-e-type=\"widget\" data-widget_type=\"heading.default\">\n\t\t\t\t<div class=\"elementor-widget-container\">\n\t\t\t\t\t<h2 class=\"elementor-heading-title elementor-size-default\">O Abrigo do Marinheiro, em parceria com a Corretora Mapma, opera com as seguradoras abaixo.\nPara conhecer as Condi\u00e7\u00f5es Gerais de cada uma, basta clicar sobre a logo desejada.<\/h2>\t\t\t\t<\/div>\n\t\t\t\t<\/div>\n\t\t\t\t<div class=\"elementor-element elementor-element-7ef07a3 elementor-widget__width-initial elementor-widget elementor-widget-heading\" data-id=\"7ef07a3\" data-element_type=\"widget\" data-e-type=\"widget\" data-widget_type=\"heading.default\">\n\t\t\t\t<div class=\"elementor-widget-container\">\n\t\t\t\t\t<h2 class=\"elementor-heading-title elementor-size-default\">QUEM PODE ADERIR\n\n\n\n\n<\/h2>\t\t\t\t<\/div>\n\t\t\t\t<\/div>\n\t\t\t\t<div class=\"elementor-element elementor-element-2a38a80 elementor-widget__width-initial elementor-widget elementor-widget-heading\" data-id=\"2a38a80\" data-element_type=\"widget\" data-e-type=\"widget\" data-widget_type=\"heading.default\">\n\t\t\t\t<div class=\"elementor-widget-container\">\n\t\t\t\t\t<h2 class=\"elementor-heading-title elementor-size-default\">O ingresso nas carteiras de seguros do AMN \u00e9 volunt\u00e1rio e pode ocorrer a qualquer \u00e9poca, constituindo-se prerrogativa exclusiva dos seus associados, militares e servidores civis, ex-combatentes e pensionistas da Marinha do Brasil, e respectivos c\u00f4njuges ou companheiros; pais; padrastos e madrastas; filhos; av\u00f4s; sogros; tios; irm\u00e3os; cunhados; netos; genros; noras; primos de 1\u00b0 grau; e sobrinhos, devendo o parentesco, em qualquer grau, ser comprovado mediante documento h\u00e1bil perante a CORRETORA.<\/h2>\t\t\t\t<\/div>\n\t\t\t\t<\/div>\n\t\t\t\t<div class=\"elementor-element elementor-element-bb1bc72 elementor-widget__width-initial elementor-widget elementor-widget-text-editor\" data-id=\"bb1bc72\" data-element_type=\"widget\" data-e-type=\"widget\" data-widget_type=\"text-editor.default\">\n\t\t\t\t<div class=\"elementor-widget-container\">\n\t\t\t\t\t\t\t\t\t<div id=\"fws_5ba4ed12b223f\" class=\"wpb_row vc_row-fluid vc_row standard_section \" data-midnight=\"dark\" data-bg-mobile-hidden=\"\"><div class=\"col span_12 dark left\"><div class=\"vc_col-sm-10 wpb_column column_container vc_column_container col no-extra-padding instance-9 instance-10\" data-border-radius=\"none\" data-shadow=\"none\" data-border-animation=\"\" data-border-animation-delay=\"\" data-border-width=\"none\" data-border-style=\"solid\" data-border-color=\"\" data-bg-cover=\"\" data-padding-pos=\"all\" data-has-bg-color=\"false\" data-bg-color=\"\" data-bg-opacity=\"1\" data-hover-bg=\"\" data-hover-bg-opacity=\"1\" data-animation=\"\" data-delay=\"0\"><div class=\"vc_column-inner\"><div class=\"wpb_wrapper\"><div class=\"wpb_text_column wpb_content_element \"><div class=\"wpb_wrapper\"><p><strong>OBTER COTA\u00c7\u00c3O DE SEGURO<\/strong><\/p><p>Entre em contato com a corretora Mapma ao\u00a0<strong><a href=\"https:\/\/api.whatsapp.com\/send?phone=552122164800\" target=\"_blank\" rel=\"noopener\">clicar aqui<\/a><\/strong>\u00a0ou pelos telefones:<br \/><strong>Rio de Janeiro: (21) 2102-1312<\/strong><br \/><strong>Demais Localidades: 0800 025 1312<br \/>WhatsApp:\u00a0<a href=\"https:\/\/api.whatsapp.com\/send?phone=552122164800\" target=\"_blank\" rel=\"noopener\">(21) 2216-4800<\/a><\/strong><\/p><\/div><\/div><\/div><\/div><\/div><div class=\"vc_col-sm-1 wpb_column column_container vc_column_container col no-extra-padding instance-10 instance-11\" data-border-radius=\"none\" data-shadow=\"none\" data-border-animation=\"\" data-border-animation-delay=\"\" data-border-width=\"none\" data-border-style=\"solid\" data-border-color=\"\" data-bg-cover=\"\" data-padding-pos=\"all\" data-has-bg-color=\"false\" data-bg-color=\"\" data-bg-opacity=\"1\" data-hover-bg=\"\" data-hover-bg-opacity=\"1\" data-animation=\"\" data-delay=\"0\"><div class=\"vc_column-inner\"><div class=\"wpb_wrapper\">\u00a0<\/div><\/div><\/div><\/div><\/div><p>Acesse as Condi\u00e7\u00f5es Gerais do Residencial clicando na logo correspondente\u00a0\u00e0 seguradora desejada.<\/p>\t\t\t\t\t\t\t\t<\/div>\n\t\t\t\t<\/div>\n\t\t\t\t\t<\/div>\n\t\t\t\t<\/div>\n\t\t<div class=\"elementor-element elementor-element-c99393b e-flex e-con-boxed e-con e-parent\" data-id=\"c99393b\" data-element_type=\"container\" data-e-type=\"container\" data-settings=\"{&quot;background_background&quot;:&quot;classic&quot;}\">\n\t\t\t\t\t<div class=\"e-con-inner\">\n\t\t<div class=\"elementor-element elementor-element-5e82d92 e-con-full e-flex e-con e-child\" data-id=\"5e82d92\" data-element_type=\"container\" data-e-type=\"container\">\n\t\t<div class=\"elementor-element elementor-element-d496e4b e-con-full e-flex e-con e-child\" data-id=\"d496e4b\" data-element_type=\"container\" data-e-type=\"container\">\n\t\t<div class=\"elementor-element elementor-element-2aa770b e-con-full e-flex e-con e-child\" data-id=\"2aa770b\" data-element_type=\"container\" data-e-type=\"container\">\n\t\t\t\t<div class=\"elementor-element elementor-element-9e02599 elementor-widget__width-initial elementor-widget-mobile__width-inherit elementor-widget elementor-widget-image\" data-id=\"9e02599\" data-element_type=\"widget\" data-e-type=\"widget\" data-widget_type=\"image.default\">\n\t\t\t\t<div class=\"elementor-widget-container\">\n\t\t\t\t\t\t\t\t\t\t\t\t\t\t\t\t<a href=\"https:\/\/www.allianz.com.br\/content\/dam\/onemarketing\/iberolatam\/allianz-br\/documents\/pagina-documentos\/ManualdoSeguradoAllianzResid%C3%AAncia042022.pdf\" target=\"_blank\">\n\t\t\t\t\t\t\t<img decoding=\"async\" width=\"159\" height=\"159\" src=\"https:\/\/www.mapma.com.br\/abrigo\/wp-content\/uploads\/2023\/06\/allianz_2.jpg\" class=\"attachment-full size-full wp-image-315\" alt=\"\" srcset=\"https:\/\/www.mapma.com.br\/abrigo\/wp-content\/uploads\/2023\/06\/allianz_2.jpg 159w, https:\/\/www.mapma.com.br\/abrigo\/wp-content\/uploads\/2023\/06\/allianz_2-150x150.jpg 150w\" sizes=\"(max-width: 159px) 100vw, 159px\" \/>\t\t\t\t\t\t\t\t<\/a>\n\t\t\t\t\t\t\t\t\t\t\t\t\t\t\t<\/div>\n\t\t\t\t<\/div>\n\t\t\t\t<div class=\"elementor-element elementor-element-8d946e3 elementor-widget__width-initial elementor-widget-mobile__width-inherit elementor-widget elementor-widget-image\" data-id=\"8d946e3\" data-element_type=\"widget\" data-e-type=\"widget\" data-widget_type=\"image.default\">\n\t\t\t\t<div class=\"elementor-widget-container\">\n\t\t\t\t\t\t\t\t\t\t\t\t\t\t\t\t<a href=\"https:\/\/www.bradescoseguros.com.br\/wcm\/connect\/5d57bb2a-9d1b-4e08-8e84-adb55d782263\/CG+Residencial+Sob+Medida+-+Segmenta%C3%A7%C3%A3o+-+Julho+2025.pdf?MOD=AJPERES&#038;CONVERT_TO=url&#038;CACHEID=ROOTWORKSPACE-5d57bb2a-9d1b-4e08-8e84-adb55d782263-pwOzoE6\" target=\"_blank\">\n\t\t\t\t\t\t\t<img decoding=\"async\" width=\"159\" height=\"159\" src=\"https:\/\/www.mapma.com.br\/abrigo\/wp-content\/uploads\/2023\/06\/bradescoseguros_2.jpg\" class=\"attachment-full size-full wp-image-318\" alt=\"\" srcset=\"https:\/\/www.mapma.com.br\/abrigo\/wp-content\/uploads\/2023\/06\/bradescoseguros_2.jpg 159w, https:\/\/www.mapma.com.br\/abrigo\/wp-content\/uploads\/2023\/06\/bradescoseguros_2-150x150.jpg 150w\" sizes=\"(max-width: 159px) 100vw, 159px\" \/>\t\t\t\t\t\t\t\t<\/a>\n\t\t\t\t\t\t\t\t\t\t\t\t\t\t\t<\/div>\n\t\t\t\t<\/div>\n\t\t\t\t<div class=\"elementor-element elementor-element-007d01e elementor-widget__width-initial elementor-widget-mobile__width-inherit elementor-hidden-widescreen elementor-hidden-desktop elementor-hidden-laptop elementor-hidden-tablet elementor-hidden-mobile_extra elementor-hidden-mobile elementor-widget elementor-widget-image\" data-id=\"007d01e\" data-element_type=\"widget\" data-e-type=\"widget\" data-widget_type=\"image.default\">\n\t\t\t\t<div class=\"elementor-widget-container\">\n\t\t\t\t\t\t\t\t\t\t\t\t\t\t\t\t<a href=\"https:\/\/www.libertyseguros.com.br\/Lists\/ManualProduto\/CG%20LIBERTY%20RESID%C3%8ANCIA_Dez2020_SEGURADO.pdf\" target=\"_blank\">\n\t\t\t\t\t\t\t<img decoding=\"async\" width=\"159\" height=\"159\" src=\"https:\/\/www.mapma.com.br\/abrigo\/wp-content\/uploads\/2023\/06\/liberty_2.jpg\" class=\"attachment-full size-full wp-image-334\" alt=\"\" srcset=\"https:\/\/www.mapma.com.br\/abrigo\/wp-content\/uploads\/2023\/06\/liberty_2.jpg 159w, https:\/\/www.mapma.com.br\/abrigo\/wp-content\/uploads\/2023\/06\/liberty_2-150x150.jpg 150w\" sizes=\"(max-width: 159px) 100vw, 159px\" \/>\t\t\t\t\t\t\t\t<\/a>\n\t\t\t\t\t\t\t\t\t\t\t\t\t\t\t<\/div>\n\t\t\t\t<\/div>\n\t\t\t\t<div class=\"elementor-element elementor-element-a3138b3 elementor-widget__width-initial elementor-widget-mobile__width-inherit elementor-widget elementor-widget-image\" data-id=\"a3138b3\" data-element_type=\"widget\" data-e-type=\"widget\" data-widget_type=\"image.default\">\n\t\t\t\t<div class=\"elementor-widget-container\">\n\t\t\t\t\t\t\t\t\t\t\t\t\t\t\t\t<a href=\"https:\/\/www.portoseguro.com.br\/content\/dam\/documentos\/condicoes_gerais\/seguro_residencia\/essencial\/CG-RESIDENCIAL-ESSENCIAL-junho-25.pdf\">\n\t\t\t\t\t\t\t<img loading=\"lazy\" decoding=\"async\" width=\"159\" height=\"159\" src=\"https:\/\/www.mapma.com.br\/abrigo\/wp-content\/uploads\/2023\/06\/portoseguro_2.jpg\" class=\"attachment-full size-full wp-image-333\" alt=\"\" srcset=\"https:\/\/www.mapma.com.br\/abrigo\/wp-content\/uploads\/2023\/06\/portoseguro_2.jpg 159w, https:\/\/www.mapma.com.br\/abrigo\/wp-content\/uploads\/2023\/06\/portoseguro_2-150x150.jpg 150w\" sizes=\"(max-width: 159px) 100vw, 159px\" \/>\t\t\t\t\t\t\t\t<\/a>\n\t\t\t\t\t\t\t\t\t\t\t\t\t\t\t<\/div>\n\t\t\t\t<\/div>\n\t\t\t\t<div class=\"elementor-element elementor-element-0257e03 elementor-widget__width-initial elementor-widget-mobile__width-inherit elementor-widget elementor-widget-image\" data-id=\"0257e03\" data-element_type=\"widget\" data-e-type=\"widget\" data-widget_type=\"image.default\">\n\t\t\t\t<div class=\"elementor-widget-container\">\n\t\t\t\t\t\t\t\t\t\t\t\t\t\t\t\t<a href=\"https:\/\/www.tokiomarine.com.br\/wp-content\/uploads\/2018\/08\/052022_CG-Residencial-Premiado.pdf\" target=\"_blank\">\n\t\t\t\t\t\t\t<img loading=\"lazy\" decoding=\"async\" width=\"159\" height=\"159\" src=\"https:\/\/www.mapma.com.br\/abrigo\/wp-content\/uploads\/2023\/06\/tokiomarine_2.jpg\" class=\"attachment-full size-full wp-image-332\" alt=\"\" srcset=\"https:\/\/www.mapma.com.br\/abrigo\/wp-content\/uploads\/2023\/06\/tokiomarine_2.jpg 159w, https:\/\/www.mapma.com.br\/abrigo\/wp-content\/uploads\/2023\/06\/tokiomarine_2-150x150.jpg 150w\" sizes=\"(max-width: 159px) 100vw, 159px\" \/>\t\t\t\t\t\t\t\t<\/a>\n\t\t\t\t\t\t\t\t\t\t\t\t\t\t\t<\/div>\n\t\t\t\t<\/div>\n\t\t\t\t<div class=\"elementor-element elementor-element-a224ceb elementor-widget__width-initial elementor-widget-mobile__width-inherit elementor-widget elementor-widget-image\" data-id=\"a224ceb\" data-element_type=\"widget\" data-e-type=\"widget\" data-widget_type=\"image.default\">\n\t\t\t\t<div class=\"elementor-widget-container\">\n\t\t\t\t\t\t\t\t\t\t\t\t\t\t\t\t<a href=\"https:\/\/www.yelumseguros.com.br\/Lists\/ManualProduto\/Manual%20Segurado_Yelum%20Resid%C3%AAncia_Out24.pdf\" target=\"_blank\">\n\t\t\t\t\t\t\t<img loading=\"lazy\" decoding=\"async\" width=\"113\" height=\"113\" src=\"https:\/\/www.mapma.com.br\/abrigo\/wp-content\/uploads\/2025\/02\/yelum-e1738959377953.jpg\" class=\"attachment-full size-full wp-image-2176\" alt=\"\" \/>\t\t\t\t\t\t\t\t<\/a>\n\t\t\t\t\t\t\t\t\t\t\t\t\t\t\t<\/div>\n\t\t\t\t<\/div>\n\t\t\t\t<\/div>\n\t\t\t\t<\/div>\n\t\t\t\t<\/div>\n\t\t\t\t\t<\/div>\n\t\t\t\t<\/div>\n\t\t<div class=\"elementor-element elementor-element-1070220 e-flex e-con-boxed e-con e-parent\" data-id=\"1070220\" data-element_type=\"container\" data-e-type=\"container\" data-settings=\"{&quot;background_background&quot;:&quot;classic&quot;}\">\n\t\t\t\t\t<div class=\"e-con-inner\">\n\t\t\t\t<div class=\"elementor-element elementor-element-da14dbd elementor-widget__width-initial elementor-widget elementor-widget-toggle\" data-id=\"da14dbd\" data-element_type=\"widget\" data-e-type=\"widget\" data-widget_type=\"toggle.default\">\n\t\t\t\t<div class=\"elementor-widget-container\">\n\t\t\t\t\t\t\t<div class=\"elementor-toggle\">\n\t\t\t\t\t\t\t<div class=\"elementor-toggle-item\">\n\t\t\t\t\t<div id=\"elementor-tab-title-2281\" class=\"elementor-tab-title\" data-tab=\"1\" role=\"button\" aria-controls=\"elementor-tab-content-2281\" aria-expanded=\"false\">\n\t\t\t\t\t\t\t\t\t\t\t\t<a class=\"elementor-toggle-title\" tabindex=\"0\">ASSIST\u00caNCIA 24H (CAPITAIS)<\/a>\n\t\t\t\t\t<\/div>\n\n\t\t\t\t\t<div id=\"elementor-tab-content-2281\" class=\"elementor-tab-content elementor-clearfix\" data-tab=\"1\" role=\"region\" aria-labelledby=\"elementor-tab-title-2281\"><p><strong>Allianz:<\/strong>&nbsp;0800-130-700<\/p>\n<p><strong>Aliro Seguro:<\/strong>&nbsp;0800 770 1318<\/p>\n<p><strong>Azul Seguros:<\/strong>&nbsp;4004-3700<\/p>\n<p><strong>Bradesco Seguros:<\/strong>&nbsp;4004-2757 \/ 4004-2713 (Prime) \/ WhatsApp (clientes) 21 4004-2702<span style=\"font-size: 1rem; color: #000000; font-family: Aptos, Aptos_EmbeddedFont, Aptos_MSFontService, Calibri, Helvetica, sans-serif;\">&nbsp;<\/span><\/p>\n<p><strong>Porto Seguro:<\/strong>&nbsp;4004-76786 \/ Capitais e grandes centros 3004-6268 \/ Demais localidades 08007278118 \/ WhatsApp 11 3003-9309<\/p>\n<p><strong>Tokio Marine:<\/strong>&nbsp;0800-31-86546 \/ 0800-20-86546 (carro reserva)<\/p>\n<p><strong>Yelum<\/strong>: 0800 702 5100<\/p><\/div>\n\t\t\t\t<\/div>\n\t\t\t\t\t\t\t<div class=\"elementor-toggle-item\">\n\t\t\t\t\t<div id=\"elementor-tab-title-2282\" class=\"elementor-tab-title\" data-tab=\"2\" role=\"button\" aria-controls=\"elementor-tab-content-2282\" aria-expanded=\"false\">\n\t\t\t\t\t\t\t\t\t\t\t\t<a class=\"elementor-toggle-title\" tabindex=\"0\">AVISO DE SINISTRO (CAPITAIS)<\/a>\n\t\t\t\t\t<\/div>\n\n\t\t\t\t\t<div id=\"elementor-tab-content-2282\" class=\"elementor-tab-content elementor-clearfix\" data-tab=\"2\" role=\"region\" aria-labelledby=\"elementor-tab-title-2282\"><p><strong>Allianz:<\/strong>\u00a04090-1110<\/p><p><strong>Aliro Seguros:<\/strong>\u00a03003 2127<\/p><p><strong>Azul Seguros:<\/strong>\u00a04004-3700<\/p><p><strong>Bradesco Seguros:<\/strong>\u00a04004-2757 \/ WhatsApp (clientes) 21 4004-2702<span style=\"font-size: 1rem; color: #000000; font-family: Aptos, Aptos_EmbeddedFont, Aptos_MSFontService, Calibri, Helvetica, sans-serif;\">\u00a0<\/span><\/p><p><strong>Liberty Seguros:<\/strong>\u00a04004-5423<\/p><p><strong>Porto Seguro:<\/strong>\u00a04004-76786 \/ Capitais e grandes centros 3004-6268 \/ Demais localidades 08007278118 \/ WhatsApp 11 3003-9303\u00a0<\/p><div><span style=\"color: black; font-family: Aptos, Aptos_EmbeddedFont, Aptos_MSFontService, Calibri, Helvetica, sans-serif; font-size: 12pt; font-weight: bolder;\"><u>\u00a0<\/u><\/span><\/div><p><strong>Tokio Marine:<\/strong>\u00a00300-33-86546<\/p><p><strong>Yelum<\/strong>: 0800 702 5100<\/p><\/div>\n\t\t\t\t<\/div>\n\t\t\t\t\t\t\t<div class=\"elementor-toggle-item\">\n\t\t\t\t\t<div id=\"elementor-tab-title-2283\" class=\"elementor-tab-title\" data-tab=\"3\" role=\"button\" aria-controls=\"elementor-tab-content-2283\" aria-expanded=\"false\">\n\t\t\t\t\t\t\t\t\t\t\t\t<a class=\"elementor-toggle-title\" tabindex=\"0\">ATENDIMENTO A DEMAIS REGI\u00d5ES<\/a>\n\t\t\t\t\t<\/div>\n\n\t\t\t\t\t<div id=\"elementor-tab-content-2283\" class=\"elementor-tab-content elementor-clearfix\" data-tab=\"3\" role=\"region\" aria-labelledby=\"elementor-tab-title-2283\"><p><strong>Allianz:<\/strong>&nbsp;0800-777-7243<\/p>\n<p><strong>Aliro Seguros:<\/strong>&nbsp;0800 220 2127<\/p>\n<p><strong>Azul Seguros:<\/strong>&nbsp;0800-703-0203 \/ 0300-123-2985<\/p>\n<p><strong>Bradesco Seguros:<\/strong>&nbsp;0800-701-2757 \/ 0800-701-2713 (Prime) \/ WhatsApp (clientes) 21 4004-2702<\/p>\n<p><strong>Porto Seguro:<\/strong>&nbsp;0800-727-0800 \/ Capitais e grandes centros 3004-6268 \/ Demais localidades 08007278118 \/ WhatsApp 11 3003-9303<span style=\"color: black; font-family: Aptos, Aptos_EmbeddedFont, Aptos_MSFontService, Calibri, Helvetica, sans-serif; font-size: 12pt;\">&nbsp;<\/span><\/p>\n<div><span style=\"color: black; font-family: Aptos, Aptos_EmbeddedFont, Aptos_MSFontService, Calibri, Helvetica, sans-serif; font-size: 12pt; font-weight: bolder;\"><u><br><\/u><\/span><\/div>\n<p><strong>Tokio Marine:<\/strong>&nbsp;0300-33-86546<\/p>\n<p><strong>Yelum<\/strong>: 0800 702 5100<\/p><\/div>\n\t\t\t\t<\/div>\n\t\t\t\t\t\t\t\t<\/div>\n\t\t\t\t\t\t<\/div>\n\t\t\t\t<\/div>\n\t\t\t\t\t<\/div>\n\t\t\t\t<\/div>\n\t\t\t\t<\/div>\n\t\t","protected":false},"excerpt":{"rendered":"<p>Seguro Residencial SEGURO PARA FAM\u00cdLIA NAVAL O Abrigo do Marinheiro, em parceria com a Corretora Mapma, opera com as seguradoras abaixo. Para conhecer as Condi\u00e7\u00f5es Gerais de cada uma, basta clicar sobre a logo desejada. QUEM PODE ADERIR O ingresso nas carteiras de seguros do AMN \u00e9 volunt\u00e1rio e pode ocorrer a qualquer \u00e9poca, constituindo-se [&hellip;]<\/p>\n","protected":false},"author":1,"featured_media":0,"parent":0,"menu_order":0,"comment_status":"closed","ping_status":"closed","template":"elementor_header_footer","meta":{"_joinchat":[],"footnotes":""},"class_list":["post-581","page","type-page","status-publish","hentry"],"_links":{"self":[{"href":"https:\/\/www.mapma.com.br\/abrigo\/wp-json\/wp\/v2\/pages\/581","targetHints":{"allow":["GET"]}}],"collection":[{"href":"https:\/\/www.mapma.com.br\/abrigo\/wp-json\/wp\/v2\/pages"}],"about":[{"href":"https:\/\/www.mapma.com.br\/abrigo\/wp-json\/wp\/v2\/types\/page"}],"author":[{"embeddable":true,"href":"https:\/\/www.mapma.com.br\/abrigo\/wp-json\/wp\/v2\/users\/1"}],"replies":[{"embeddable":true,"href":"https:\/\/www.mapma.com.br\/abrigo\/wp-json\/wp\/v2\/comments?post=581"}],"version-history":[{"count":97,"href":"https:\/\/www.mapma.com.br\/abrigo\/wp-json\/wp\/v2\/pages\/581\/revisions"}],"predecessor-version":[{"id":2691,"href":"https:\/\/www.mapma.com.br\/abrigo\/wp-json\/wp\/v2\/pages\/581\/revisions\/2691"}],"wp:attachment":[{"href":"https:\/\/www.mapma.com.br\/abrigo\/wp-json\/wp\/v2\/media?parent=581"}],"curies":[{"name":"wp","href":"https:\/\/api.w.org\/{rel}","templated":true}]}}