{"id":545,"date":"2023-06-29T23:55:10","date_gmt":"2023-06-29T23:55:10","guid":{"rendered":"https:\/\/www.mapma.com.br\/abrigo\/?page_id=545"},"modified":"2025-06-02T15:37:56","modified_gmt":"2025-06-02T15:37:56","slug":"acidentes-pessoais","status":"publish","type":"page","link":"https:\/\/www.mapma.com.br\/abrigo\/acidentes-pessoais\/","title":{"rendered":"Acidentes Pessoais"},"content":{"rendered":"\t\t<div data-elementor-type=\"wp-page\" data-elementor-id=\"545\" class=\"elementor elementor-545\" data-elementor-post-type=\"page\">\n\t\t\t\t<div class=\"elementor-element elementor-element-5ced754 e-flex e-con-boxed e-con e-parent\" data-id=\"5ced754\" data-element_type=\"container\" data-e-type=\"container\" data-settings=\"{&quot;background_background&quot;:&quot;classic&quot;}\">\n\t\t\t\t\t<div class=\"e-con-inner\">\n\t\t<div class=\"elementor-element elementor-element-8915d03 e-con-full e-flex e-con e-child\" data-id=\"8915d03\" data-element_type=\"container\" data-e-type=\"container\">\n\t\t\t\t<div class=\"elementor-element elementor-element-0a02680 elementor-widget elementor-widget-heading\" data-id=\"0a02680\" data-element_type=\"widget\" data-e-type=\"widget\" data-widget_type=\"heading.default\">\n\t\t\t\t<div class=\"elementor-widget-container\">\n\t\t\t\t\t<h2 class=\"elementor-heading-title elementor-size-default\">Seguro de Acidentes Pessoais<\/h2>\t\t\t\t<\/div>\n\t\t\t\t<\/div>\n\t\t\t\t<\/div>\n\t\t\t\t\t<\/div>\n\t\t\t\t<\/div>\n\t\t<div class=\"elementor-element elementor-element-1070220 e-flex e-con-boxed e-con e-parent\" data-id=\"1070220\" data-element_type=\"container\" data-e-type=\"container\" data-settings=\"{&quot;background_background&quot;:&quot;classic&quot;}\">\n\t\t\t\t\t<div class=\"e-con-inner\">\n\t\t\t\t<div class=\"elementor-element elementor-element-60b2d86 elementor-widget__width-initial elementor-widget elementor-widget-text-editor\" data-id=\"60b2d86\" data-element_type=\"widget\" data-e-type=\"widget\" data-widget_type=\"text-editor.default\">\n\t\t\t\t<div class=\"elementor-widget-container\">\n\t\t\t\t\t\t\t\t\t<p>O Abrigo do Marinheiro, juntamente com a PRUDENTIAL DO BRASIL e a MAPMA Corretora, oferecem a Carteira Coletiva de Seguro de Acidentes Pessoais para o Pessoal da Marinha (SAPS-MB). Al\u00e9m das garantias do pr\u00f3prio seguro, o segurado concorre a R$ 50.000,00, todas as semanas, com dois n\u00fameros.<\/p><p>Com apenas R$ 10,01 debitados automaticamente no Bilhete de Pagamento, o usu\u00e1rio passa a contar com todas as coberturas do Seguro de Acidentes Pessoais fornecidos pela PRUDENTIAL DO BRASIL, al\u00e9m de concorrer ao pr\u00eamio em dinheiro todas as semanas.<\/p><p>As coberturas est\u00e3o previstas para o caso de morte acidental, na qual o(a) benefici\u00e1rio(a) receber\u00e1 R$ 26.310,64; e para os casos de Invalidez Permanente, Total ou Parcial, por Acidente, nas quais o pr\u00f3prio segurado receber\u00e1 at\u00e9 R$ 26.310,64.<\/p><p>Para abreviar o tempo de ades\u00e3o, basta procurar um representante do AMN mais pr\u00f3ximo do seu local de trabalho, preencher o cart\u00e3o-proposta e aguardar o retorno da seguradora. O usu\u00e1rio receber\u00e1 o Certificado Individual e poder\u00e1 desfrutar de todas as vantagens com total tranquilidade.<\/p><p><strong>Grupo Especial<\/strong><\/p><p>A CONTRATADA obriga-se a dar cobertura de seguro para Acidentes Pessoais aos componentes do Grupo Especial, quando ocorrerem em efetivo servi\u00e7o, ficando os custos inteiramente \u00e0 sua conta, sem quaisquer \u00f4nus para os segurados da SAPS-MB, para o ESTIPULANTE ou para o citado Grupo Especial. O Grupo Especial \u00e9 composto por:<\/p><p>a) Aspirantes da Escola Naval, Alunos das Escolas de Forma\u00e7\u00e3o de Oficiais da Marinha Mercante, Alunos do Col\u00e9gio Naval, alunos da Escola T\u00e9cnica do Arsenal do Rio de Janeiro (ETAM), Aprendizes-Marinheiros, Grumetes e Recrutas;<\/p><p>b) estudantes, de qualquer n\u00edvel, que estejam oficialmente fazendo est\u00e1gio na MB e\/ou no Abrigo do Marinheiro; e<\/p><p>c) alunos civis do Ensino Profissional Mar\u00edtimo (EPM), regularmente matriculados em curso previsto no Programa de Ensino Profissional Mar\u00edtimo (PREPOM). Os Capitais Segurados ser\u00e3o calculados sobre o Capital Segurado para cada componente do SAPS-MB, conforme os percentuais abaixo:<\/p><p>Morte Acidental \u2026\u2026\u2026\u2026\u2026\u2026\u2026\u2026\u2026.. 35,2%<br \/>Invalidez por Acidente \u2026\u2026\u2026\u2026\u2026\u2026 35,2%<br \/>Despesas M\u00e9dico\/Hospitalares \u2026.. 14,3%<\/p><p>Para efeito desta cobertura, o ESTIPULANTE dever\u00e1 obter da Administra\u00e7\u00e3o Naval, c\u00f3pias dos documentos que caracterizem militares e civis como componentes deste Grupo. Para a liquida\u00e7\u00e3o do sinistro, a CONTRATADA poder\u00e1 solicitar documentos, al\u00e9m dos obrigat\u00f3rios, que comprovem a condi\u00e7\u00e3o do segurado como componente do Grupo Especial na data do sinistro.<\/p><p><strong>Ades\u00e3o e Atualiza\u00e7\u00e3o<\/strong><\/p><p>Para a realiza\u00e7\u00e3o de ades\u00f5es e atualiza\u00e7\u00f5es cadastrais, dever\u00e1 preencher a\u00a0<a href=\"https:\/\/www.mapma.com.br\/abrigo\/wp-content\/uploads\/2025\/02\/Proposta-de-Adesao-AP-1.pdf\" target=\"_blank\" rel=\"noopener\">Proposta de Ades\u00e3o\/Atualiza\u00e7\u00e3o<\/a>\u00a0e entreg\u00e1-la pessoalmente em um dos postos de atendimento do Abrigo do Marinheiro\u00a0ou envi\u00e1-lo para o Posto de Atendimento do Abrigo do Marinheiro \u2013 Divis\u00e3o de Seguro de Vida \u2013 Pra\u00e7a Bar\u00e3o de Lad\u00e1rio s\/n\u00ba \u2013 Centro, Rio de Janeiro, CEP 20091-000, RJ, aos cuidados do setor de cadastro.<\/p><p><strong>Sinopse do Contrato da Carteira Coletiva do Seguro de Acidentes Pessoais do Pessoal da Marinha (SAPS-MB) \u2013 Seguro Garantido pela MAG SEGUROS<\/strong><\/p><p>A Carteira Coletiva do Seguro de Acidentes Pessoais do Pessoal da Marinha (SAPS-MB), regida segundo \u201cCondi\u00e7\u00f5es Particulares\u201d pr\u00f3prias, das quais decorreu um Contrato firmado entre o AMN, como representante dos Segurados, seguradora PRUDENTIAL DO BRASIL SEGUROS S.A. (PRUDENTIAL DO BRASIL) \u00a0e a Corretora MAPMA. As \u201cCondi\u00e7\u00f5es Particulares\u201d supracitadas, por constitu\u00edrem as caracter\u00edsticas b\u00e1sicas do SAPS-MB, sempre prevalecem sobre quaisquer outras normalmente seguidas pelo mercado segurador ou que venham a ser suscitadas pela Seguradora e\/ou pelo Segurado. Assim, ressalva-se que ao aderir ao SAPS-MB, al\u00e9m de delegar total compet\u00eancia ao AMN, l\u00eddimo Estipulante da Carteira, para contratar Seguradora, alterar, renovar ou cancelar o contrato vigente, o Segurado estar\u00e1 aceitando as \u201cCondi\u00e7\u00f5es Particulares\u201d nas quais se pauta o Contrato, respeitadas as Normas legais que regem o Seguro de Acidentes Pessoais. Por se tratar de Carteira coletiva, n\u00e3o s\u00e3o emitidas Ap\u00f3lices individuais. Desse modo, a prova documental da ades\u00e3o ao SAPS-MB \u00e9, basicamente, o Bilhete de Pagamento (BP) com o desconto em dia, correspondente ao pr\u00eamio (mensalidade) devido ou, quando for o caso, o Boleto Banc\u00e1rio pago, emitido em nome do Consignante. Por esta raz\u00e3o, o Segurado deve estar sempre atento \u00e0s suas consigna\u00e7\u00f5es em BP e, caso haja diverg\u00eancias, dever\u00e1 dar ci\u00eancia \u00e0 Corretora ou ao AMN, visando regularizar a situa\u00e7\u00e3o. Caso o Segurado realize o pagamento dos pr\u00eamios via Boleto Banc\u00e1rio ou D\u00e9bito em Conta, deve comunicar a Corretora ou o AMN quando por qualquer raz\u00e3o deixar de receber o Boleto ou n\u00e3o identificar a ocorr\u00eancia do d\u00e9bito pendente. Toda e qualquer altera\u00e7\u00e3o no SAPS-MB que seja de interesse do Grupo Segurado ser\u00e1 divulgada por Boletim de Ordens e Not\u00edcias (BONO). Sempre que poss\u00edvel, tais altera\u00e7\u00f5es tamb\u00e9m ser\u00e3o publicadas em outros meios de divulga\u00e7\u00e3o buscando-se atingir, ao m\u00e1ximo, os Segurados em geral.<\/p><p>O Segurado poder\u00e1 alterar a qualquer tempo seus benefici\u00e1rios e tamb\u00e9m dever\u00e1 manter atualizado os seus dados cadastrais, especialmente os que permitam \u00e0 SEGURADORA e\/ou ao Estipulante se comunicarem com o mesmo. Para isto, dever\u00e1 preencher a\u00a0<a href=\"https:\/\/www.mapma.com.br\/abrigo\/wp-content\/uploads\/2025\/02\/Proposta-de-Adesao-AP-1.pdf\" target=\"_blank\" rel=\"noopener\">Proposta de Ades\u00e3o\/Atualiza\u00e7\u00e3o<\/a>\u00a0e entreg\u00e1-la pessoalmente em um dos postos de atendimento do Abrigo do Marinheiro ou envi\u00e1-lo para o Posto de Atendimento do Abrigo do Marinheiro \u2013 Divis\u00e3o de Seguro de Vida \u2013 Pra\u00e7a Bar\u00e3o de Lad\u00e1rio s\/n\u00b0 \u2013 Centro, Rio de Janeiro, CEP 20091-000, RJ.<\/p><p>A seguir, transcrevem-se algumas defini\u00e7\u00f5es contratuais e os t\u00f3picos pertinentes, julgados como sendo de maior interesse para os Segurados:<\/p><p><strong>Benefici\u00e1rios<br \/><\/strong><br \/><strong>I)<\/strong>\u00a0Os Benefici\u00e1rios, para o SAPS-MB, s\u00e3o os seguintes:<br \/><strong>a) Em caso de Morte Acidental do Segurado:\u00a0<\/strong>a(s) pessoa(s) por ele institu\u00edda(s), por sua livre e espont\u00e2nea vontade, \u00e0(s) qual(is) deve(m) ser pago(s) o(s) Benef\u00edcio(s) do seguro, de acordo com o(s) percentual(ais) por ele designado(s) a cada Benefici\u00e1rio ou, em partes iguais, caso ele n\u00e3o tenha feito tal distribui\u00e7\u00e3o<strong>;<\/strong><\/p><p><strong>b) Em caso de Invalidez Permanente, Total ou Parcial, por Acidente:<\/strong>\u00a0o Segurado Inv\u00e1lido.<br \/><strong>II)<\/strong>\u00c9 facultado ao Segurado a qualquer \u00e9poca, n\u00e3o s\u00f3 retirar ou acrescentar benefici\u00e1rios, mas tamb\u00e9m alterar os percentuais do Capital Segurado destinado a cada um deles, prevalecendo sempre a \u00faltima altera\u00e7\u00e3o feita.<br \/><strong>III)<\/strong>\u00a0Na falta do Benefici\u00e1rio designado, o Capital Segurado ser\u00e1 pago na forma estabelecida pela Lei n\u00ba 10.406, de 10 de janeiro de 2002.<\/p><p><strong>Capital Segurado<br \/><\/strong><\/p><p>\u00c9 a import\u00e2ncia m\u00e1xima a ser paga pela SEGURADORA para cada garantia contratada, no caso da ocorr\u00eancia de sinistro.<br \/><strong>As garantias existentes na Carteira do\u00a0<\/strong>SAPS-MB<strong>\u00a0s\u00e3o as seguintes:<\/strong><br \/><strong>I \u2013 Morte Acidental\u00a0<\/strong>\u2013 paga aos benefici\u00e1rios uma indeniza\u00e7\u00e3o igual a 100% do Capital Segurado, em caso de morte acidental do Segurado, no valor vigente na data do acidente;<br \/><strong>II \u2013 Invalidez Permanente, Total ou Parcial, por Acidente (lPA)\u00a0<\/strong>\u2013 paga ao Segurado indeniza\u00e7\u00e3o de\u00a0<strong>at\u00e9\u00a0<\/strong>100% do Capital Segurado, no valor vigente na data do acidente, em conformidade com a \u201cTabela de Indeniza\u00e7\u00e3o para Invalidez Permanente\u201d; caso lhe ocorra invalidez permanente por acidente.<\/p><p><strong>Benef\u00edcios<\/strong><\/p><p>O Segurado concorre a pr\u00eamios semanais de R$50.000,00, em t\u00edtulos de Capitaliza\u00e7\u00e3o, por meio de sorteios com base nas extra\u00e7\u00f5es da Loteria Federal, promovidas pela Caixa Econ\u00f4mica Federal.<\/p><p><strong>Certificado Individual<\/strong><\/p><p>\u00c9 o documento formal, emitido pela SEGURADORA em nome do Segurado, contendo o demonstrativo das garantias contratadas.<\/p><p><strong>Estipulante<\/strong><\/p><p>\u00c9 a Pessoa Jur\u00eddica que contrata ap\u00f3lice coletiva de seguros, ficando investida dos poderes de representa\u00e7\u00e3o dos segurados perante a SEGURADORA. Para o SAPS-MB, o ESTIPULANTE \u00e9 o Abrigo do Marinheiro (AMN) que, nos termos do Decreto-Lei n\u00ba 73, de 21\/11\/66 e da Resolu\u00e7\u00e3o CNSP N\u00b0 434, de 2021\u00a0, \u00e9 o l\u00eddimo mandat\u00e1rio dos segurados e, como tal, est\u00e1 investido dos poderes por eles outorgados.<\/p><p><strong>Grupo Segur\u00e1vel<\/strong><\/p><p>\u00c9 o conjunto das pessoas que t\u00eam v\u00ednculo de remunera\u00e7\u00e3o com a MB, ou seja, o grupo constitu\u00eddo por militares e servidores civis da Marinha, ativos e inativos (entendendo-se como inativos os militares na situa\u00e7\u00e3o de reserva remunerada ou reforma e os servidores civis aposentados), por pensionistas de militares e de servidores civis da Marinha, bem como seus respectivos c\u00f4njuges, filho(s) e ascendentes, al\u00e9m dos funcion\u00e1rios e dirigentes do ESTIPULANTE.<\/p><p>O(a) companheiro(a) \u00e9 equiparado(a) a c\u00f4njuge, desde que os companheiros sejam solteiros, vi\u00favos, separados judicialmente ou divorciados e comprovem, documentalmente, a uni\u00e3o est\u00e1vel entre si, na forma da legisla\u00e7\u00e3o aplic\u00e1vel \u00e0 mat\u00e9ria.<\/p><p>Quando a titularidade do seguro abranger os ascendentes, c\u00f4njuge ou filhos maiores, as Propostas de Ades\u00e3o dever\u00e3o ser assinadas pelos pr\u00f3prios, com a indica\u00e7\u00e3o dos respectivos benefici\u00e1rios.<\/p><p><strong>Habilita\u00e7\u00e3o<\/strong><\/p><p>A habilita\u00e7\u00e3o do(s) benefici\u00e1rio(s) \u00e9 sempre feita junto ao AMN que, como Estipulante do Contrato, intermedia a liquida\u00e7\u00e3o do sinistro. Em caso de sinistro (falecimento acidental ou invalidez), o mesmo dever\u00e1 ser comunicado ao AMN, t\u00e3o logo seja poss\u00edvel, a fim de que sejam prestadas as informa\u00e7\u00f5es sobre a documenta\u00e7\u00e3o necess\u00e1ria \u00e0 habilita\u00e7\u00e3o e posterior liquida\u00e7\u00e3o. A prova documental da vig\u00eancia dos seguros \u00e9 a confirma\u00e7\u00e3o do Pagamento do pr\u00eamio pelo Consignante e\/ou respectivo(s) benefici\u00e1rio(s) dentro do prazo de at\u00e9 89 dias do vencimento do pr\u00eamio do m\u00eas do sinistro.<\/p><p><strong>Reabilita\u00e7\u00e3o<\/strong><\/p><p>\u00c9 o restabelecimento pleno dos direitos \u00e0s garantias do seguro, anteriormente restritas por falta de pagamento.\u00a0<strong>Todas as Reabilita\u00e7\u00f5es est\u00e3o sujeitas \u00e0 an\u00e1lise pr\u00e9via da Seguradora<\/strong>.<\/p><p><strong>Segurado<\/strong><\/p><p>\u00c9 qualquer pessoa que seja componente do SAPS-MB.<br \/><strong>Consignante<\/strong>\u00a0\u2013 \u00e9 o respons\u00e1vel pelo pagamento do pr\u00eamio mensal, consignado em seu Bilhete de Pagamento (BP).<\/p><p><strong>Risco<br \/><\/strong><br \/>\u00c9 o evento poss\u00edvel, futuro e incerto, fundamental para a exist\u00eancia do contrato de seguro.<\/p><p><strong>Acidente Pessoal<br \/><\/strong><\/p><p>\u00c9 o evento com data caracterizada, exclusivo e diretamente externo, s\u00fabito, involunt\u00e1rio e violento, causador de les\u00e3o f\u00edsica que, por si s\u00f3 e independente de toda e qualquer outra causa, tenha como consequ\u00eancia direta a morte ou a invalidez permanente, parcial ou total, do Segurado.<br \/><strong>I)<\/strong>\u00a0Para o SAPS-MB, os riscos cobertos s\u00e3o os seguintes, em qualquer parte do Globo Terrestre: Morte Acidental; e Invalidez Permanente por Acidente (lPA);<br \/><strong>II)<\/strong>\u00a0A condi\u00e7\u00e3o de Morte Acidental, para efeito da indeniza\u00e7\u00e3o, ser\u00e1 definida pelo competente Laudo Necrosc\u00f3pico. Na sua falta, surtir\u00e3o o mesmo efeito o Relat\u00f3rio e a Solu\u00e7\u00e3o do Inqu\u00e9rito Policial Militar, instaurado na Organiza\u00e7\u00e3o Militar da Marinha, \u00e0 qual competir \u00e0 apura\u00e7\u00e3o dos fatos pertinentes ao falecimento em causa.<br \/><strong>III)<\/strong>\u00a0A indeniza\u00e7\u00e3o por Invalidez Permanente, total ou parcial, em decorr\u00eancia de acidente, ser\u00e1 consumada a partir da alta m\u00e9dica definitiva do paciente, comprovada mediante apresenta\u00e7\u00e3o do competente Atestado de \u201cAlta ou Invalidez\u201d;<br \/><strong>IV) Riscos Exclu\u00eddos \u2013 N\u00e3o obstante o que em contr\u00e1rio possam dispor as Condi\u00e7\u00f5es Gerais e Especiais contratadas pelo presente seguro, fica entendido e concordado que este Contrato n\u00e3o cobre perdas e danos causados direta ou indiretamente por atos de terrorismo, independente do prop\u00f3sito de tais atos e desde que estes atos tenham sido devidamente atestados pela autoridade brasileira competente.<\/strong><\/p><p><strong>OBSERVA\u00c7\u00d5ES:<br \/><\/strong><strong>a)<\/strong>\u00a0para fim do SAPS-MB, acidente pessoal \u00e9 o evento com data caracterizada, exclusivo e diretamente externo, s\u00fabito, involunt\u00e1rio e violento, causador de les\u00e3o f\u00edsica que, por si s\u00f3 e independente de toda e qualquer outra causa, tenha como consequ\u00eancia direta a morte ou a invalidez permanente, parcial ou total, do Segurado.<\/p><p><strong>\u00a0<\/strong><strong>b)<\/strong>\u00a0Na Medicina, a palavra ACIDENTE \u00e9 comumente utilizada para denominar certas patologias, como por exemplo, o ACIDENTE VASCULAR CEREBRAL. Nestes casos, por n\u00e3o ocorrer o requisito de evento \u201cdiretamente externo\u201d; tais patologias n\u00e3o s\u00e3o caracterizadas como \u201cacidente\u201d para efeito de seguro de Acidentes Pessoais; e<\/p><p><strong>\u00a0<\/strong><strong>c) O Contrato firmado pelo AMN e a SEGURADORA n\u00e3o contempla cobertura de Invalidez por Doen\u00e7a (lPD).<\/strong><\/p><p><strong>Vig\u00eancia do Seguro<\/strong><\/p><p><strong>I) In\u00edcio\u00a0<\/strong>\u2013 Independentemente da data em que a SEGURADORA tenha emitido o correspondente CERTIFICADO, a cobertura do risco individual ter\u00e1 in\u00edcio \u00e0 zero hora do primeiro dia do m\u00eas em que ocorrer o primeiro desconto do pr\u00eamio no Bilhete de Pagamento (BP) do Consignante ou, no dia subsequente \u00e0 data em que for feito o pagamento do pr\u00eamio, mediante Boleto Banc\u00e1rio ou D\u00e9bito em Conta.<\/p><p><strong>II) Cancelamento\u00a0<\/strong>\u2013 \u00c9 facultado ao Segurado solicitar o cancelamento do seu Seguro em qualquer \u00e9poca,\u00a0<strong>a partir do 6\u00ba m\u00eas do in\u00edcio de vig\u00eancia de cada seguro.<\/strong>\u00a0Para tal, dever\u00e1 preencher o Formul\u00e1rio de Cancelamento, e envi\u00e1-lo para o Posto de Atendimento do Abrigo do Marinheiro \u2013 Divis\u00e3o de Seguro de Vida \u2013 Pra\u00e7a Bar\u00e3o de Lad\u00e1rio s\/n\u00b0 \u2013 Centro, Rio de Janeiro, CEP 20091-000, RJ, para que seja processado, pela SEGURADORA, o cancelamento da consigna\u00e7\u00e3o e da respectiva cobertura. O(s) seguro(s) tamb\u00e9m ser\u00e1(\u00e3o) cancelado(s) pela falta de pagamento de tr\u00eas mensalidades consecutivas ou atraso de uma ou mais mensalidades por um per\u00edodo superior a tr\u00eas meses. Para que isto seja evitado, a SEGURADORA expedir\u00e1 uma carta padr\u00e3o ao Segurado, ap\u00f3s a constata\u00e7\u00e3o do segundo inadimplemento, alertando-o sobre o cancelamento iminente da(s) cobertura(s). Caso o fato se repita pela terceira vez, a(s) cobertura(s) correspondente(s) ser\u00e1(\u00e3o) cancelada(s).<\/p><p>Ap\u00f3s efetuado o Cancelamento do Seguro s\u00f3 ser\u00e1 permitido o reingresso do Segurado cancelado, no SAPS-MB, ap\u00f3s seis meses da data de cancelamento. Caso o cancelamento tenha decorrido de inadimpl\u00eancia do Segurado, o reingresso do mesmo somente ser\u00e1 aceito ap\u00f3s a quita\u00e7\u00e3o dos pr\u00eamios n\u00e3o pagos anteriormente.<\/p><p><strong>As contrata\u00e7\u00f5es, altera\u00e7\u00f5es e cancelamentos do seguro da Carteira do\u00a0<\/strong>SAPS-MB\u00a0<strong>poder\u00e3o ser solicitados a qualquer momento. Entretanto, por seguir o calend\u00e1rio de altera\u00e7\u00f5es do pagamento da MB, as inclus\u00f5es, as retiradas e as altera\u00e7\u00f5es nos pr\u00eamios mensais poder\u00e3o n\u00e3o ser efetivadas no m\u00eas subsequente ao da solicita\u00e7\u00e3o (m\u00eas A+1). Isto depender\u00e1 do dia em que seja efetuada a solicita\u00e7\u00e3o. Assim, fica estabelecido o dia 20 de cada m\u00eas como o dia limite para que as solicita\u00e7\u00f5es possam ser implementadas para vigorarem no m\u00eas A+1. Ap\u00f3s aquele dia, as solicita\u00e7\u00f5es somente vigorar\u00e3o a partir do m\u00eas A+2. Em tempo, reitera-se que o Consignante \u00e9 o respons\u00e1vel pelo desconto mensal dos pr\u00eamios das coberturas contratadas para si, por seu c\u00f4njuge, filho(s) e ascendentes, caso segurados. Por esta raz\u00e3o, cabe ao mesmo a obriga\u00e7\u00e3o de conferir os seus pagamentos e, na falta da consigna\u00e7\u00e3o do(s) pr\u00eamio(s) em BP, do d\u00e9bito em sua conta banc\u00e1ria, ou do recebimento do seu carn\u00ea (Boletos Banc\u00e1rios), deve comunicar de imediato a Corretora ou o AMN, a fim de receber orienta\u00e7\u00f5es visando regularizar a situa\u00e7\u00e3o e manter os seus pagamentos em dia.<\/strong><\/p><p><strong>III) Reabilita\u00e7\u00e3o \u2013<\/strong>\u00a0N\u00e3o ser\u00e1 cobrado do Segurado e\/ou do ESTIPULANTE quaisquer acr\u00e9scimos sobre o(s) valor(es) do(s) pr\u00eamio(s) devido(s) por ocasi\u00e3o de eventual(is) reabilita\u00e7\u00e3o(\u00f5es) do(s) Seguro(s). Ocorrendo o sinistro durante o per\u00edodo de inadimplemento de at\u00e9 89 dias, poder\u00e1(\u00e3o) o(s) benefici\u00e1rio(s) fazer jus ao Benef\u00edcio, desde que proceda(m) \u00e0 reabilita\u00e7\u00e3o do(s) Seguro(s) em atraso, mediante a quita\u00e7\u00e3o dos pr\u00eamios, por Boleto Banc\u00e1rio, em favor da SEGURADORA.<\/p><p><strong>CARACTER\u00cdSTICAS DO SEGURO<br \/><\/strong><br \/><strong>1. Garantias:<\/strong><\/p><p><strong>a)\u00a0<\/strong>Morte Acidental; e<br \/><strong>b)\u00a0<\/strong>Invalidez Permanente, Total ou Parcial, por Acidente\u00a0<strong>(IPA).<\/strong><\/p><p><strong>2. Benef\u00edcios:<\/strong><br \/>T\u00edtulos de Capitaliza\u00e7\u00e3o, em sorteios semanais.<\/p><p><strong>3. Ades\u00e3o e Capitais Segurados:<\/strong><\/p><p><strong>3.1\u00a0<\/strong><strong>\u2013<\/strong>\u00a0A ades\u00e3o \u00e9 permitida aos componentes do Grupo Segur\u00e1vel com idade m\u00ednima de 18 anos, n\u00e3o havendo limite m\u00e1ximo de idade para aceita\u00e7\u00e3o dos segurados, tanto na aceita\u00e7\u00e3o da ap\u00f3lice, como para novas inclus\u00f5es.<br \/><strong>3.2\u00a0<\/strong>\u2013 O Capital Individual M\u00e1ximo, para as garantias de Morte Acidental e Invalidez Permanente Total ou Parcial por Acidente, ao qual o Segurado ter\u00e1 direito ser\u00e1 de R$125.491,95, ou seja, a cada Segurado ser\u00e1 permitido contratar, no m\u00e1ximo 5 planos.<\/p><p><strong>4. Car\u00eancia:<br \/><\/strong><br \/>a) \u00a0n\u00e3o h\u00e1;<\/p><p><strong>5.\u00a0<\/strong><strong>Grupo Especial<\/strong><\/p><p>\u00c9 composto de: Aspirantes da Escola Naval, Alunos das Escolas de Forma\u00e7\u00e3o de Oficiais da Marinha Mercante, Alunos do Col\u00e9gio Naval, os Alunos da Escola T\u00e9cnica do Arsenal de Marinha do Rio de Janeiro (ETAM), os Aprendizes-Marinheiros, Grumetes, Recrutas, os Estudantes, de qualquer n\u00edvel, que estejam oficialmente fazendo est\u00e1gio na MB, no Abrigo do Marinheiro e\/ou na Empresa Gerencial de Projetos Navais \u2013 EMGEPRON e os Alunos Civis do Ensino Profissional Mar\u00edtimo (EPM), regularmente matriculados em curso previsto no Programa de Ensino Profissional Mar\u00edtimo (PREPOM).<\/p><p>A CONTRATADA obriga-se a dar cobertura para Seguro de Acidentes Pessoais aos componentes do Grupo Especial, desde que o acidente ocorra quando os componentes estejam em efetivo servi\u00e7o e\/ou que ocorra no interior das depend\u00eancias das Organiza\u00e7\u00f5es Militares (OM), que executam cursos e\/ou quando alojados por motivo de frequ\u00eancia, durante a efetiva dura\u00e7\u00e3o dos cursos e\/ou por ocasi\u00e3o de deslocamento (ida e volta) em viatura oficial ou alugada com tal prop\u00f3sito, para aulas externas, ficando os custos inteiramente \u00e0 sua conta, sem quaisquer \u00f4nus para os segurados do SAPS-MB, para o ESTIPULANTE ou para o citado Grupo Especial. Os Capitais Segurados ser\u00e3o calculados sobre o Capital Segurado para cada componente do SAPS-MB, de acordo com os percentuais abaixo:<\/p><p>a) Morte Acidental \u2026\u2026\u2026\u2026\u2026\u2026\u2026\u2026\u2026\u202635,2%;<br \/>b) Invalidez por Acidente \u2026\u2026\u2026\u2026\u2026\u2026\u202635,2%; e<br \/>c) Despesas M\u00e9dico\/Hospitalares \u2026\u2026..14,3%<\/p><p><strong>Outras informa\u00e7\u00f5es<\/strong><\/p><p>Poder\u00e3o ser obtidas nos postos do AMN ou pelos telefones indicados no site:<br \/><a href=\"http:\/\/www.mapma.com.br\/abrigo\" target=\"_blank\" rel=\"noopener\" data-saferedirecturl=\"https:\/\/www.google.com\/url?hl=en-GB&amp;q=http:\/\/www.mapma.com.br\/abrigo\/index.htm&amp;source=gmail&amp;ust=1520354653577000&amp;usg=AFQjCNF-c4JwaVWAJmCe-5SCrzkaipYMKw\">www.mapma.com.br\/abrigo\/<\/a><\/p><p><strong>Atendimento ao cliente:<\/strong><br \/>Telefones: 0800 025 1312 \/ (21) 2102-1312 &gt; Op\u00e7\u00e3o 1 &gt; Op\u00e7\u00e3o 3<br \/><u><a href=\"mailto:segurovida@mapma.com.br\" target=\"_blank\" rel=\"noopener\">segurovida@mapma.com.br<\/a><\/u>\u00a0(Atendimento)<\/p><p><strong>Departamento de Sinistros:<\/strong><br \/>Telefone: (21) 2102-1358 \/ (21) 2102-1359<br \/><u><a href=\"mailto:sinistro01@mapma.com.br\" target=\"_blank\" rel=\"noopener\">sinistro01@mapma.com.br<\/a><\/u>\u00a0(Sinistros)<\/p>\t\t\t\t\t\t\t\t<\/div>\n\t\t\t\t<\/div>\n\t\t\t\t\t<\/div>\n\t\t\t\t<\/div>\n\t\t\t\t<\/div>\n\t\t","protected":false},"excerpt":{"rendered":"<p>Seguro de Acidentes Pessoais O Abrigo do Marinheiro, juntamente com a PRUDENTIAL DO BRASIL e a MAPMA Corretora, oferecem a Carteira Coletiva de Seguro de Acidentes Pessoais para o Pessoal da Marinha (SAPS-MB). Al\u00e9m das garantias do pr\u00f3prio seguro, o segurado concorre a R$ 50.000,00, todas as semanas, com dois n\u00fameros. Com apenas R$ 10,01 [&hellip;]<\/p>\n","protected":false},"author":1,"featured_media":0,"parent":0,"menu_order":0,"comment_status":"closed","ping_status":"closed","template":"elementor_header_footer","meta":{"_joinchat":[],"footnotes":""},"class_list":["post-545","page","type-page","status-publish","hentry"],"_links":{"self":[{"href":"https:\/\/www.mapma.com.br\/abrigo\/wp-json\/wp\/v2\/pages\/545","targetHints":{"allow":["GET"]}}],"collection":[{"href":"https:\/\/www.mapma.com.br\/abrigo\/wp-json\/wp\/v2\/pages"}],"about":[{"href":"https:\/\/www.mapma.com.br\/abrigo\/wp-json\/wp\/v2\/types\/page"}],"author":[{"embeddable":true,"href":"https:\/\/www.mapma.com.br\/abrigo\/wp-json\/wp\/v2\/users\/1"}],"replies":[{"embeddable":true,"href":"https:\/\/www.mapma.com.br\/abrigo\/wp-json\/wp\/v2\/comments?post=545"}],"version-history":[{"count":22,"href":"https:\/\/www.mapma.com.br\/abrigo\/wp-json\/wp\/v2\/pages\/545\/revisions"}],"predecessor-version":[{"id":2550,"href":"https:\/\/www.mapma.com.br\/abrigo\/wp-json\/wp\/v2\/pages\/545\/revisions\/2550"}],"wp:attachment":[{"href":"https:\/\/www.mapma.com.br\/abrigo\/wp-json\/wp\/v2\/media?parent=545"}],"curies":[{"name":"wp","href":"https:\/\/api.w.org\/{rel}","templated":true}]}}