{"id":275,"date":"2023-06-29T02:09:29","date_gmt":"2023-06-29T02:09:29","guid":{"rendered":"https:\/\/www.mapma.com.br\/abrigo\/?page_id=275"},"modified":"2025-06-16T02:10:25","modified_gmt":"2025-06-16T02:10:25","slug":"seguro-auto","status":"publish","type":"page","link":"https:\/\/www.mapma.com.br\/abrigo\/seguro-auto\/","title":{"rendered":"Seguro Auto"},"content":{"rendered":"\t\t<div data-elementor-type=\"wp-page\" data-elementor-id=\"275\" class=\"elementor elementor-275\" data-elementor-post-type=\"page\">\n\t\t\t\t<div class=\"elementor-element elementor-element-5ced754 e-flex e-con-boxed e-con e-parent\" data-id=\"5ced754\" data-element_type=\"container\" data-e-type=\"container\" data-settings=\"{&quot;background_background&quot;:&quot;classic&quot;}\">\n\t\t\t\t\t<div class=\"e-con-inner\">\n\t\t\t\t<div class=\"elementor-element elementor-element-0a02680 elementor-widget elementor-widget-heading\" data-id=\"0a02680\" data-element_type=\"widget\" data-e-type=\"widget\" data-widget_type=\"heading.default\">\n\t\t\t\t<div class=\"elementor-widget-container\">\n\t\t\t\t\t<h2 class=\"elementor-heading-title elementor-size-default\">Seguro Auto<\/h2>\t\t\t\t<\/div>\n\t\t\t\t<\/div>\n\t\t\t\t\t<\/div>\n\t\t\t\t<\/div>\n\t\t<div class=\"elementor-element elementor-element-454be42 e-flex e-con-boxed e-con e-parent\" data-id=\"454be42\" data-element_type=\"container\" data-e-type=\"container\" data-settings=\"{&quot;background_background&quot;:&quot;classic&quot;}\">\n\t\t\t\t\t<div class=\"e-con-inner\">\n\t\t\t\t<div class=\"elementor-element elementor-element-8c636db elementor-widget__width-initial elementor-widget elementor-widget-heading\" data-id=\"8c636db\" data-element_type=\"widget\" data-e-type=\"widget\" data-widget_type=\"heading.default\">\n\t\t\t\t<div class=\"elementor-widget-container\">\n\t\t\t\t\t<h2 class=\"elementor-heading-title elementor-size-default\">SEGURO PARA FAM\u00cdLIA NAVAL\n\n<\/h2>\t\t\t\t<\/div>\n\t\t\t\t<\/div>\n\t\t\t\t<div class=\"elementor-element elementor-element-3655657 elementor-widget__width-initial elementor-widget elementor-widget-heading\" data-id=\"3655657\" data-element_type=\"widget\" data-e-type=\"widget\" data-widget_type=\"heading.default\">\n\t\t\t\t<div class=\"elementor-widget-container\">\n\t\t\t\t\t<h2 class=\"elementor-heading-title elementor-size-default\">O Abrigo do Marinheiro, em parceria com a Corretora Mapma, opera com as seguradoras abaixo.\nPara conhecer as Condi\u00e7\u00f5es Gerais de cada uma, basta clicar sobre a logo desejada.<\/h2>\t\t\t\t<\/div>\n\t\t\t\t<\/div>\n\t\t\t\t<div class=\"elementor-element elementor-element-7ef07a3 elementor-widget__width-initial elementor-widget elementor-widget-heading\" data-id=\"7ef07a3\" data-element_type=\"widget\" data-e-type=\"widget\" data-widget_type=\"heading.default\">\n\t\t\t\t<div class=\"elementor-widget-container\">\n\t\t\t\t\t<h2 class=\"elementor-heading-title elementor-size-default\">QUEM PODE ADERIR\n\n\n\n\n<\/h2>\t\t\t\t<\/div>\n\t\t\t\t<\/div>\n\t\t\t\t<div class=\"elementor-element elementor-element-2a38a80 elementor-widget__width-initial elementor-widget elementor-widget-heading\" data-id=\"2a38a80\" data-element_type=\"widget\" data-e-type=\"widget\" data-widget_type=\"heading.default\">\n\t\t\t\t<div class=\"elementor-widget-container\">\n\t\t\t\t\t<h2 class=\"elementor-heading-title elementor-size-default\">O ingresso nas carteiras de seguros do AMN \u00e9 volunt\u00e1rio e pode ocorrer a qualquer \u00e9poca, constituindo-se prerrogativa exclusiva dos seus associados, militares e servidores civis, ex-combatentes e pensionistas da Marinha do Brasil, e respectivos c\u00f4njuges ou companheiros; pais; padrastos e madrastas; filhos; av\u00f4s; sogros; tios; irm\u00e3os; cunhados; netos; genros; noras; primos de 1\u00b0 grau; e sobrinhos, devendo o parentesco, em qualquer grau, ser comprovado mediante documento h\u00e1bil perante a CORRETORA.<\/h2>\t\t\t\t<\/div>\n\t\t\t\t<\/div>\n\t\t\t\t<div class=\"elementor-element elementor-element-da14dbd elementor-widget__width-initial elementor-widget elementor-widget-toggle\" data-id=\"da14dbd\" data-element_type=\"widget\" data-e-type=\"widget\" data-widget_type=\"toggle.default\">\n\t\t\t\t<div class=\"elementor-widget-container\">\n\t\t\t\t\t\t\t<div class=\"elementor-toggle\">\n\t\t\t\t\t\t\t<div class=\"elementor-toggle-item\">\n\t\t\t\t\t<div id=\"elementor-tab-title-2281\" class=\"elementor-tab-title\" data-tab=\"1\" role=\"button\" aria-controls=\"elementor-tab-content-2281\" aria-expanded=\"false\">\n\t\t\t\t\t\t\t\t\t\t\t\t<a class=\"elementor-toggle-title\" tabindex=\"0\">Seguro Franquia Auto<\/a>\n\t\t\t\t\t<\/div>\n\n\t\t\t\t\t<div id=\"elementor-tab-content-2281\" class=\"elementor-tab-content elementor-clearfix\" data-tab=\"1\" role=\"region\" aria-labelledby=\"elementor-tab-title-2281\"><p>Seguro\u00a0Franquia\u00a0Auto\u00a0\u00a0\u2013\u00a0Prote\u00e7\u00e3o\u00a0extra\u00a0para\u00a0o\u00a0seu\u00a0bolso!<\/p9>\n\n<p>Sabe\u00a0aquela\u00a0batida\u00a0que\u00a0acontece\u00a0do\u00a0nada\u00a0e\u00a0o\u00a0conserto\u00a0fica\u00a0um\u00a0pouco\u00a0acima\u00a0do\u00a0valor\u00a0da\u00a0franquia\u00a0do\u00a0seguro? <br>Isso\u00a0\u00e9\u00a0mais\u00a0comum\u00a0do\u00a0que\u00a0parece.\u00a0E,\u00a0nesses\u00a0casos,\u00a0mesmo\u00a0com\u00a0o\u00a0Seguro\u00a0Auto,\u00a0quem\u00a0paga\u00a0a\u00a0franquia\u00a0\u00e9\u00a0voc\u00ea.<\/p>\n\n<p>Mas\u00a0com\u00a0o\u00a0Seguro\u00a0Franquia\u00a0Auto\u00a0da\u00a0Aruana,\u00a0voc\u00ea\u00a0n\u00e3o\u00a0precisa\u00a0se\u00a0preocupar!\u00a0Se\u00a0o\u00a0valor\u00a0do\u00a0conserto\u00a0ultrapassar\u00a0<br>a\u00a0franquia\u00a0e\u00a0houver\u00a0pagamento\u00a0pela\u00a0seguradora,\u00a0n\u00f3s\u00a0cobrimos\u00a0esse\u00a0custo\u00a0para\u00a0voc\u00ea.<\/p>\n\n<p>\u00c9\u00a0uma\u00a0solu\u00e7\u00e3o\u00a0pr\u00e1tica,\u00a0acess\u00edvel\u00a0e\u00a0que\u00a0evita\u00a0aquele\u00a0gasto\u00a0inesperado\u00a0na\u00a0hora\u00a0que\u00a0voc\u00ea\u00a0menos\u00a0precisa.<\/p>\n\n<p>Vantagens:<\/p>\n\n<p>Voc\u00ea\u00a0n\u00e3o\u00a0paga\u00a0a\u00a0franquia\u00a0do\u00a0seu\u00a0seguro\u00a0Auto<\/p>\n\n<p>Prote\u00e7\u00e3o\u00a0para\u00a0os\u00a0imprevistos\u00a0do\u00a0dia\u00a0a\u00a0dia<\/p>\n\n<p>Custa\u00a0pouco\u00a0e\u00a0traz\u00a0muita\u00a0tranquilidade<\/p>\n\n<p>j\u00e1\u00a0o\u00a0seu\u00a0Seguro\u00a0Franquia\u00a0e\u00a0dirija\u00a0com\u00a0mais\u00a0seguran\u00e7a\u00a0e\u00a0menos\u00a0preocupa\u00e7\u00e3o!\n<\/p>\n\n<a href=\"https:\/\/www.mapma.com.br\/abrigo\/wp-content\/uploads\/2025\/06\/Anexo-da-Carta-proposta.pdf\"><button>Carta Proposta<\/button><\/a>\n<a href=\"https:\/\/www.mapma.com.br\/abrigo\/wp-content\/uploads\/2025\/06\/cond_gerais_franquia_2.pdf\"><button>Condi\u00e7\u00f5es Gerais<\/button><\/a><\/div>\n\t\t\t\t<\/div>\n\t\t\t\t\t\t\t\t<\/div>\n\t\t\t\t\t\t<\/div>\n\t\t\t\t<\/div>\n\t\t\t\t<div class=\"elementor-element elementor-element-747ca93 elementor-widget__width-initial elementor-widget elementor-widget-heading\" data-id=\"747ca93\" data-element_type=\"widget\" data-e-type=\"widget\" data-widget_type=\"heading.default\">\n\t\t\t\t<div class=\"elementor-widget-container\">\n\t\t\t\t\t<h2 class=\"elementor-heading-title elementor-size-default\">OBTER COTA\u00c7\u00c3O DE SEGURO<\/h2>\t\t\t\t<\/div>\n\t\t\t\t<\/div>\n\t\t\t\t<div class=\"elementor-element elementor-element-bb1bc72 elementor-widget__width-initial elementor-widget elementor-widget-text-editor\" data-id=\"bb1bc72\" data-element_type=\"widget\" data-e-type=\"widget\" data-widget_type=\"text-editor.default\">\n\t\t\t\t<div class=\"elementor-widget-container\">\n\t\t\t\t\t\t\t\t\t<p>Entre em contato com a corretora Mapma ao\u00a0<strong><a href=\"https:\/\/api.whatsapp.com\/send?phone=552122164800\" target=\"_blank\" rel=\"noopener\">clicar aqui<\/a><\/strong> ou pelos telefones:\u00a0<\/p><p><strong>Rio de Janeiro: (21) 2102-1312<\/strong><br \/><strong>Demais Localidades: 0800 025 1312<br \/>WhatsApp:\u00a0<a href=\"https:\/\/api.whatsapp.com\/send?phone=552122164800\" target=\"_blank\" rel=\"noopener\">(21) 2216-4800<\/a>\u00a0<\/strong><\/p><div class=\"vc_col-sm-10 wpb_column column_container vc_column_container col no-extra-padding instance-9\" data-border-radius=\"none\" data-shadow=\"none\" data-border-animation=\"\" data-border-animation-delay=\"\" data-border-width=\"none\" data-border-style=\"solid\" data-border-color=\"\" data-bg-cover=\"\" data-padding-pos=\"all\" data-has-bg-color=\"false\" data-bg-color=\"\" data-bg-opacity=\"1\" data-hover-bg=\"\" data-hover-bg-opacity=\"1\" data-animation=\"\" data-delay=\"0\"><div class=\"vc_column-inner\"><div class=\"wpb_wrapper\"><div class=\"wpb_text_column wpb_content_element \"><div class=\"wpb_wrapper\"><p>\u201cAcesse as Condi\u00e7\u00f5es Gerais do Auto clicando na logo correspondente \u00e0 seguradora desejada.\u201d<\/p><\/div><\/div><\/div><\/div><\/div>\t\t\t\t\t\t\t\t<\/div>\n\t\t\t\t<\/div>\n\t\t\t\t\t<\/div>\n\t\t\t\t<\/div>\n\t\t<div class=\"elementor-element elementor-element-c99393b e-flex e-con-boxed e-con e-parent\" data-id=\"c99393b\" data-element_type=\"container\" data-e-type=\"container\" data-settings=\"{&quot;background_background&quot;:&quot;classic&quot;}\">\n\t\t\t\t\t<div class=\"e-con-inner\">\n\t\t<div class=\"elementor-element elementor-element-5e82d92 e-con-full e-flex e-con e-child\" data-id=\"5e82d92\" data-element_type=\"container\" data-e-type=\"container\">\n\t\t<div class=\"elementor-element elementor-element-d496e4b e-con-full e-flex e-con e-child\" data-id=\"d496e4b\" data-element_type=\"container\" data-e-type=\"container\">\n\t\t<div class=\"elementor-element elementor-element-2aa770b e-con-full e-flex e-con e-child\" data-id=\"2aa770b\" data-element_type=\"container\" data-e-type=\"container\">\n\t\t\t\t<div class=\"elementor-element elementor-element-9e02599 elementor-widget__width-initial elementor-widget-mobile__width-inherit elementor-widget elementor-widget-image\" data-id=\"9e02599\" data-element_type=\"widget\" data-e-type=\"widget\" data-widget_type=\"image.default\">\n\t\t\t\t<div class=\"elementor-widget-container\">\n\t\t\t\t\t\t\t\t\t\t\t\t\t\t\t\t<a href=\"https:\/\/www.allianz.com.br\/content\/dam\/onemarketing\/iberolatam\/allianz-br\/documents\/seu-patrimonio\/auto\/CondGeraisSegAllianzAuto0622.pdf\" target=\"_blank\">\n\t\t\t\t\t\t\t<img decoding=\"async\" width=\"159\" height=\"159\" src=\"https:\/\/www.mapma.com.br\/abrigo\/wp-content\/uploads\/2023\/06\/allianz_2.jpg\" class=\"attachment-full size-full wp-image-315\" alt=\"\" srcset=\"https:\/\/www.mapma.com.br\/abrigo\/wp-content\/uploads\/2023\/06\/allianz_2.jpg 159w, https:\/\/www.mapma.com.br\/abrigo\/wp-content\/uploads\/2023\/06\/allianz_2-150x150.jpg 150w\" sizes=\"(max-width: 159px) 100vw, 159px\" \/>\t\t\t\t\t\t\t\t<\/a>\n\t\t\t\t\t\t\t\t\t\t\t\t\t\t\t<\/div>\n\t\t\t\t<\/div>\n\t\t\t\t<div class=\"elementor-element elementor-element-007d01e elementor-widget__width-initial elementor-widget-mobile__width-inherit elementor-widget elementor-widget-image\" data-id=\"007d01e\" data-element_type=\"widget\" data-e-type=\"widget\" data-widget_type=\"image.default\">\n\t\t\t\t<div class=\"elementor-widget-container\">\n\t\t\t\t\t\t\t\t\t\t\t\t\t\t\t\t<a href=\"https:\/\/www.libertyseguros.com.br\/Lists\/ManualProduto\/04.2022_CG%20LIBERTY%20PRODUTOS%20AUTO%20-%20SEGURADO.pdf\" target=\"_blank\">\n\t\t\t\t\t\t\t<img decoding=\"async\" width=\"159\" height=\"159\" src=\"https:\/\/www.mapma.com.br\/abrigo\/wp-content\/uploads\/2023\/06\/aliro.jpg\" class=\"attachment-full size-full wp-image-316\" alt=\"\" srcset=\"https:\/\/www.mapma.com.br\/abrigo\/wp-content\/uploads\/2023\/06\/aliro.jpg 159w, https:\/\/www.mapma.com.br\/abrigo\/wp-content\/uploads\/2023\/06\/aliro-150x150.jpg 150w\" sizes=\"(max-width: 159px) 100vw, 159px\" \/>\t\t\t\t\t\t\t\t<\/a>\n\t\t\t\t\t\t\t\t\t\t\t\t\t\t\t<\/div>\n\t\t\t\t<\/div>\n\t\t\t\t<div class=\"elementor-element elementor-element-a3138b3 elementor-widget__width-initial elementor-widget-mobile__width-inherit elementor-widget elementor-widget-image\" data-id=\"a3138b3\" data-element_type=\"widget\" data-e-type=\"widget\" data-widget_type=\"image.default\">\n\t\t\t\t<div class=\"elementor-widget-container\">\n\t\t\t\t\t\t\t\t\t\t\t\t\t\t\t\t<a href=\"https:\/\/www.azulseguros.com.br\/wp-content\/uploads\/2022\/07\/veiculo2207.pdf\" target=\"_blank\">\n\t\t\t\t\t\t\t<img decoding=\"async\" width=\"159\" height=\"159\" src=\"https:\/\/www.mapma.com.br\/abrigo\/wp-content\/uploads\/2023\/06\/azul1.jpg\" class=\"attachment-full size-full wp-image-317\" alt=\"\" srcset=\"https:\/\/www.mapma.com.br\/abrigo\/wp-content\/uploads\/2023\/06\/azul1.jpg 159w, https:\/\/www.mapma.com.br\/abrigo\/wp-content\/uploads\/2023\/06\/azul1-150x150.jpg 150w\" sizes=\"(max-width: 159px) 100vw, 159px\" \/>\t\t\t\t\t\t\t\t<\/a>\n\t\t\t\t\t\t\t\t\t\t\t\t\t\t\t<\/div>\n\t\t\t\t<\/div>\n\t\t\t\t<div class=\"elementor-element elementor-element-0257e03 elementor-widget__width-initial elementor-widget-mobile__width-inherit elementor-widget elementor-widget-image\" data-id=\"0257e03\" data-element_type=\"widget\" data-e-type=\"widget\" data-widget_type=\"image.default\">\n\t\t\t\t<div class=\"elementor-widget-container\">\n\t\t\t\t\t\t\t\t\t\t\t\t\t\t\t\t<a href=\"https:\/\/www.bradescoseguros.com.br\/clientes\/produtos\/seguro-auto\/condicoes-contratuais\" target=\"_blank\">\n\t\t\t\t\t\t\t<img loading=\"lazy\" decoding=\"async\" width=\"159\" height=\"159\" src=\"https:\/\/www.mapma.com.br\/abrigo\/wp-content\/uploads\/2023\/06\/bradescoseguros_2.jpg\" class=\"attachment-full size-full wp-image-318\" alt=\"\" srcset=\"https:\/\/www.mapma.com.br\/abrigo\/wp-content\/uploads\/2023\/06\/bradescoseguros_2.jpg 159w, https:\/\/www.mapma.com.br\/abrigo\/wp-content\/uploads\/2023\/06\/bradescoseguros_2-150x150.jpg 150w\" sizes=\"(max-width: 159px) 100vw, 159px\" \/>\t\t\t\t\t\t\t\t<\/a>\n\t\t\t\t\t\t\t\t\t\t\t\t\t\t\t<\/div>\n\t\t\t\t<\/div>\n\t\t\t\t<div class=\"elementor-element elementor-element-3593330 elementor-widget__width-initial elementor-widget-mobile__width-inherit elementor-widget elementor-widget-image\" data-id=\"3593330\" data-element_type=\"widget\" data-e-type=\"widget\" data-widget_type=\"image.default\">\n\t\t\t\t<div class=\"elementor-widget-container\">\n\t\t\t\t\t\t\t\t\t\t\t\t\t\t\t\t<a href=\"https:\/\/corretor.portoseguro.com.br\/col\/static-files\/documentos\/manuais\/3505_cg60.pdf\" target=\"_blank\">\n\t\t\t\t\t\t\t<img loading=\"lazy\" decoding=\"async\" width=\"159\" height=\"159\" src=\"https:\/\/www.mapma.com.br\/abrigo\/wp-content\/uploads\/2025\/05\/itau.jpg\" class=\"attachment-full size-full wp-image-2482\" alt=\"\" srcset=\"https:\/\/www.mapma.com.br\/abrigo\/wp-content\/uploads\/2025\/05\/itau.jpg 159w, https:\/\/www.mapma.com.br\/abrigo\/wp-content\/uploads\/2025\/05\/itau-150x150.jpg 150w\" sizes=\"(max-width: 159px) 100vw, 159px\" \/>\t\t\t\t\t\t\t\t<\/a>\n\t\t\t\t\t\t\t\t\t\t\t\t\t\t\t<\/div>\n\t\t\t\t<\/div>\n\t\t\t\t<\/div>\n\t\t<div class=\"elementor-element elementor-element-66a2af2 e-con-full e-flex e-con e-child\" data-id=\"66a2af2\" data-element_type=\"container\" data-e-type=\"container\">\n\t\t\t\t<div class=\"elementor-element elementor-element-10fb421 elementor-widget__width-initial elementor-widget-mobile__width-inherit elementor-widget elementor-widget-image\" data-id=\"10fb421\" data-element_type=\"widget\" data-e-type=\"widget\" data-widget_type=\"image.default\">\n\t\t\t\t<div class=\"elementor-widget-container\">\n\t\t\t\t\t\t\t\t\t\t\t\t\t\t\t\t<a href=\"https:\/\/www.portoseguro.com.br\/NovoInstitucional\/static_files\/CGs\/auto\/3402-Porto-Seguro-CG107-Protecao-Combinada.pdf\" target=\"_blank\">\n\t\t\t\t\t\t\t<img loading=\"lazy\" decoding=\"async\" width=\"159\" height=\"159\" src=\"https:\/\/www.mapma.com.br\/abrigo\/wp-content\/uploads\/2023\/06\/portoseguro_2.jpg\" class=\"attachment-full size-full wp-image-333\" alt=\"\" srcset=\"https:\/\/www.mapma.com.br\/abrigo\/wp-content\/uploads\/2023\/06\/portoseguro_2.jpg 159w, https:\/\/www.mapma.com.br\/abrigo\/wp-content\/uploads\/2023\/06\/portoseguro_2-150x150.jpg 150w\" sizes=\"(max-width: 159px) 100vw, 159px\" \/>\t\t\t\t\t\t\t\t<\/a>\n\t\t\t\t\t\t\t\t\t\t\t\t\t\t\t<\/div>\n\t\t\t\t<\/div>\n\t\t\t\t<div class=\"elementor-element elementor-element-d6bcabe elementor-widget__width-initial elementor-widget-mobile__width-inherit elementor-widget elementor-widget-image\" data-id=\"d6bcabe\" data-element_type=\"widget\" data-e-type=\"widget\" data-widget_type=\"image.default\">\n\t\t\t\t<div class=\"elementor-widget-container\">\n\t\t\t\t\t\t\t\t\t\t\t\t\t\t\t\t<a href=\"https:\/\/suhaiseguradora.com\/area-cliente\/condicoes-gerais\/\" target=\"_blank\">\n\t\t\t\t\t\t\t<img loading=\"lazy\" decoding=\"async\" width=\"159\" height=\"159\" src=\"https:\/\/www.mapma.com.br\/abrigo\/wp-content\/uploads\/2023\/08\/suhai-seguros.png\" class=\"attachment-full size-full wp-image-1559\" alt=\"\" srcset=\"https:\/\/www.mapma.com.br\/abrigo\/wp-content\/uploads\/2023\/08\/suhai-seguros.png 159w, https:\/\/www.mapma.com.br\/abrigo\/wp-content\/uploads\/2023\/08\/suhai-seguros-150x150.png 150w\" sizes=\"(max-width: 159px) 100vw, 159px\" \/>\t\t\t\t\t\t\t\t<\/a>\n\t\t\t\t\t\t\t\t\t\t\t\t\t\t\t<\/div>\n\t\t\t\t<\/div>\n\t\t\t\t<div class=\"elementor-element elementor-element-2f2bea3 elementor-widget__width-initial elementor-widget-mobile__width-inherit elementor-widget elementor-widget-image\" data-id=\"2f2bea3\" data-element_type=\"widget\" data-e-type=\"widget\" data-widget_type=\"image.default\">\n\t\t\t\t<div class=\"elementor-widget-container\">\n\t\t\t\t\t\t\t\t\t\t\t\t\t\t\t\t<a href=\"https:\/\/www.tokiomarine.com.br\/wp-content\/uploads\/2021\/05\/CG_Unificada-_Auto_Final-5.pdf\" target=\"_blank\">\n\t\t\t\t\t\t\t<img loading=\"lazy\" decoding=\"async\" width=\"159\" height=\"159\" src=\"https:\/\/www.mapma.com.br\/abrigo\/wp-content\/uploads\/2023\/06\/tokiomarine_2.jpg\" class=\"attachment-full size-full wp-image-332\" alt=\"\" srcset=\"https:\/\/www.mapma.com.br\/abrigo\/wp-content\/uploads\/2023\/06\/tokiomarine_2.jpg 159w, https:\/\/www.mapma.com.br\/abrigo\/wp-content\/uploads\/2023\/06\/tokiomarine_2-150x150.jpg 150w\" sizes=\"(max-width: 159px) 100vw, 159px\" \/>\t\t\t\t\t\t\t\t<\/a>\n\t\t\t\t\t\t\t\t\t\t\t\t\t\t\t<\/div>\n\t\t\t\t<\/div>\n\t\t\t\t<div class=\"elementor-element elementor-element-c189d30 elementor-widget__width-initial elementor-widget-mobile__width-inherit elementor-widget elementor-widget-image\" data-id=\"c189d30\" data-element_type=\"widget\" data-e-type=\"widget\" data-widget_type=\"image.default\">\n\t\t\t\t<div class=\"elementor-widget-container\">\n\t\t\t\t\t\t\t\t\t\t\t\t\t\t\t\t<a href=\"https:\/\/www.yelumseguros.com.br\/Lists\/ManualProduto\/Manual%20do%20Segurado%20Yelum_Nov2024.pdf\" target=\"_blank\">\n\t\t\t\t\t\t\t<img decoding=\"async\" src=\"https:\/\/www.mapma.com.br\/abrigo\/wp-content\/uploads\/elementor\/thumbs\/yelum-e1738959377953-r166c1fb7kxq663h0vag16sknubll8kq75bqgkcym8.jpg\" title=\"yelum\" alt=\"yelum\" loading=\"lazy\" \/>\t\t\t\t\t\t\t\t<\/a>\n\t\t\t\t\t\t\t\t\t\t\t\t\t\t\t<\/div>\n\t\t\t\t<\/div>\n\t\t\t\t<\/div>\n\t\t\t\t<\/div>\n\t\t\t\t<\/div>\n\t\t\t\t\t<\/div>\n\t\t\t\t<\/div>\n\t\t<div class=\"elementor-element elementor-element-1070220 e-flex e-con-boxed e-con e-parent\" data-id=\"1070220\" data-element_type=\"container\" data-e-type=\"container\" data-settings=\"{&quot;background_background&quot;:&quot;classic&quot;}\">\n\t\t\t\t\t<div class=\"e-con-inner\">\n\t\t\t\t<div class=\"elementor-element elementor-element-bb78c7b elementor-widget__width-initial elementor-widget elementor-widget-heading\" data-id=\"bb78c7b\" data-element_type=\"widget\" data-e-type=\"widget\" data-widget_type=\"heading.default\">\n\t\t\t\t<div class=\"elementor-widget-container\">\n\t\t\t\t\t<h2 class=\"elementor-heading-title elementor-size-default\">Quando acionar a Assist\u00eancia 24h?\n\n<\/h2>\t\t\t\t<\/div>\n\t\t\t\t<\/div>\n\t\t\t\t<div class=\"elementor-element elementor-element-f32f46a elementor-widget__width-initial elementor-widget elementor-widget-heading\" data-id=\"f32f46a\" data-element_type=\"widget\" data-e-type=\"widget\" data-widget_type=\"heading.default\">\n\t\t\t\t<div class=\"elementor-widget-container\">\n\t\t\t\t\t<h2 class=\"elementor-heading-title elementor-size-default\">Assist\u00eancia 24h \u00e9 um servi\u00e7o colocado \u00e0 disposi\u00e7\u00e3o do segurado, desde que contratado ou ofertado pela seguradora e consta especificado na ap\u00f3lice de seguro. Esse servi\u00e7o destina-se a atender o ve\u00edculo segurado em situa\u00e7\u00f5es de imobiliza\u00e7\u00e3o por pane mec\u00e2nica ou el\u00e9trica ou por imobiliza\u00e7\u00e3o em decorr\u00eancia de sinistro.\n<\/h2>\t\t\t\t<\/div>\n\t\t\t\t<\/div>\n\t\t\t\t<div class=\"elementor-element elementor-element-20c0424 elementor-widget__width-initial elementor-widget elementor-widget-heading\" data-id=\"20c0424\" data-element_type=\"widget\" data-e-type=\"widget\" data-widget_type=\"heading.default\">\n\t\t\t\t<div class=\"elementor-widget-container\">\n\t\t\t\t\t<h2 class=\"elementor-heading-title elementor-size-default\">Quando fazer o aviso de sinistro?\n\n\n<\/h2>\t\t\t\t<\/div>\n\t\t\t\t<\/div>\n\t\t\t\t<div class=\"elementor-element elementor-element-44802b8 elementor-widget__width-initial elementor-widget elementor-widget-heading\" data-id=\"44802b8\" data-element_type=\"widget\" data-e-type=\"widget\" data-widget_type=\"heading.default\">\n\t\t\t\t<div class=\"elementor-widget-container\">\n\t\t\t\t\t<h2 class=\"elementor-heading-title elementor-size-default\">Aviso de Sinistro \u2013 \u00c9 a comunica\u00e7\u00e3o espec\u00edfica de um sinistro que o segurado, terceiros ou seus representantes legais s\u00e3o obrigados a fazer \u00e0 seguradora. Esta comunica\u00e7\u00e3o deve ser feita imediatamente ap\u00f3s a ocorr\u00eancia do sinistro, independente de se ter utilizado os servi\u00e7os da assist\u00eancia 24 horas.\n\n<\/h2>\t\t\t\t<\/div>\n\t\t\t\t<\/div>\n\t\t\t\t<div class=\"elementor-element elementor-element-f0bb6e4 elementor-widget__width-initial elementor-widget elementor-widget-toggle\" data-id=\"f0bb6e4\" data-element_type=\"widget\" data-e-type=\"widget\" data-widget_type=\"toggle.default\">\n\t\t\t\t<div class=\"elementor-widget-container\">\n\t\t\t\t\t\t\t<div class=\"elementor-toggle\">\n\t\t\t\t\t\t\t<div class=\"elementor-toggle-item\">\n\t\t\t\t\t<div id=\"elementor-tab-title-2521\" class=\"elementor-tab-title\" data-tab=\"1\" role=\"button\" aria-controls=\"elementor-tab-content-2521\" aria-expanded=\"false\">\n\t\t\t\t\t\t\t\t\t\t\t\t<a class=\"elementor-toggle-title\" tabindex=\"0\">ASSIST\u00caNCIA 24H (CAPITAIS)<\/a>\n\t\t\t\t\t<\/div>\n\n\t\t\t\t\t<div id=\"elementor-tab-content-2521\" class=\"elementor-tab-content elementor-clearfix\" data-tab=\"1\" role=\"region\" aria-labelledby=\"elementor-tab-title-2521\"><p><strong>Allianz:<\/strong>\u00a00800-130-700<\/p><p><strong>Aliro Seguro:<\/strong>\u00a00800 770 1318<\/p><p><strong>Azul Seguros:<\/strong>\u00a04004-3700<\/p><p><strong>Bradesco Seguros:<\/strong>\u00a04004-2757 \/ 4004-2713 (Prime)<\/p><p><strong>Ita\u00fa Seguros:<\/strong> 3003-1010 \/ 0800 722 1722 (atendimento exclusivo para pessoas com defici\u00eancia auditiva, atrav\u00e9s de equipamento habilitado para essa finalidade).<\/p><p><strong>Porto Seguro:<\/strong> 4004-76786<\/p><p><strong>Suhai: <\/strong>3003-0335 \/ 0800-327-8424\u00a0<\/p><p><strong>Tokio Marine:<\/strong>\u00a00800-31-86546 \/ 0800-20-86546 (carro reserva)<\/p><p><strong>Yelum:<\/strong> 0800 702 5100<\/p><\/div>\n\t\t\t\t<\/div>\n\t\t\t\t\t\t\t<div class=\"elementor-toggle-item\">\n\t\t\t\t\t<div id=\"elementor-tab-title-2522\" class=\"elementor-tab-title\" data-tab=\"2\" role=\"button\" aria-controls=\"elementor-tab-content-2522\" aria-expanded=\"false\">\n\t\t\t\t\t\t\t\t\t\t\t\t<a class=\"elementor-toggle-title\" tabindex=\"0\">AVISO DE SINISTRO (CAPITAIS)<\/a>\n\t\t\t\t\t<\/div>\n\n\t\t\t\t\t<div id=\"elementor-tab-content-2522\" class=\"elementor-tab-content elementor-clearfix\" data-tab=\"2\" role=\"region\" aria-labelledby=\"elementor-tab-title-2522\"><p><strong>Allianz:<\/strong>\u00a04090-1110<\/p><p><strong>Aliro Seguros:<\/strong>\u00a03003 2127<\/p><p><strong>Azul Seguros:<\/strong>\u00a04004-3700<\/p><p><strong>Bradesco Seguros:<\/strong>\u00a04004-2757<\/p><p><strong>Suhai:<\/strong> 3003-0335<\/p><p><strong>Ita\u00fa Seguros:<\/strong> 3003-1010 \/ 0800 722 1722 (atendimento exclusivo para pessoas com defici\u00eancia auditiva, atrav\u00e9s de equipamento habilitado para essa finalidade).<\/p><p><strong>Porto Seguro:<\/strong>\u00a04004-76786<\/p><p><strong>Tokio Marine:<\/strong>\u00a00300-33-86546<\/p><p><strong>Yelum:<\/strong> 0800 702 5100<\/p><\/div>\n\t\t\t\t<\/div>\n\t\t\t\t\t\t\t<div class=\"elementor-toggle-item\">\n\t\t\t\t\t<div id=\"elementor-tab-title-2523\" class=\"elementor-tab-title\" data-tab=\"3\" role=\"button\" aria-controls=\"elementor-tab-content-2523\" aria-expanded=\"false\">\n\t\t\t\t\t\t\t\t\t\t\t\t<a class=\"elementor-toggle-title\" tabindex=\"0\">ATENDIMENTO A DEMAIS REGI\u00d5ES<\/a>\n\t\t\t\t\t<\/div>\n\n\t\t\t\t\t<div id=\"elementor-tab-content-2523\" class=\"elementor-tab-content elementor-clearfix\" data-tab=\"3\" role=\"region\" aria-labelledby=\"elementor-tab-title-2523\"><p><strong>Allianz:<\/strong>\u00a00800-777-7243<\/p><p><strong>Aliro Seguros:<\/strong>\u00a00800 220 2127<\/p><p><strong>Azul Seguros:<\/strong>\u00a00800-703-0203 \/ 0300-123-2985<\/p><p><strong>Bradesco Seguros:<\/strong>\u00a00800-701-2757 \/ 0800-701-2713 (Prime)<\/p><p><strong>Ita\u00fa Seguros:<\/strong> 0800 720 1010<\/p><p><strong>Porto Seguro:<\/strong>\u00a00800-727-0800<\/p><p><strong>Suhai:<\/strong> 0800-784-2410<\/p><p><strong>Tokio Marine:<\/strong>\u00a00300-33-86546<\/p><p><strong>Yelum:<\/strong> 0800 702 5100<\/p><\/div>\n\t\t\t\t<\/div>\n\t\t\t\t\t\t\t\t<\/div>\n\t\t\t\t\t\t<\/div>\n\t\t\t\t<\/div>\n\t\t\t\t\t<\/div>\n\t\t\t\t<\/div>\n\t\t\t\t<\/div>\n\t\t","protected":false},"excerpt":{"rendered":"<p>Seguro Auto SEGURO PARA FAM\u00cdLIA NAVAL O Abrigo do Marinheiro, em parceria com a Corretora Mapma, opera com as seguradoras abaixo. Para conhecer as Condi\u00e7\u00f5es Gerais de cada uma, basta clicar sobre a logo desejada. QUEM PODE ADERIR O ingresso nas carteiras de seguros do AMN \u00e9 volunt\u00e1rio e pode ocorrer a qualquer \u00e9poca, constituindo-se [&hellip;]<\/p>\n","protected":false},"author":1,"featured_media":0,"parent":0,"menu_order":0,"comment_status":"closed","ping_status":"closed","template":"elementor_header_footer","meta":{"_joinchat":[],"footnotes":""},"class_list":["post-275","page","type-page","status-publish","hentry"],"_links":{"self":[{"href":"https:\/\/www.mapma.com.br\/abrigo\/wp-json\/wp\/v2\/pages\/275","targetHints":{"allow":["GET"]}}],"collection":[{"href":"https:\/\/www.mapma.com.br\/abrigo\/wp-json\/wp\/v2\/pages"}],"about":[{"href":"https:\/\/www.mapma.com.br\/abrigo\/wp-json\/wp\/v2\/types\/page"}],"author":[{"embeddable":true,"href":"https:\/\/www.mapma.com.br\/abrigo\/wp-json\/wp\/v2\/users\/1"}],"replies":[{"embeddable":true,"href":"https:\/\/www.mapma.com.br\/abrigo\/wp-json\/wp\/v2\/comments?post=275"}],"version-history":[{"count":214,"href":"https:\/\/www.mapma.com.br\/abrigo\/wp-json\/wp\/v2\/pages\/275\/revisions"}],"predecessor-version":[{"id":2609,"href":"https:\/\/www.mapma.com.br\/abrigo\/wp-json\/wp\/v2\/pages\/275\/revisions\/2609"}],"wp:attachment":[{"href":"https:\/\/www.mapma.com.br\/abrigo\/wp-json\/wp\/v2\/media?parent=275"}],"curies":[{"name":"wp","href":"https:\/\/api.w.org\/{rel}","templated":true}]}}