{"id":1707,"date":"2024-05-02T12:48:51","date_gmt":"2024-05-02T12:48:51","guid":{"rendered":"https:\/\/www.mapma.com.br\/abrigo\/?page_id=1707"},"modified":"2024-09-07T00:22:34","modified_gmt":"2024-09-07T00:22:34","slug":"lif-saude","status":"publish","type":"page","link":"https:\/\/www.mapma.com.br\/abrigo\/lif-saude\/","title":{"rendered":"Lif Sa\u00fade"},"content":{"rendered":"\t\t<div data-elementor-type=\"wp-page\" data-elementor-id=\"1707\" class=\"elementor elementor-1707\" data-elementor-post-type=\"page\">\n\t\t\t\t<div class=\"elementor-element elementor-element-8defd4f e-con-full e-flex e-con e-parent\" data-id=\"8defd4f\" data-element_type=\"container\" data-e-type=\"container\">\n\t\t<div class=\"elementor-element elementor-element-ea617c4 e-con-full e-flex e-con e-child\" data-id=\"ea617c4\" data-element_type=\"container\" data-e-type=\"container\">\n\t\t\t\t<div class=\"elementor-element elementor-element-87d4fc8 elementor-widget elementor-widget-image\" data-id=\"87d4fc8\" data-element_type=\"widget\" data-e-type=\"widget\" data-widget_type=\"image.default\">\n\t\t\t\t<div class=\"elementor-widget-container\">\n\t\t\t\t\t\t\t\t\t\t\t\t\t\t\t<img fetchpriority=\"high\" decoding=\"async\" width=\"800\" height=\"825\" src=\"https:\/\/www.mapma.com.br\/abrigo\/wp-content\/uploads\/2024\/05\/Img.png\" class=\"attachment-large size-large wp-image-1712\" alt=\"\" srcset=\"https:\/\/www.mapma.com.br\/abrigo\/wp-content\/uploads\/2024\/05\/Img.png 818w, https:\/\/www.mapma.com.br\/abrigo\/wp-content\/uploads\/2024\/05\/Img-291x300.png 291w, https:\/\/www.mapma.com.br\/abrigo\/wp-content\/uploads\/2024\/05\/Img-768x792.png 768w\" sizes=\"(max-width: 800px) 100vw, 800px\" \/>\t\t\t\t\t\t\t\t\t\t\t\t\t\t\t<\/div>\n\t\t\t\t<\/div>\n\t\t\t\t<\/div>\n\t\t<div class=\"elementor-element elementor-element-b0bfa7a e-con-full e-flex e-con e-child\" data-id=\"b0bfa7a\" data-element_type=\"container\" data-e-type=\"container\">\n\t\t\t\t<div class=\"elementor-element elementor-element-3d04252 elementor-widget elementor-widget-heading\" data-id=\"3d04252\" data-element_type=\"widget\" data-e-type=\"widget\" data-widget_type=\"heading.default\">\n\t\t\t\t<div class=\"elementor-widget-container\">\n\t\t\t\t\t<h2 class=\"elementor-heading-title elementor-size-default\">Acesso a cuidados m\u00e9dicos <br \/>com um \u00fanico foco:  <br \/>voc\u00ea e sua fam\u00edlia!<\/h2>\t\t\t\t<\/div>\n\t\t\t\t<\/div>\n\t\t\t\t<div class=\"elementor-element elementor-element-da12a18 elementor-widget elementor-widget-heading\" data-id=\"da12a18\" data-element_type=\"widget\" data-e-type=\"widget\" data-widget_type=\"heading.default\">\n\t\t\t\t<div class=\"elementor-widget-container\">\n\t\t\t\t\t<h2 class=\"elementor-heading-title elementor-size-default\">Consulta com personal trainer, psic\u00f3logo, nutricionista e m\u00e9dicos dispon\u00edveis online.<\/h2>\t\t\t\t<\/div>\n\t\t\t\t<\/div>\n\t\t\t\t<div class=\"elementor-element elementor-element-fd6866f elementor-widget elementor-widget-heading\" data-id=\"fd6866f\" data-element_type=\"widget\" data-e-type=\"widget\" data-widget_type=\"heading.default\">\n\t\t\t\t<div class=\"elementor-widget-container\">\n\t\t\t\t\t<h2 class=\"elementor-heading-title elementor-size-default\">A partir de<\/h2>\t\t\t\t<\/div>\n\t\t\t\t<\/div>\n\t\t\t\t<div class=\"elementor-element elementor-element-786f0b5 elementor-widget elementor-widget-image\" data-id=\"786f0b5\" data-element_type=\"widget\" data-e-type=\"widget\" data-widget_type=\"image.default\">\n\t\t\t\t<div class=\"elementor-widget-container\">\n\t\t\t\t\t\t\t\t\t\t\t\t\t\t\t<img decoding=\"async\" width=\"404\" height=\"171\" src=\"https:\/\/www.mapma.com.br\/abrigo\/wp-content\/uploads\/2024\/05\/Group-632.png\" class=\"attachment-large size-large wp-image-1713\" alt=\"\" srcset=\"https:\/\/www.mapma.com.br\/abrigo\/wp-content\/uploads\/2024\/05\/Group-632.png 404w, https:\/\/www.mapma.com.br\/abrigo\/wp-content\/uploads\/2024\/05\/Group-632-300x127.png 300w\" sizes=\"(max-width: 404px) 100vw, 404px\" \/>\t\t\t\t\t\t\t\t\t\t\t\t\t\t\t<\/div>\n\t\t\t\t<\/div>\n\t\t\t\t<div class=\"elementor-element elementor-element-7d9dfe0 elementor-widget elementor-widget-heading\" data-id=\"7d9dfe0\" data-element_type=\"widget\" data-e-type=\"widget\" data-widget_type=\"heading.default\">\n\t\t\t\t<div class=\"elementor-widget-container\">\n\t\t\t\t\t<h2 class=\"elementor-heading-title elementor-size-default\">A Lif \u00e9 pra todo mundo que quer se cuidar.\u00a0\nN\u00e3o somos um plano de sa\u00fade.\n<\/h2>\t\t\t\t<\/div>\n\t\t\t\t<\/div>\n\t\t\t\t<\/div>\n\t\t\t\t<\/div>\n\t\t<div class=\"elementor-element elementor-element-f4845a3 e-flex e-con-boxed e-con e-parent\" data-id=\"f4845a3\" data-element_type=\"container\" data-e-type=\"container\">\n\t\t\t\t\t<div class=\"e-con-inner\">\n\t\t\t\t<div class=\"elementor-element elementor-element-a4c1664 elementor-align-center elementor-widget elementor-widget-button\" data-id=\"a4c1664\" data-element_type=\"widget\" data-e-type=\"widget\" data-widget_type=\"button.default\">\n\t\t\t\t<div class=\"elementor-widget-container\">\n\t\t\t\t\t\t\t\t\t<div class=\"elementor-button-wrapper\">\n\t\t\t\t\t<a class=\"elementor-button elementor-button-link elementor-size-sm elementor-animation-grow\" href=\"https:\/\/www.lifsaude.com.br\/abrigo\">\n\t\t\t\t\t\t<span class=\"elementor-button-content-wrapper\">\n\t\t\t\t\t\t\t\t\t<span class=\"elementor-button-text\">CLIQUE AQUI E SAIBA MAIS<\/span>\n\t\t\t\t\t<\/span>\n\t\t\t\t\t<\/a>\n\t\t\t\t<\/div>\n\t\t\t\t\t\t\t\t<\/div>\n\t\t\t\t<\/div>\n\t\t\t\t\t<\/div>\n\t\t\t\t<\/div>\n\t\t<div class=\"elementor-element elementor-element-9b6bfae e-con-full elementor-hidden-tablet elementor-hidden-mobile_extra elementor-hidden-mobile e-flex e-con e-parent\" data-id=\"9b6bfae\" data-element_type=\"container\" data-e-type=\"container\">\n\t\t<div class=\"elementor-element elementor-element-353c4d1 e-con-full e-flex e-con e-child\" data-id=\"353c4d1\" data-element_type=\"container\" data-e-type=\"container\">\n\t\t\t\t<div class=\"elementor-element elementor-element-94c9018 elementor-widget elementor-widget-image\" data-id=\"94c9018\" data-element_type=\"widget\" data-e-type=\"widget\" data-widget_type=\"image.default\">\n\t\t\t\t<div class=\"elementor-widget-container\">\n\t\t\t\t\t\t\t\t\t\t\t\t\t\t\t<img decoding=\"async\" width=\"800\" height=\"609\" src=\"https:\/\/www.mapma.com.br\/abrigo\/wp-content\/uploads\/2024\/05\/shutterstock_1700797540-1-1024x780.png\" class=\"attachment-large size-large wp-image-1714\" alt=\"\" srcset=\"https:\/\/www.mapma.com.br\/abrigo\/wp-content\/uploads\/2024\/05\/shutterstock_1700797540-1-1024x780.png 1024w, https:\/\/www.mapma.com.br\/abrigo\/wp-content\/uploads\/2024\/05\/shutterstock_1700797540-1-300x229.png 300w, https:\/\/www.mapma.com.br\/abrigo\/wp-content\/uploads\/2024\/05\/shutterstock_1700797540-1-768x585.png 768w, https:\/\/www.mapma.com.br\/abrigo\/wp-content\/uploads\/2024\/05\/shutterstock_1700797540-1.png 1042w\" sizes=\"(max-width: 800px) 100vw, 800px\" \/>\t\t\t\t\t\t\t\t\t\t\t\t\t\t\t<\/div>\n\t\t\t\t<\/div>\n\t\t\t\t<\/div>\n\t\t<div class=\"elementor-element elementor-element-1aace56 e-con-full e-flex e-con e-child\" data-id=\"1aace56\" data-element_type=\"container\" data-e-type=\"container\">\n\t\t<div class=\"elementor-element elementor-element-cc86274 e-con-full e-flex e-con e-child\" data-id=\"cc86274\" data-element_type=\"container\" data-e-type=\"container\" data-settings=\"{&quot;background_background&quot;:&quot;classic&quot;}\">\n\t\t\t\t<div class=\"elementor-element elementor-element-528e116 elementor-widget elementor-widget-heading\" data-id=\"528e116\" data-element_type=\"widget\" data-e-type=\"widget\" data-widget_type=\"heading.default\">\n\t\t\t\t<div class=\"elementor-widget-container\">\n\t\t\t\t\t<h2 class=\"elementor-heading-title elementor-size-default\">Contrata\u00e7\u00e3o descomplicada, sem burocracia                   e por um pre\u00e7o que cabe no seu or\u00e7amento!\u00a0<\/h2>\t\t\t\t<\/div>\n\t\t\t\t<\/div>\n\t\t\t\t<div class=\"elementor-element elementor-element-2a22d19 elementor-widget elementor-widget-heading\" data-id=\"2a22d19\" data-element_type=\"widget\" data-e-type=\"widget\" data-widget_type=\"heading.default\">\n\t\t\t\t<div class=\"elementor-widget-container\">\n\t\t\t\t\t<h2 class=\"elementor-heading-title elementor-size-default\">Sa\u00fade \u00e0 dist\u00e2ncia em suas m\u00e3os:\u00a0<\/h2>\t\t\t\t<\/div>\n\t\t\t\t<\/div>\n\t\t\t\t<div class=\"elementor-element elementor-element-72c211e elementor-widget elementor-widget-heading\" data-id=\"72c211e\" data-element_type=\"widget\" data-e-type=\"widget\" data-widget_type=\"heading.default\">\n\t\t\t\t<div class=\"elementor-widget-container\">\n\t\t\t\t\t<h2 class=\"elementor-heading-title elementor-size-default\">- Telemedicina: consultas remotas gratuitas\u00a0\n<BR \/>- Marque consultas via WhatsApp\n<BR \/>- Acesso a especialistas: Terapeutas,  personal trainers e nutricionistas sem custos adicionais\n<BR \/>- 2500 cl\u00ednicas e laborat\u00f3rios em todo o Brasil\u00a0\n<BR \/>- At\u00e9 70% de desconto em medicamentos<\/h2>\t\t\t\t<\/div>\n\t\t\t\t<\/div>\n\t\t\t\t<\/div>\n\t\t\t\t<\/div>\n\t\t\t\t<\/div>\n\t\t<div class=\"elementor-element elementor-element-dbccab7 e-con-full elementor-hidden-widescreen elementor-hidden-desktop elementor-hidden-laptop e-flex e-con e-parent\" data-id=\"dbccab7\" data-element_type=\"container\" data-e-type=\"container\">\n\t\t<div class=\"elementor-element elementor-element-6ebed51 e-con-full e-flex e-con e-child\" data-id=\"6ebed51\" data-element_type=\"container\" data-e-type=\"container\">\n\t\t\t\t<div class=\"elementor-element elementor-element-04ccf2a elementor-widget elementor-widget-image\" data-id=\"04ccf2a\" data-element_type=\"widget\" data-e-type=\"widget\" data-widget_type=\"image.default\">\n\t\t\t\t<div class=\"elementor-widget-container\">\n\t\t\t\t\t\t\t\t\t\t\t\t\t\t\t<img decoding=\"async\" width=\"800\" height=\"609\" src=\"https:\/\/www.mapma.com.br\/abrigo\/wp-content\/uploads\/2024\/05\/shutterstock_1700797540-1-1024x780.png\" class=\"attachment-large size-large wp-image-1714\" alt=\"\" srcset=\"https:\/\/www.mapma.com.br\/abrigo\/wp-content\/uploads\/2024\/05\/shutterstock_1700797540-1-1024x780.png 1024w, https:\/\/www.mapma.com.br\/abrigo\/wp-content\/uploads\/2024\/05\/shutterstock_1700797540-1-300x229.png 300w, https:\/\/www.mapma.com.br\/abrigo\/wp-content\/uploads\/2024\/05\/shutterstock_1700797540-1-768x585.png 768w, https:\/\/www.mapma.com.br\/abrigo\/wp-content\/uploads\/2024\/05\/shutterstock_1700797540-1.png 1042w\" sizes=\"(max-width: 800px) 100vw, 800px\" \/>\t\t\t\t\t\t\t\t\t\t\t\t\t\t\t<\/div>\n\t\t\t\t<\/div>\n\t\t\t\t<\/div>\n\t\t<div class=\"elementor-element elementor-element-1ab0535 e-con-full e-flex e-con e-child\" data-id=\"1ab0535\" data-element_type=\"container\" data-e-type=\"container\" data-settings=\"{&quot;background_background&quot;:&quot;classic&quot;}\">\n\t\t\t\t<div class=\"elementor-element elementor-element-65f9907 elementor-widget elementor-widget-heading\" data-id=\"65f9907\" data-element_type=\"widget\" data-e-type=\"widget\" data-widget_type=\"heading.default\">\n\t\t\t\t<div class=\"elementor-widget-container\">\n\t\t\t\t\t<h2 class=\"elementor-heading-title elementor-size-default\">Contrata\u00e7\u00e3o descomplicada, sem burocracia                   e por um pre\u00e7o que cabe no seu or\u00e7amento!\u00a0<\/h2>\t\t\t\t<\/div>\n\t\t\t\t<\/div>\n\t\t\t\t<div class=\"elementor-element elementor-element-c6a7619 elementor-widget elementor-widget-heading\" data-id=\"c6a7619\" data-element_type=\"widget\" data-e-type=\"widget\" data-widget_type=\"heading.default\">\n\t\t\t\t<div class=\"elementor-widget-container\">\n\t\t\t\t\t<h2 class=\"elementor-heading-title elementor-size-default\">Sa\u00fade \u00e0 dist\u00e2ncia em suas m\u00e3os:\u00a0<\/h2>\t\t\t\t<\/div>\n\t\t\t\t<\/div>\n\t\t\t\t<div class=\"elementor-element elementor-element-91ef2ef elementor-widget elementor-widget-heading\" data-id=\"91ef2ef\" data-element_type=\"widget\" data-e-type=\"widget\" data-widget_type=\"heading.default\">\n\t\t\t\t<div class=\"elementor-widget-container\">\n\t\t\t\t\t<h2 class=\"elementor-heading-title elementor-size-default\">- Telemedicina: consultas remotas gratuitas\u00a0\n<BR \/>- Marque consultas via WhatsApp\n<BR \/>- Acesso a especialistas: Terapeutas,  personal trainers e nutricionistas sem custos adicionais\n<BR \/>- 2500 cl\u00ednicas e laborat\u00f3rios em todo o Brasil\u00a0\n<BR \/>- At\u00e9 70% de desconto em medicamentos<\/h2>\t\t\t\t<\/div>\n\t\t\t\t<\/div>\n\t\t\t\t<\/div>\n\t\t\t\t<\/div>\n\t\t<div class=\"elementor-element elementor-element-3dd48cb e-flex e-con-boxed e-con e-parent\" data-id=\"3dd48cb\" data-element_type=\"container\" data-e-type=\"container\">\n\t\t\t\t\t<div class=\"e-con-inner\">\n\t\t<div class=\"elementor-element elementor-element-cc04971 e-flex e-con-boxed e-con e-child\" data-id=\"cc04971\" data-element_type=\"container\" data-e-type=\"container\">\n\t\t\t\t\t<div class=\"e-con-inner\">\n\t\t\t\t<div class=\"elementor-element elementor-element-c47a314 elementor-widget elementor-widget-video\" data-id=\"c47a314\" data-element_type=\"widget\" data-e-type=\"widget\" data-settings=\"{&quot;youtube_url&quot;:&quot;https:\\\/\\\/www.youtube.com\\\/watch?v=rfcKgjGrUsw&quot;,&quot;video_type&quot;:&quot;youtube&quot;,&quot;controls&quot;:&quot;yes&quot;}\" data-widget_type=\"video.default\">\n\t\t\t\t<div class=\"elementor-widget-container\">\n\t\t\t\t\t\t\t<div class=\"elementor-wrapper elementor-open-inline\">\n\t\t\t<div class=\"elementor-video\"><\/div>\t\t<\/div>\n\t\t\t\t\t\t<\/div>\n\t\t\t\t<\/div>\n\t\t\t\t\t<\/div>\n\t\t\t\t<\/div>\n\t\t\t\t\t<\/div>\n\t\t\t\t<\/div>\n\t\t\t\t<\/div>\n\t\t","protected":false},"excerpt":{"rendered":"<p>Acesso a cuidados m\u00e9dicos com um \u00fanico foco: voc\u00ea e sua fam\u00edlia! Consulta com personal trainer, psic\u00f3logo, nutricionista e m\u00e9dicos dispon\u00edveis online. A partir de A Lif \u00e9 pra todo mundo que quer se cuidar.\u00a0 N\u00e3o somos um plano de sa\u00fade. CLIQUE AQUI E SAIBA MAIS Contrata\u00e7\u00e3o descomplicada, sem burocracia e por um pre\u00e7o que [&hellip;]<\/p>\n","protected":false},"author":1,"featured_media":0,"parent":0,"menu_order":0,"comment_status":"closed","ping_status":"closed","template":"elementor_header_footer","meta":{"_joinchat":[],"footnotes":""},"class_list":["post-1707","page","type-page","status-publish","hentry"],"_links":{"self":[{"href":"https:\/\/www.mapma.com.br\/abrigo\/wp-json\/wp\/v2\/pages\/1707","targetHints":{"allow":["GET"]}}],"collection":[{"href":"https:\/\/www.mapma.com.br\/abrigo\/wp-json\/wp\/v2\/pages"}],"about":[{"href":"https:\/\/www.mapma.com.br\/abrigo\/wp-json\/wp\/v2\/types\/page"}],"author":[{"embeddable":true,"href":"https:\/\/www.mapma.com.br\/abrigo\/wp-json\/wp\/v2\/users\/1"}],"replies":[{"embeddable":true,"href":"https:\/\/www.mapma.com.br\/abrigo\/wp-json\/wp\/v2\/comments?post=1707"}],"version-history":[{"count":40,"href":"https:\/\/www.mapma.com.br\/abrigo\/wp-json\/wp\/v2\/pages\/1707\/revisions"}],"predecessor-version":[{"id":2155,"href":"https:\/\/www.mapma.com.br\/abrigo\/wp-json\/wp\/v2\/pages\/1707\/revisions\/2155"}],"wp:attachment":[{"href":"https:\/\/www.mapma.com.br\/abrigo\/wp-json\/wp\/v2\/media?parent=1707"}],"curies":[{"name":"wp","href":"https:\/\/api.w.org\/{rel}","templated":true}]}}