{"id":1255,"date":"2023-07-01T01:42:38","date_gmt":"2023-07-01T01:42:38","guid":{"rendered":"https:\/\/www.mapma.com.br\/abrigo\/?page_id=1255"},"modified":"2025-05-13T18:07:48","modified_gmt":"2025-05-13T18:07:48","slug":"regulamento","status":"publish","type":"page","link":"https:\/\/www.mapma.com.br\/abrigo\/regulamento\/","title":{"rendered":"Regulamento"},"content":{"rendered":"\t\t<div data-elementor-type=\"wp-page\" data-elementor-id=\"1255\" class=\"elementor elementor-1255\" data-elementor-post-type=\"page\">\n\t\t\t\t<div class=\"elementor-element elementor-element-be48c8b e-flex e-con-boxed e-con e-parent\" data-id=\"be48c8b\" data-element_type=\"container\" data-e-type=\"container\">\n\t\t\t\t\t<div class=\"e-con-inner\">\n\t\t\t\t<div class=\"elementor-element elementor-element-d4bc2c1 elementor-hidden-mobile elementor-widget elementor-widget-image\" data-id=\"d4bc2c1\" data-element_type=\"widget\" data-e-type=\"widget\" data-widget_type=\"image.default\">\n\t\t\t\t<div class=\"elementor-widget-container\">\n\t\t\t\t\t\t\t\t\t\t\t\t\t\t\t<img fetchpriority=\"high\" decoding=\"async\" width=\"1350\" height=\"270\" src=\"https:\/\/www.mapma.com.br\/abrigo\/wp-content\/uploads\/2025\/05\/10.02-MPA-Descktop-1.png\" class=\"attachment-full size-full wp-image-2449\" alt=\"\" srcset=\"https:\/\/www.mapma.com.br\/abrigo\/wp-content\/uploads\/2025\/05\/10.02-MPA-Descktop-1.png 1350w, https:\/\/www.mapma.com.br\/abrigo\/wp-content\/uploads\/2025\/05\/10.02-MPA-Descktop-1-300x60.png 300w, https:\/\/www.mapma.com.br\/abrigo\/wp-content\/uploads\/2025\/05\/10.02-MPA-Descktop-1-1024x205.png 1024w, https:\/\/www.mapma.com.br\/abrigo\/wp-content\/uploads\/2025\/05\/10.02-MPA-Descktop-1-768x154.png 768w\" sizes=\"(max-width: 1350px) 100vw, 1350px\" \/>\t\t\t\t\t\t\t\t\t\t\t\t\t\t\t<\/div>\n\t\t\t\t<\/div>\n\t\t\t\t\t<\/div>\n\t\t\t\t<\/div>\n\t\t<div class=\"elementor-element elementor-element-17b3696 e-flex e-con-boxed e-con e-parent\" data-id=\"17b3696\" data-element_type=\"container\" data-e-type=\"container\">\n\t\t\t\t\t<div class=\"e-con-inner\">\n\t\t\t\t<div class=\"elementor-element elementor-element-49a45e8 elementor-hidden-widescreen elementor-hidden-desktop elementor-hidden-laptop elementor-hidden-tablet elementor-hidden-mobile_extra elementor-widget elementor-widget-image\" data-id=\"49a45e8\" data-element_type=\"widget\" data-e-type=\"widget\" data-widget_type=\"image.default\">\n\t\t\t\t<div class=\"elementor-widget-container\">\n\t\t\t\t\t\t\t\t\t\t\t\t\t\t\t<img decoding=\"async\" width=\"1080\" height=\"1350\" src=\"https:\/\/www.mapma.com.br\/abrigo\/wp-content\/uploads\/2025\/05\/10.02-MPA-Mobile.png\" class=\"attachment-full size-full wp-image-2448\" alt=\"\" srcset=\"https:\/\/www.mapma.com.br\/abrigo\/wp-content\/uploads\/2025\/05\/10.02-MPA-Mobile.png 1080w, https:\/\/www.mapma.com.br\/abrigo\/wp-content\/uploads\/2025\/05\/10.02-MPA-Mobile-240x300.png 240w, https:\/\/www.mapma.com.br\/abrigo\/wp-content\/uploads\/2025\/05\/10.02-MPA-Mobile-819x1024.png 819w, https:\/\/www.mapma.com.br\/abrigo\/wp-content\/uploads\/2025\/05\/10.02-MPA-Mobile-768x960.png 768w\" sizes=\"(max-width: 1080px) 100vw, 1080px\" \/>\t\t\t\t\t\t\t\t\t\t\t\t\t\t\t<\/div>\n\t\t\t\t<\/div>\n\t\t\t\t\t<\/div>\n\t\t\t\t<\/div>\n\t\t<div class=\"elementor-element elementor-element-d3ce9d2 e-flex e-con-boxed e-con e-parent\" data-id=\"d3ce9d2\" data-element_type=\"container\" data-e-type=\"container\" data-settings=\"{&quot;background_background&quot;:&quot;classic&quot;}\">\n\t\t\t\t\t<div class=\"e-con-inner\">\n\t\t<div class=\"elementor-element elementor-element-db45558 e-con-full e-flex e-con e-child\" data-id=\"db45558\" data-element_type=\"container\" data-e-type=\"container\">\n\t\t\t\t<div class=\"elementor-element elementor-element-dc00aac elementor-widget elementor-widget-text-editor\" data-id=\"dc00aac\" data-element_type=\"widget\" data-e-type=\"widget\" data-widget_type=\"text-editor.default\">\n\t\t\t\t<div class=\"elementor-widget-container\">\n\t\t\t\t\t\t\t\t\t<div id=\"fws_649f85367ca84\" class=\"wpb_row vc_row-fluid vc_row full-width-section standard_section \" data-midnight=\"dark\" data-bg-mobile-hidden=\"\"><div class=\"col span_12 dark left\"><div class=\"vc_col-sm-12 wpb_column column_container vc_column_container col centered-text no-extra-padding instance-1\" data-border-radius=\"none\" data-shadow=\"none\" data-border-animation=\"\" data-border-animation-delay=\"\" data-border-width=\"none\" data-border-style=\"solid\" data-border-color=\"\" data-bg-cover=\"\" data-padding-pos=\"all\" data-has-bg-color=\"false\" data-bg-color=\"\" data-bg-opacity=\"1\" data-hover-bg=\"\" data-hover-bg-opacity=\"1\" data-animation=\"\" data-delay=\"0\"><div class=\"vc_column-inner\"><div class=\"wpb_wrapper\"><div class=\"wpb_text_column wpb_content_element \"><div class=\"wpb_wrapper\"><h2>Cobrimos as cota\u00e7\u00f5es do seguro do seu autom\u00f3vel<\/h2><\/div><\/div><\/div><\/div><\/div><\/div><\/div>\t\t\t\t\t\t\t\t<\/div>\n\t\t\t\t<\/div>\n\t\t\t\t<\/div>\n\t\t<div class=\"elementor-element elementor-element-fc7a93c e-con-full e-flex e-con e-child\" data-id=\"fc7a93c\" data-element_type=\"container\" data-e-type=\"container\">\n\t\t\t\t<div class=\"elementor-element elementor-element-21932d1 elementor-align-left elementor-widget elementor-widget-button\" data-id=\"21932d1\" data-element_type=\"widget\" data-e-type=\"widget\" data-widget_type=\"button.default\">\n\t\t\t\t<div class=\"elementor-widget-container\">\n\t\t\t\t\t\t\t\t\t<div class=\"elementor-button-wrapper\">\n\t\t\t\t\t<a class=\"elementor-button elementor-size-sm\" role=\"button\">\n\t\t\t\t\t\t<span class=\"elementor-button-content-wrapper\">\n\t\t\t\t\t\t\t\t\t<span class=\"elementor-button-text\">REGULAMENTO<\/span>\n\t\t\t\t\t<\/span>\n\t\t\t\t\t<\/a>\n\t\t\t\t<\/div>\n\t\t\t\t\t\t\t\t<\/div>\n\t\t\t\t<\/div>\n\t\t\t\t<div class=\"elementor-element elementor-element-94754ce elementor-widget elementor-widget-text-editor\" data-id=\"94754ce\" data-element_type=\"widget\" data-e-type=\"widget\" data-widget_type=\"text-editor.default\">\n\t\t\t\t<div class=\"elementor-widget-container\">\n\t\t\t\t\t\t\t\t\t<p><strong>1 \u2013 Vig\u00eancia da campanha.<\/strong><br \/>A promo\u00e7\u00e3o ter\u00e1 in\u00edcio no dia 10 de fevereiro de 2025 e se encerrar\u00e1 \u00e0s 17:00 horas do dia 16 de maio de 2026, podendo ser prorrogada por per\u00edodo a ser definido.<\/p><p><strong>2 \u2013 Prop\u00f3sito da campanha.<\/strong><br \/>A corretora Mapma em parceria com o Abrigo do Marinheiro resolveu lan\u00e7ar esta campanha \u00e9 estimular os integrantes da Fam\u00edlia Naval que est\u00e3o com os seus ve\u00edculos sem seguro ou segurados fora da citada carteira, para que os tragam para o guarda-chuva protetor do Abrigo do Marinheiro.<\/p><p><strong>3 \u2013 A campanha.<\/strong><br \/>A corretora Mapma se compromete a cobrir or\u00e7amentos apresentados pelos interessados em contratar seguro para o seu ve\u00edculo na Carteira Coletiva de Autom\u00f3veis do Abrigo do Marinheiro, destinada aos membros da Fam\u00edlia Naval.<\/p><p><strong>4 \u2013 Como participar da campanha.<\/strong><br \/>4.1 \u2013 A campanha \u00e9 aberta a todos os associados da Associa\u00e7\u00e3o do Abrigo do Marinheiro e seus familiares que sejam eleg\u00edveis para ades\u00e3o ao contrato da Carteira Coletiva de Autom\u00f3veis do Abrigo do Marinheiro.<\/p><p>4.2 \u2013 Para participar da campanha, e auferir descontos ainda maiores, basta o associado titular e\/ou seus familiares eleg\u00edveis apresentar cota\u00e7\u00f5es de outra corretora, em papel timbrado, com as especifica\u00e7\u00f5es das coberturas pretendidas e seus respectivos limites m\u00e1ximos de indeniza\u00e7\u00e3o; do modelo completo e das condi\u00e7\u00f5es de utiliza\u00e7\u00e3o do ve\u00edculo; e do perfil do segurado.<\/p><p>4.3 \u2013 Somente ser\u00e3o aceitos nessa campanha, ve\u00edculos de fabrica\u00e7\u00e3o\/modelos a partir do ano de 2016.<\/p><p>4.4 \u2013 Esta campanha abrange as cota\u00e7\u00f5es apresentadas das seguintes seguradoras:<br \/>\u2022 Allianz Seguros<br \/>\u2022 Aliro Seguro<br \/>\u2022 Azul Seguros<br \/>\u2022 Bradesco Seguros<br \/>\u2022 Porto Seguro.<br \/>\u2022 Suhai Seguradora<br \/>\u2022 Tokio Marine Seguradora<br \/>\u2022 Yelum Seguradora<\/p><p><strong>5 \u2013 Condi\u00e7\u00f5es para obter a cobertura do pre\u00e7o apresentado.<\/strong><br \/>5.1 \u2013 As cota\u00e7\u00f5es ser\u00e3o realizadas pela Mapma, observando estritamente as condi\u00e7\u00f5es apresentadas pelo interessado, desde que as mesmas estejam de acordo com o estabelecido nos itens 4.2 a 4.4 acima.<br \/>5.2 \u2013 Se o pre\u00e7o obtido pela Mapma for maior do que o apresentado pelo interessado, a Mapma assume o compromisso de reduzir o pre\u00e7o apresentado pelo interessado\/segurado em 5%, limitado a R$ 300,00 (trezentos reais).<br \/>5.3 \u2013 Excluem-se desse compromisso as situa\u00e7\u00f5es em que:<\/p><p>a) seja apresentado or\u00e7amento de renova\u00e7\u00e3o de seguro de outra corretora e o Sistema Operacional Teleport da Mapma apresente apenas a cota\u00e7\u00e3o da mesma seguradora para o risco a ser coberto;<br \/>b) seja apresentado or\u00e7amento de renova\u00e7\u00e3o de seguro de outra corretora e o Sistema Operacional Teleport da Mapma apresente apenas duas cota\u00e7\u00f5es, sendo uma delas da seguradora constante do or\u00e7amento do interessado.<\/p><p><strong>6 \u2013 Disposi\u00e7\u00f5es gerais.<\/strong><br \/>6.1 \u2013 Os or\u00e7amentos que apresentarem ind\u00edcios de fraude ou de m\u00e1-f\u00e9 ser\u00e3o exclu\u00eddos da campanha.<br \/>6.2 \u2013 A simples participa\u00e7\u00e3o nesta campanha caracteriza a aceita\u00e7\u00e3o das suas normas e condi\u00e7\u00f5es.<br \/>6.3 \u2013 N\u00e3o ser\u00e3o aceitos \u201crepiques\u201d de cota\u00e7\u00f5es, caracterizando leil\u00e3o de propostas de pre\u00e7os.<br \/>6.4 \u2013 As normas desta campanha tamb\u00e9m estar\u00e3o dispon\u00edveis:<\/p><p>a) no site <a href=\"https:\/\/www.mapma.com.br\/abrigo\/regulamento\">mapma.com.br\/abrigo\/regulamento<\/a>;<br \/>b) nos Postos de Atendimento Distritais em Salvador, Natal, Rio de Janeiro, Bras\u00edlia; e<br \/>c) nos Postos de atendimento localizados no CIAA e CMN.<\/p>\t\t\t\t\t\t\t\t<\/div>\n\t\t\t\t<\/div>\n\t\t\t\t<\/div>\n\t\t\t\t\t<\/div>\n\t\t\t\t<\/div>\n\t\t<div class=\"elementor-element elementor-element-4f888ef e-flex e-con-boxed e-con e-parent\" data-id=\"4f888ef\" data-element_type=\"container\" data-e-type=\"container\">\n\t\t\t\t\t<div class=\"e-con-inner\">\n\t\t\t\t<div class=\"elementor-element elementor-element-bdedeab elementor-widget__width-initial elementor-widget-mobile__width-inherit elementor-widget elementor-widget-image\" data-id=\"bdedeab\" data-element_type=\"widget\" data-e-type=\"widget\" data-widget_type=\"image.default\">\n\t\t\t\t<div class=\"elementor-widget-container\">\n\t\t\t\t\t\t\t\t\t\t\t\t\t\t\t<img decoding=\"async\" width=\"159\" height=\"159\" src=\"https:\/\/www.mapma.com.br\/abrigo\/wp-content\/uploads\/2025\/02\/aliro.png\" class=\"attachment-full size-full wp-image-2288\" alt=\"\" srcset=\"https:\/\/www.mapma.com.br\/abrigo\/wp-content\/uploads\/2025\/02\/aliro.png 159w, https:\/\/www.mapma.com.br\/abrigo\/wp-content\/uploads\/2025\/02\/aliro-150x150.png 150w\" sizes=\"(max-width: 159px) 100vw, 159px\" \/>\t\t\t\t\t\t\t\t\t\t\t\t\t\t\t<\/div>\n\t\t\t\t<\/div>\n\t\t\t\t<div class=\"elementor-element elementor-element-b5e1d05 elementor-widget__width-initial elementor-widget-mobile__width-inherit elementor-widget elementor-widget-image\" data-id=\"b5e1d05\" data-element_type=\"widget\" data-e-type=\"widget\" data-widget_type=\"image.default\">\n\t\t\t\t<div class=\"elementor-widget-container\">\n\t\t\t\t\t\t\t\t\t\t\t\t\t\t\t<img loading=\"lazy\" decoding=\"async\" width=\"159\" height=\"159\" src=\"https:\/\/www.mapma.com.br\/abrigo\/wp-content\/uploads\/2023\/08\/suhai-seguros.png\" class=\"attachment-full size-full wp-image-1559\" alt=\"\" srcset=\"https:\/\/www.mapma.com.br\/abrigo\/wp-content\/uploads\/2023\/08\/suhai-seguros.png 159w, https:\/\/www.mapma.com.br\/abrigo\/wp-content\/uploads\/2023\/08\/suhai-seguros-150x150.png 150w\" sizes=\"(max-width: 159px) 100vw, 159px\" \/>\t\t\t\t\t\t\t\t\t\t\t\t\t\t\t<\/div>\n\t\t\t\t<\/div>\n\t\t\t\t<div class=\"elementor-element elementor-element-44d72b6 elementor-widget__width-initial elementor-widget-mobile__width-inherit elementor-widget elementor-widget-image\" data-id=\"44d72b6\" data-element_type=\"widget\" data-e-type=\"widget\" data-widget_type=\"image.default\">\n\t\t\t\t<div class=\"elementor-widget-container\">\n\t\t\t\t\t\t\t\t\t\t\t\t\t\t\t<img loading=\"lazy\" decoding=\"async\" width=\"159\" height=\"159\" src=\"https:\/\/www.mapma.com.br\/abrigo\/wp-content\/uploads\/2023\/06\/allianz_2.jpg\" class=\"attachment-full size-full wp-image-315\" alt=\"\" srcset=\"https:\/\/www.mapma.com.br\/abrigo\/wp-content\/uploads\/2023\/06\/allianz_2.jpg 159w, https:\/\/www.mapma.com.br\/abrigo\/wp-content\/uploads\/2023\/06\/allianz_2-150x150.jpg 150w\" sizes=\"(max-width: 159px) 100vw, 159px\" \/>\t\t\t\t\t\t\t\t\t\t\t\t\t\t\t<\/div>\n\t\t\t\t<\/div>\n\t\t\t\t<div class=\"elementor-element elementor-element-fc6905e elementor-widget__width-initial elementor-widget-mobile__width-inherit elementor-widget elementor-widget-image\" data-id=\"fc6905e\" data-element_type=\"widget\" data-e-type=\"widget\" data-widget_type=\"image.default\">\n\t\t\t\t<div class=\"elementor-widget-container\">\n\t\t\t\t\t\t\t\t\t\t\t\t\t\t\t<img loading=\"lazy\" decoding=\"async\" width=\"159\" height=\"159\" src=\"https:\/\/www.mapma.com.br\/abrigo\/wp-content\/uploads\/2023\/06\/bradescoseguros_2.jpg\" class=\"attachment-full size-full wp-image-318\" alt=\"\" srcset=\"https:\/\/www.mapma.com.br\/abrigo\/wp-content\/uploads\/2023\/06\/bradescoseguros_2.jpg 159w, https:\/\/www.mapma.com.br\/abrigo\/wp-content\/uploads\/2023\/06\/bradescoseguros_2-150x150.jpg 150w\" sizes=\"(max-width: 159px) 100vw, 159px\" \/>\t\t\t\t\t\t\t\t\t\t\t\t\t\t\t<\/div>\n\t\t\t\t<\/div>\n\t\t\t\t<div class=\"elementor-element elementor-element-99c4dd4 elementor-widget__width-initial elementor-widget-mobile__width-inherit elementor-widget elementor-widget-image\" data-id=\"99c4dd4\" data-element_type=\"widget\" data-e-type=\"widget\" data-widget_type=\"image.default\">\n\t\t\t\t<div class=\"elementor-widget-container\">\n\t\t\t\t\t\t\t\t\t\t\t\t\t\t\t<img loading=\"lazy\" decoding=\"async\" width=\"159\" height=\"159\" src=\"https:\/\/www.mapma.com.br\/abrigo\/wp-content\/uploads\/2023\/06\/azul1.jpg\" class=\"attachment-full size-full wp-image-317\" alt=\"\" srcset=\"https:\/\/www.mapma.com.br\/abrigo\/wp-content\/uploads\/2023\/06\/azul1.jpg 159w, https:\/\/www.mapma.com.br\/abrigo\/wp-content\/uploads\/2023\/06\/azul1-150x150.jpg 150w\" sizes=\"(max-width: 159px) 100vw, 159px\" \/>\t\t\t\t\t\t\t\t\t\t\t\t\t\t\t<\/div>\n\t\t\t\t<\/div>\n\t\t\t\t<div class=\"elementor-element elementor-element-9cf2da7 elementor-widget__width-initial elementor-widget-mobile__width-inherit elementor-widget elementor-widget-image\" data-id=\"9cf2da7\" data-element_type=\"widget\" data-e-type=\"widget\" data-widget_type=\"image.default\">\n\t\t\t\t<div class=\"elementor-widget-container\">\n\t\t\t\t\t\t\t\t\t\t\t\t\t\t\t<img loading=\"lazy\" decoding=\"async\" width=\"159\" height=\"159\" src=\"https:\/\/www.mapma.com.br\/abrigo\/wp-content\/uploads\/2023\/06\/tokiomarine_2.jpg\" class=\"attachment-full size-full wp-image-332\" alt=\"\" srcset=\"https:\/\/www.mapma.com.br\/abrigo\/wp-content\/uploads\/2023\/06\/tokiomarine_2.jpg 159w, https:\/\/www.mapma.com.br\/abrigo\/wp-content\/uploads\/2023\/06\/tokiomarine_2-150x150.jpg 150w\" sizes=\"(max-width: 159px) 100vw, 159px\" \/>\t\t\t\t\t\t\t\t\t\t\t\t\t\t\t<\/div>\n\t\t\t\t<\/div>\n\t\t\t\t<div class=\"elementor-element elementor-element-4e5bcbf elementor-widget__width-initial elementor-widget-mobile__width-inherit elementor-widget elementor-widget-image\" data-id=\"4e5bcbf\" data-element_type=\"widget\" data-e-type=\"widget\" data-widget_type=\"image.default\">\n\t\t\t\t<div class=\"elementor-widget-container\">\n\t\t\t\t\t\t\t\t\t\t\t\t\t\t\t<img loading=\"lazy\" decoding=\"async\" width=\"159\" height=\"159\" src=\"https:\/\/www.mapma.com.br\/abrigo\/wp-content\/uploads\/2023\/06\/portoseguro_2.jpg\" class=\"attachment-full size-full wp-image-333\" alt=\"\" srcset=\"https:\/\/www.mapma.com.br\/abrigo\/wp-content\/uploads\/2023\/06\/portoseguro_2.jpg 159w, https:\/\/www.mapma.com.br\/abrigo\/wp-content\/uploads\/2023\/06\/portoseguro_2-150x150.jpg 150w\" sizes=\"(max-width: 159px) 100vw, 159px\" \/>\t\t\t\t\t\t\t\t\t\t\t\t\t\t\t<\/div>\n\t\t\t\t<\/div>\n\t\t\t\t<div class=\"elementor-element elementor-element-f429246 elementor-widget__width-initial elementor-widget-mobile__width-inherit elementor-widget elementor-widget-image\" data-id=\"f429246\" data-element_type=\"widget\" data-e-type=\"widget\" data-widget_type=\"image.default\">\n\t\t\t\t<div class=\"elementor-widget-container\">\n\t\t\t\t\t\t\t\t\t\t\t\t\t\t\t<img loading=\"lazy\" decoding=\"async\" width=\"159\" height=\"159\" src=\"https:\/\/www.mapma.com.br\/abrigo\/wp-content\/uploads\/2025\/02\/yelum_lg.png\" class=\"attachment-full size-full wp-image-2289\" alt=\"\" srcset=\"https:\/\/www.mapma.com.br\/abrigo\/wp-content\/uploads\/2025\/02\/yelum_lg.png 159w, https:\/\/www.mapma.com.br\/abrigo\/wp-content\/uploads\/2025\/02\/yelum_lg-150x150.png 150w\" sizes=\"(max-width: 159px) 100vw, 159px\" \/>\t\t\t\t\t\t\t\t\t\t\t\t\t\t\t<\/div>\n\t\t\t\t<\/div>\n\t\t\t\t\t<\/div>\n\t\t\t\t<\/div>\n\t\t<div class=\"elementor-element elementor-element-39d1b0c e-flex e-con-boxed e-con e-parent\" data-id=\"39d1b0c\" data-element_type=\"container\" data-e-type=\"container\" data-settings=\"{&quot;background_background&quot;:&quot;classic&quot;}\">\n\t\t\t\t\t<div class=\"e-con-inner\">\n\t\t<div class=\"elementor-element elementor-element-3e08509 e-con-full e-flex e-con e-child\" data-id=\"3e08509\" data-element_type=\"container\" data-e-type=\"container\">\n\t\t<div class=\"elementor-element elementor-element-c2105f8 e-con-full e-flex e-con e-child\" data-id=\"c2105f8\" data-element_type=\"container\" data-e-type=\"container\">\n\t\t<div class=\"elementor-element elementor-element-22b29db e-con-full e-flex e-con e-child\" data-id=\"22b29db\" data-element_type=\"container\" data-e-type=\"container\">\n\t\t\t\t<\/div>\n\t\t<div class=\"elementor-element elementor-element-7f53ff2 e-con-full elementor-hidden-mobile_extra elementor-hidden-mobile e-flex e-con e-child\" data-id=\"7f53ff2\" data-element_type=\"container\" data-e-type=\"container\">\n\t\t\t\t<\/div>\n\t\t\t\t<\/div>\n\t\t\t\t<\/div>\n\t\t\t\t\t<\/div>\n\t\t\t\t<\/div>\n\t\t<div class=\"elementor-element elementor-element-fa85e69 e-flex e-con-boxed e-con e-parent\" data-id=\"fa85e69\" data-element_type=\"container\" data-e-type=\"container\" data-settings=\"{&quot;background_background&quot;:&quot;classic&quot;}\">\n\t\t\t\t\t<div class=\"e-con-inner\">\n\t\t\t\t<div class=\"elementor-element elementor-element-e28b1e9 elementor-view-stacked elementor-position-inline-start elementor-shape-circle elementor-mobile-position-block-start elementor-widget elementor-widget-icon-box\" data-id=\"e28b1e9\" data-element_type=\"widget\" data-e-type=\"widget\" data-widget_type=\"icon-box.default\">\n\t\t\t\t<div class=\"elementor-widget-container\">\n\t\t\t\t\t\t\t<div class=\"elementor-icon-box-wrapper\">\n\n\t\t\t\t\t\t<div class=\"elementor-icon-box-icon\">\n\t\t\t\t<span  class=\"elementor-icon\">\n\t\t\t\t<i aria-hidden=\"true\" class=\"fas fa-phone-alt\"><\/i>\t\t\t\t<\/span>\n\t\t\t<\/div>\n\t\t\t\n\t\t\t\t\t\t<div class=\"elementor-icon-box-content\">\n\n\t\t\t\t\t\t\t\t\t<h3 class=\"elementor-icon-box-title\">\n\t\t\t\t\t\t<span  >\n\t\t\t\t\t\t\t(21) 2102-1312\t\t\t\t\t\t<\/span>\n\t\t\t\t\t<\/h3>\n\t\t\t\t\n\t\t\t\t\t\t\t\t\t<p class=\"elementor-icon-box-description\">\n\t\t\t\t\t\t(Rio de Janeiro e Regi\u00f5es Metropolitanas)\t\t\t\t\t<\/p>\n\t\t\t\t\n\t\t\t<\/div>\n\t\t\t\n\t\t<\/div>\n\t\t\t\t\t\t<\/div>\n\t\t\t\t<\/div>\n\t\t\t\t<div class=\"elementor-element elementor-element-383f38b elementor-view-stacked elementor-position-inline-start elementor-shape-circle elementor-mobile-position-block-start elementor-widget elementor-widget-icon-box\" data-id=\"383f38b\" data-element_type=\"widget\" data-e-type=\"widget\" data-widget_type=\"icon-box.default\">\n\t\t\t\t<div class=\"elementor-widget-container\">\n\t\t\t\t\t\t\t<div class=\"elementor-icon-box-wrapper\">\n\n\t\t\t\t\t\t<div class=\"elementor-icon-box-icon\">\n\t\t\t\t<span  class=\"elementor-icon\">\n\t\t\t\t<i aria-hidden=\"true\" class=\"fas fa-phone-alt\"><\/i>\t\t\t\t<\/span>\n\t\t\t<\/div>\n\t\t\t\n\t\t\t\t\t\t<div class=\"elementor-icon-box-content\">\n\n\t\t\t\t\t\t\t\t\t<h3 class=\"elementor-icon-box-title\">\n\t\t\t\t\t\t<span  >\n\t\t\t\t\t\t\t 0800 025 1312\t\t\t\t\t\t<\/span>\n\t\t\t\t\t<\/h3>\n\t\t\t\t\n\t\t\t\t\t\t\t\t\t<p class=\"elementor-icon-box-description\">\n\t\t\t\t\t\t(Demais Regi\u00f5es)\t\t\t\t\t<\/p>\n\t\t\t\t\n\t\t\t<\/div>\n\t\t\t\n\t\t<\/div>\n\t\t\t\t\t\t<\/div>\n\t\t\t\t<\/div>\n\t\t\t\t<div class=\"elementor-element elementor-element-2349bda elementor-view-stacked elementor-position-inline-start elementor-shape-circle elementor-mobile-position-block-start elementor-widget elementor-widget-icon-box\" data-id=\"2349bda\" data-element_type=\"widget\" data-e-type=\"widget\" data-widget_type=\"icon-box.default\">\n\t\t\t\t<div class=\"elementor-widget-container\">\n\t\t\t\t\t\t\t<div class=\"elementor-icon-box-wrapper\">\n\n\t\t\t\t\t\t<div class=\"elementor-icon-box-icon\">\n\t\t\t\t<span  class=\"elementor-icon\">\n\t\t\t\t<i aria-hidden=\"true\" class=\"fas fa-phone-alt\"><\/i>\t\t\t\t<\/span>\n\t\t\t<\/div>\n\t\t\t\n\t\t\t\t\t\t<div class=\"elementor-icon-box-content\">\n\n\t\t\t\t\t\t\t\t\t<h3 class=\"elementor-icon-box-title\">\n\t\t\t\t\t\t<span  >\n\t\t\t\t\t\t\t(21) 2216-4800\t\t\t\t\t\t<\/span>\n\t\t\t\t\t<\/h3>\n\t\t\t\t\n\t\t\t\t\t\t\t\t\t<p class=\"elementor-icon-box-description\">\n\t\t\t\t\t\t(WhatsApp)\t\t\t\t\t<\/p>\n\t\t\t\t\n\t\t\t<\/div>\n\t\t\t\n\t\t<\/div>\n\t\t\t\t\t\t<\/div>\n\t\t\t\t<\/div>\n\t\t\t\t<div class=\"elementor-element elementor-element-7ac8230 elementor-view-stacked elementor-position-inline-start elementor-shape-circle elementor-mobile-position-block-start elementor-widget elementor-widget-icon-box\" data-id=\"7ac8230\" data-element_type=\"widget\" data-e-type=\"widget\" data-widget_type=\"icon-box.default\">\n\t\t\t\t<div class=\"elementor-widget-container\">\n\t\t\t\t\t\t\t<div class=\"elementor-icon-box-wrapper\">\n\n\t\t\t\t\t\t<div class=\"elementor-icon-box-icon\">\n\t\t\t\t<a href=\"mailto:faleconosco@mapma.com.br\" class=\"elementor-icon\" tabindex=\"-1\" aria-label=\"faleconosco@mapma.com.br\">\n\t\t\t\t<svg xmlns=\"http:\/\/www.w3.org\/2000\/svg\" xmlns:xlink=\"http:\/\/www.w3.org\/1999\/xlink\" id=\"Layer_1\" x=\"0px\" y=\"0px\" viewBox=\"0 0 122.88 70.51\" style=\"enable-background:new 0 0 122.88 70.51\" xml:space=\"preserve\"><style type=\"text\/css\">.st0{fill-rule:evenodd;clip-rule:evenodd;}<\/style><g><path class=\"st0\" d=\"M2.54,65.44h12.59c-0.93-0.24-1.63-1.1-1.63-2.1V2.17C13.5,0.98,14.48,0,15.67,0h90.97 c1.19,0,2.17,0.98,2.17,2.17v61.16c0,1.01-0.69,1.86-1.63,2.1h13.16c1.4,0,2.54,1.14,2.54,2.54v0c0,1.4-1.14,2.54-2.54,2.54H2.54 c-1.4,0-2.54-1.14-2.54-2.54v0C0,66.58,1.14,65.44,2.54,65.44L2.54,65.44z M17.21,3.4h88.19v59.32H17.21V3.4L17.21,3.4z M57.87,66.39h7.14c0.67,0,1.22,0.55,1.22,1.22l0,0c0,0.67-0.55,1.22-1.22,1.22h-7.14c-0.67,0-1.22-0.55-1.22-1.22l0,0 C56.65,66.93,57.2,66.39,57.87,66.39L57.87,66.39z\"><\/path><\/g><\/svg>\t\t\t\t<\/a>\n\t\t\t<\/div>\n\t\t\t\n\t\t\t\t\t\t<div class=\"elementor-icon-box-content\">\n\n\t\t\t\t\t\t\t\t\t<h3 class=\"elementor-icon-box-title\">\n\t\t\t\t\t\t<a href=\"mailto:faleconosco@mapma.com.br\" >\n\t\t\t\t\t\t\tfaleconosco@mapma.com.br\t\t\t\t\t\t<\/a>\n\t\t\t\t\t<\/h3>\n\t\t\t\t\n\t\t\t\t\n\t\t\t<\/div>\n\t\t\t\n\t\t<\/div>\n\t\t\t\t\t\t<\/div>\n\t\t\t\t<\/div>\n\t\t\t\t\t<\/div>\n\t\t\t\t<\/div>\n\t\t\t\t<\/div>\n\t\t","protected":false},"excerpt":{"rendered":"<p>Cobrimos as cota\u00e7\u00f5es do seguro do seu autom\u00f3vel REGULAMENTO 1 \u2013 Vig\u00eancia da campanha.A promo\u00e7\u00e3o ter\u00e1 in\u00edcio no dia 10 de fevereiro de 2025 e se encerrar\u00e1 \u00e0s 17:00 horas do dia 31 de mar\u00e7o de 2025, podendo ser prorrogada por per\u00edodo a ser definido. 2 \u2013 Prop\u00f3sito da campanha.A corretora Mapma em parceria com [&hellip;]<\/p>\n","protected":false},"author":1,"featured_media":0,"parent":0,"menu_order":0,"comment_status":"closed","ping_status":"closed","template":"","meta":{"_joinchat":[],"footnotes":""},"class_list":["post-1255","page","type-page","status-publish","hentry"],"_links":{"self":[{"href":"https:\/\/www.mapma.com.br\/abrigo\/wp-json\/wp\/v2\/pages\/1255","targetHints":{"allow":["GET"]}}],"collection":[{"href":"https:\/\/www.mapma.com.br\/abrigo\/wp-json\/wp\/v2\/pages"}],"about":[{"href":"https:\/\/www.mapma.com.br\/abrigo\/wp-json\/wp\/v2\/types\/page"}],"author":[{"embeddable":true,"href":"https:\/\/www.mapma.com.br\/abrigo\/wp-json\/wp\/v2\/users\/1"}],"replies":[{"embeddable":true,"href":"https:\/\/www.mapma.com.br\/abrigo\/wp-json\/wp\/v2\/comments?post=1255"}],"version-history":[{"count":233,"href":"https:\/\/www.mapma.com.br\/abrigo\/wp-json\/wp\/v2\/pages\/1255\/revisions"}],"predecessor-version":[{"id":2457,"href":"https:\/\/www.mapma.com.br\/abrigo\/wp-json\/wp\/v2\/pages\/1255\/revisions\/2457"}],"wp:attachment":[{"href":"https:\/\/www.mapma.com.br\/abrigo\/wp-json\/wp\/v2\/media?parent=1255"}],"curies":[{"name":"wp","href":"https:\/\/api.w.org\/{rel}","templated":true}]}}